{"id":14295,"date":"2025-04-22T14:12:47","date_gmt":"2025-04-22T13:12:47","guid":{"rendered":"https:\/\/autopdz.com\/product\/verrouillage-centralise-haute-sensibilite-toyota\/"},"modified":"2026-04-07T14:30:17","modified_gmt":"2026-04-07T13:30:17","slug":"verrouillage-centralise-haute-sensibilite-toyota","status":"publish","type":"product","link":"https:\/\/autopdz.com\/ar\/product\/verrouillage-centralise-haute-sensibilite-toyota\/","title":{"rendered":"Verrouillage centralis\u00e9 haute sensibilit\u00e9 Toyota BEMAZ"},"content":{"rendered":"<p>Instructions d&rsquo;entr\u00e9e sans cl\u00e9<\/p>\n<p>1. Verrouillage : Appuyez une fois sur le bouton<\/p>\n<p>de la t\u00e9l\u00e9commande, les feux de stationnement clignotent une fois et le verrouillage centralis\u00e9 se verrouille.<\/p>\n<p>2. D\u00e9verrouillage : Appuyez une fois sur le bouton de la t\u00e9l\u00e9commande, les feux de stationnement clignotent deux fois et le verrouillage centralis\u00e9 se d\u00e9verrouille.<\/p>\n<p>3. Localisation : Une fois le v\u00e9hicule verrouill\u00e9, appuyez une fois sur le bouton de la t\u00e9l\u00e9commande pour localiser le v\u00e9hicule, les feux de stationnement clignotent cinq fois et le verrouillage centralis\u00e9 se verrouille une fois.<\/p>\n<p>4. D\u00e9verrouillage du coffre \u00e0 distance : Appuyez sur le bouton de la t\u00e9l\u00e9commande et maintenez-le enfonc\u00e9 pendant 2 secondes ou appuyez une fois sur le bouton X pour ouvrir le coffre.<\/p>\n<p>5. Option de dur\u00e9e du syst\u00e8me de verrouillage centralis\u00e9 des portes<\/p>\n<p>La position 1 correspond \u00e0 0,5 seconde pour le verrouillage centralis\u00e9 \u00e9lectrique.<\/p>\n<p>La position 2 correspond \u00e0 3,5 secondes pour le verrouillage centralis\u00e9 pneumatique.<\/p>\n<p>Le r\u00e9glage d&rsquo;usine est le verrouillage centralis\u00e9 \u00e9lectrique.<\/p>\n<p>6. Processus d&rsquo;apprentissage de l&rsquo;\u00e9metteur<\/p>\n<p>a. Appuyez une fois sur le commutateur d&rsquo;apprentissage du module de commande, les feux de stationnement s&rsquo;allument en continu, puis appuyez une fois sur n&rsquo;importe quel bouton de la t\u00e9l\u00e9commande \u00e0 apprendre, les feux de stationnement s&rsquo;\u00e9teignent et indiquent la r\u00e9ussite de l&rsquo;apprentissage<\/p>\n<p>b. R\u00e9p\u00e9tez les m\u00eames proc\u00e9dures ci-dessus pour l&rsquo;apprentissage maximum de 6 \u00e9metteurs.<\/p>\n<p>7. Pour supprimer un \u00e9metteur de la m\u00e9moire<\/p>\n<p>Appuyez sur l&rsquo;interrupteur d&rsquo;apprentissage du module de commande et maintenez-le enfonc\u00e9 pendant 3 secondes. Les feux de stationnement clignoteront 5 fois, indiquant que l&rsquo;\u00e9metteur a \u00e9t\u00e9 effac\u00e9<\/p>","protected":false},"excerpt":{"rendered":"<p>Instructions d&rsquo;entr\u00e9e sans cl\u00e9 1. Verrouillage : Appuyez une fois sur le bouton de la t\u00e9l\u00e9commande, les feux de stationnement clignotent une fois et le verrouillage centralis\u00e9 se verrouille. 2. D\u00e9verrouillage : Appuyez une fois sur le bouton de la t\u00e9l\u00e9commande, les feux de stationnement clignotent deux fois et le verrouillage centralis\u00e9 se d\u00e9verrouille. 3. [&hellip;]<\/p>","protected":false},"featured_media":14291,"comment_status":"open","ping_status":"closed","template":"","meta":[],"product_brand":[],"product_cat":[24],"product_tag":[],"class_list":{"0":"post-14295","1":"product","2":"type-product","3":"status-publish","4":"has-post-thumbnail","6":"product_cat-accessoires-interieur","8":"first","9":"instock","10":"shipping-taxable","11":"purchasable","12":"product-type-simple"},"jetpack_sharing_enabled":true,"_links":{"self":[{"href":"https:\/\/autopdz.com\/ar\/wp-json\/wp\/v2\/product\/14295","targetHints":{"allow":["GET"]}}],"collection":[{"href":"https:\/\/autopdz.com\/ar\/wp-json\/wp\/v2\/product"}],"about":[{"href":"https:\/\/autopdz.com\/ar\/wp-json\/wp\/v2\/types\/product"}],"replies":[{"embeddable":true,"href":"https:\/\/autopdz.com\/ar\/wp-json\/wp\/v2\/comments?post=14295"}],"wp:featuredmedia":[{"embeddable":true,"href":"https:\/\/autopdz.com\/ar\/wp-json\/wp\/v2\/media\/14291"}],"wp:attachment":[{"href":"https:\/\/autopdz.com\/ar\/wp-json\/wp\/v2\/media?parent=14295"}],"wp:term":[{"taxonomy":"product_brand","embeddable":true,"href":"https:\/\/autopdz.com\/ar\/wp-json\/wp\/v2\/product_brand?post=14295"},{"taxonomy":"product_cat","embeddable":true,"href":"https:\/\/autopdz.com\/ar\/wp-json\/wp\/v2\/product_cat?post=14295"},{"taxonomy":"product_tag","embeddable":true,"href":"https:\/\/autopdz.com\/ar\/wp-json\/wp\/v2\/product_tag?post=14295"}],"curies":[{"name":"wp","href":"https:\/\/api.w.org\/{rel}","templated":true}]}}