{"id":14298,"date":"2025-04-22T14:42:09","date_gmt":"2025-04-22T13:42:09","guid":{"rendered":"https:\/\/autopdz.com\/product\/renovateur-optique-polaneza-200ml\/"},"modified":"2025-04-22T14:42:09","modified_gmt":"2025-04-22T13:42:09","slug":"renovateur-optique-polaneza-200ml","status":"publish","type":"product","link":"https:\/\/autopdz.com\/ar\/product\/renovateur-optique-polaneza-200ml\/","title":{"rendered":"R\u00e9novateur Optique Polaneza 200ml"},"content":{"rendered":"<p>permettra d&rsquo;\u00e9liminer l&rsquo;oxydation des optiques et redonnera la brillance d&rsquo;origine<\/p>\n<p>INSTRUCTIONS: Travailler sur un optique propre et sec, mettre quelques gouttes sur une microfibre et frotter l&rsquo;optique en faisant des mouvements circulaires, retourner la Microfibre pour retirer l&rsquo;exc\u00e9dent de mati\u00e8re. Si l&rsquo;optique reste encore l\u00e9g\u00e8rement oxyd\u00e9 continuer la m\u00eame op\u00e9ration jusqu&rsquo;\u00e0 l&rsquo;\u00e9limination d\u00e9finitive de l&rsquo;oxydatin Vous pouvez \u00e9galement utiliser une Lustreuse pour r\u00e9aliser cette op\u00e9ration avec un tampon abrasif<\/p>\n<p>LES ASTUCES: Ne pas utiliser en plein soleil ou si la surface est br\u00fblante.<\/p>\n<p>Par temps chaud, appliquer \u00e0 l&rsquo;aide d&rsquo;un chiffon mouill\u00e9. Ultra lamp peut tacher. Eviter tout contact avec les garnitures plastiques et bandes en caoutchouc. En cas d&rsquo;application accidentelle, retirer imm\u00e9diatement \u00e0 l&rsquo;aide d&rsquo;un d\u00e9tergent doux, utiliser une brosse \u00e0 on douce sur les surfaces textur\u00e9es. Sur des v\u00e9hicules plus anciens \u00e0 la peinture oxyd\u00e9e. utiliser une cire lustrante polaneza pour restaurer la finition. Tenir hors de port\u00e9e des<\/p>","protected":false},"excerpt":{"rendered":"<p>permettra d&rsquo;\u00e9liminer l&rsquo;oxydation des optiques et redonnera la brillance d&rsquo;origine INSTRUCTIONS: Travailler sur un optique propre et sec, mettre quelques gouttes sur une microfibre et frotter l&rsquo;optique en faisant des mouvements circulaires, retourner la Microfibre pour retirer l&rsquo;exc\u00e9dent de mati\u00e8re. Si l&rsquo;optique reste encore l\u00e9g\u00e8rement oxyd\u00e9 continuer la m\u00eame op\u00e9ration jusqu&rsquo;\u00e0 l&rsquo;\u00e9limination d\u00e9finitive de l&rsquo;oxydatin [&hellip;]<\/p>","protected":false},"featured_media":14296,"comment_status":"open","ping_status":"closed","template":"","meta":[],"product_brand":[],"product_cat":[15],"product_tag":[],"class_list":{"0":"post-14298","1":"product","2":"type-product","3":"status-publish","4":"has-post-thumbnail","6":"product_cat-divers","8":"first","9":"instock","10":"shipping-taxable","11":"purchasable","12":"product-type-simple"},"jetpack_sharing_enabled":true,"_links":{"self":[{"href":"https:\/\/autopdz.com\/ar\/wp-json\/wp\/v2\/product\/14298","targetHints":{"allow":["GET"]}}],"collection":[{"href":"https:\/\/autopdz.com\/ar\/wp-json\/wp\/v2\/product"}],"about":[{"href":"https:\/\/autopdz.com\/ar\/wp-json\/wp\/v2\/types\/product"}],"replies":[{"embeddable":true,"href":"https:\/\/autopdz.com\/ar\/wp-json\/wp\/v2\/comments?post=14298"}],"wp:featuredmedia":[{"embeddable":true,"href":"https:\/\/autopdz.com\/ar\/wp-json\/wp\/v2\/media\/14296"}],"wp:attachment":[{"href":"https:\/\/autopdz.com\/ar\/wp-json\/wp\/v2\/media?parent=14298"}],"wp:term":[{"taxonomy":"product_brand","embeddable":true,"href":"https:\/\/autopdz.com\/ar\/wp-json\/wp\/v2\/product_brand?post=14298"},{"taxonomy":"product_cat","embeddable":true,"href":"https:\/\/autopdz.com\/ar\/wp-json\/wp\/v2\/product_cat?post=14298"},{"taxonomy":"product_tag","embeddable":true,"href":"https:\/\/autopdz.com\/ar\/wp-json\/wp\/v2\/product_tag?post=14298"}],"curies":[{"name":"wp","href":"https:\/\/api.w.org\/{rel}","templated":true}]}}