{"id":14355,"date":"2025-04-23T12:34:21","date_gmt":"2025-04-23T11:34:21","guid":{"rendered":"https:\/\/autopdz.com\/product\/ventilateur-portable-a-pince-chargement-usb-avec-led\/"},"modified":"2025-04-23T12:34:21","modified_gmt":"2025-04-23T11:34:21","slug":"ventilateur-portable-a-pince-chargement-usb-avec-led","status":"publish","type":"product","link":"https:\/\/autopdz.com\/ar\/product\/ventilateur-portable-a-pince-chargement-usb-avec-led\/","title":{"rendered":"Ventilateur portable \u00e0 pince  chargement USB avec LED"},"content":{"rendered":"<p>Mode de vitesse : 3 vitesses<\/p>\n<p>Tension d&rsquo;entr\u00e9e : 5 V<\/p>\n<p>Courant d&rsquo;entr\u00e9e : 0,2-0,04 A<\/p>\n<p>Tension de sortie : 3-4,5 V<\/p>\n<p>Puissance de sortie : 1,5 W<\/p>\n<p>Tension de la batterie : 3,7 V<\/p>\n<p>Temps de charge : 2 \u00e0 4 heures<\/p>\n<p>Mode d&#8217;emploi :<\/p>\n<p>1. Veuillez charger compl\u00e8tement le produit avant de l&rsquo;utiliser pour la premi\u00e8re fois. Vous pouvez \u00e9galement utiliser une banque d&rsquo;alimentation mobile ou un ordinateur pour le charger.<\/p>\n<p>2. Appuyez une fois sur le bouton de l&rsquo;interrupteur pour d\u00e9marrer le ventilateur. Lorsque le produit est \u00e0 la vitesse la plus basse, appuyez \u00e0 nouveau dessus pour passer \u00e0 la vitesse 3, puis appuyez \u00e0 nouveau dessus pour \u00e9teindre le ventilateur. Ceci termine un cycle.<\/p>\n<p>3. Lorsque la tension de la batterie est faible, le ventilateur s&rsquo;arr\u00eate automatiquement. Veuillez le charger \u00e0 temps.<\/p>\n<p>Choses \u00e0 noter :<\/p>\n<p>1. Les enfants de moins de 10 ans doivent utiliser ce produit sous la surveillance d&rsquo;un adulte. Ne mettez pas vos doigts dans le ventilateur pour \u00e9viter les coupures,<\/p>\n<p>2. Ne placez pas ce produit dans des zones extr\u00eames telles que l&rsquo;humidit\u00e9, les temp\u00e9ratures \u00e9lev\u00e9es et l&rsquo;exposition au soleil.<\/p>\n<p>3. L&rsquo;installation de la source d&rsquo;alimentation et de la prise de charge doit \u00eatre conforme aux r\u00e8gles de s\u00e9curit\u00e9.<\/p>\n<p>4. Veuillez utiliser le c\u00e2ble USB d&rsquo;origine et n&rsquo;utilisez pas d&rsquo;autres c\u00e2bles non qualifi\u00e9s pour \u00e9viter l&rsquo;expansion et les fuites de la batterie<\/p>\n<p>5. N&rsquo;utilisez pas le produit pendant qu&rsquo;il est en charge. Le temps de charge ne doit pas d\u00e9passer 6 heures (veuillez d\u00e9brancher l&rsquo;alimentation de charge lorsque le ventilateur n&rsquo;est pas utilis\u00e9 ou lorsqu&rsquo;il n&rsquo;y a personne \u00e0 proximit\u00e9)<\/p>\n<p>6. Lorsqu&rsquo;il n&rsquo;est pas utilis\u00e9 pendant une longue p\u00e9riode, il doit \u00eatre compl\u00e8tement charg\u00e9 et stock\u00e9. Rechargez une fois tous les 3 mois.<\/p>\n<p>7. Si une anomalie survient lors de l&rsquo;utilisation de ce produit, veuillez cesser imm\u00e9diatement de l&rsquo;utiliser.<\/p>","protected":false},"excerpt":{"rendered":"<p>Mode de vitesse : 3 vitesses Tension d&rsquo;entr\u00e9e : 5 V Courant d&rsquo;entr\u00e9e : 0,2-0,04 A Tension de sortie : 3-4,5 V Puissance de sortie : 1,5 W Tension de la batterie : 3,7 V Temps de charge : 2 \u00e0 4 heures Mode d&#8217;emploi : 1. Veuillez charger compl\u00e8tement le produit avant de l&rsquo;utiliser [&hellip;]<\/p>","protected":false},"featured_media":14350,"comment_status":"open","ping_status":"closed","template":"","meta":[],"product_brand":[],"product_cat":[26,24],"product_tag":[],"class_list":{"0":"post-14355","1":"product","2":"type-product","3":"status-publish","4":"has-post-thumbnail","6":"product_cat-accessoires-exterieur","7":"product_cat-accessoires-interieur","9":"first","10":"instock","11":"shipping-taxable","12":"purchasable","13":"product-type-simple"},"jetpack_sharing_enabled":true,"_links":{"self":[{"href":"https:\/\/autopdz.com\/ar\/wp-json\/wp\/v2\/product\/14355","targetHints":{"allow":["GET"]}}],"collection":[{"href":"https:\/\/autopdz.com\/ar\/wp-json\/wp\/v2\/product"}],"about":[{"href":"https:\/\/autopdz.com\/ar\/wp-json\/wp\/v2\/types\/product"}],"replies":[{"embeddable":true,"href":"https:\/\/autopdz.com\/ar\/wp-json\/wp\/v2\/comments?post=14355"}],"wp:featuredmedia":[{"embeddable":true,"href":"https:\/\/autopdz.com\/ar\/wp-json\/wp\/v2\/media\/14350"}],"wp:attachment":[{"href":"https:\/\/autopdz.com\/ar\/wp-json\/wp\/v2\/media?parent=14355"}],"wp:term":[{"taxonomy":"product_brand","embeddable":true,"href":"https:\/\/autopdz.com\/ar\/wp-json\/wp\/v2\/product_brand?post=14355"},{"taxonomy":"product_cat","embeddable":true,"href":"https:\/\/autopdz.com\/ar\/wp-json\/wp\/v2\/product_cat?post=14355"},{"taxonomy":"product_tag","embeddable":true,"href":"https:\/\/autopdz.com\/ar\/wp-json\/wp\/v2\/product_tag?post=14355"}],"curies":[{"name":"wp","href":"https:\/\/api.w.org\/{rel}","templated":true}]}}