{"id":14361,"date":"2025-04-23T12:45:13","date_gmt":"2025-04-23T11:45:13","guid":{"rendered":"https:\/\/autopdz.com\/product\/compresseur-dair-portable-10bar-2000mah-avec-torche\/"},"modified":"2025-04-23T12:45:13","modified_gmt":"2025-04-23T11:45:13","slug":"compresseur-dair-portable-10bar-2000mah-avec-torche","status":"publish","type":"product","link":"https:\/\/autopdz.com\/ar\/product\/compresseur-dair-portable-10bar-2000mah-avec-torche\/","title":{"rendered":"Compresseur d&rsquo;air portable 10Bar 2000mAh Avec Torche"},"content":{"rendered":"<p id=\"isPasted\" style=\"margin:0px0px1.25rem;padding:0px;max-width:100vw!important;width:auto!important;font-family:Lato;font-style:normal;font-weight:500;letter-spacing:0.44px;text-transform:none;text-align:left\">Banque d&rsquo;alimentation pour compresseur d&rsquo;air<\/p>\n<p style=\"margin:0px0px1.25rem;padding:0px;max-width:100vw!important;width:auto!important;font-family:Lato;font-style:normal;font-weight:500;letter-spacing:0.44px;text-transform:none;text-align:left\">Une banque d&rsquo;alimentation pour compresseur d&rsquo;air est un appareil pratique qui combine les fonctions d&rsquo;une banque d&rsquo;alimentation avec celles d&rsquo;un compresseur d&rsquo;air. Il est con\u00e7u pour offrir un stockage d\u2019\u00e9nergie portable et la possibilit\u00e9 de gonfler des pneus, des \u00e9quipements sportifs ou d\u2019autres objets gonflables.<\/p>\n<p style=\"margin:0px0px1.25rem;padding:0px;max-width:100vw!important;width:auto!important;font-family:Lato;font-size:15.4px;font-style:normal;font-weight:500;letter-spacing:0.44px;text-transform:none;text-align:left\"><span style=\"margin:0px;padding:0px;max-width:100vw!important;width:auto!important;font-size:14px\">Voici un bref aper\u00e7u de ses fonctionnalit\u00e9s typiques :<\/span><\/p>\n<p style=\"margin:0px0px1.25rem;padding:0px;max-width:100vw!important;width:auto!important;font-family:Lato;font-size:15.4px;font-style:normal;font-weight:500;letter-spacing:0.44px;text-transform:none;text-align:left\"><span style=\"margin:0px;padding:0px;max-width:100vw!important;width:auto!important;font-size:14px\">Fonctionnalit\u00e9 Power Bank : Il peut charger des appareils \u00e9lectroniques tels que des smartphones, des tablettes ou d\u2019autres gadgets aliment\u00e9s par USB. La capacit\u00e9 varie g\u00e9n\u00e9ralement de 5 000 \u00e0 20 000 mAh selon le mod\u00e8le.<\/span><\/p>\n<p style=\"margin:0px0px1.25rem;padding:0px;max-width:100vw!important;width:auto!important;font-family:Lato;font-size:15.4px;font-style:normal;font-weight:500;letter-spacing:0.44px;text-transform:none;text-align:left\"><span style=\"margin:0px;padding:0px;max-width:100vw!important;width:auto!important;font-size:14px\">Fonctionnalit\u00e9 du compresseur d\u2019air : Il comprend un compresseur d\u2019air int\u00e9gr\u00e9 qui peut gonfler des pneus, des ballons ou d\u2019autres objets gonflables.<\/span><\/p>\n<p style=\"margin:0px0px1.25rem;padding:0px;max-width:100vw!important;width:auto!important;font-family:Lato;font-size:15.4px;font-style:normal;font-weight:500;letter-spacing:0.44px;text-transform:none;text-align:left\"><span style=\"margin:0px;padding:0px;max-width:100vw!important;width:auto!important;font-size:14px\">Portabilit\u00e9 : Il est compact et con\u00e7u pour un transport facile, ce qui le rend id\u00e9al pour les voyages en voiture ou les situations d&rsquo;urgence.<\/span><\/p>\n<p style=\"margin:0px;padding:0px;max-width:100vw!important;width:auto!important;font-family:Lato;font-size:15.4px;font-style:normal;font-weight:500;letter-spacing:0.44px;text-transform:none;text-align:left\"><span style=\"margin:0px;padding:0px;max-width:100vw!important;width:auto!important;font-size:14px\">Caract\u00e9ristiques suppl\u00e9mentaires : Dispose de lumi\u00e8res LED pour l&rsquo;\u00e9clairage, de manom\u00e8tres num\u00e9riques ou de fonctions d&rsquo;arr\u00eat automatique pour \u00e9viter un gonflage excessif.<\/span><\/p>","protected":false},"excerpt":{"rendered":"<p>Banque d&rsquo;alimentation pour compresseur d&rsquo;air Une banque d&rsquo;alimentation pour compresseur d&rsquo;air est un appareil pratique qui combine les fonctions d&rsquo;une banque d&rsquo;alimentation avec celles d&rsquo;un compresseur d&rsquo;air. Il est con\u00e7u pour offrir un stockage d\u2019\u00e9nergie portable et la possibilit\u00e9 de gonfler des pneus, des \u00e9quipements sportifs ou d\u2019autres objets gonflables. Voici un bref aper\u00e7u de [&hellip;]<\/p>","protected":false},"featured_media":14358,"comment_status":"open","ping_status":"closed","template":"","meta":[],"product_brand":[],"product_cat":[26,24],"product_tag":[],"class_list":{"0":"post-14361","1":"product","2":"type-product","3":"status-publish","4":"has-post-thumbnail","6":"product_cat-accessoires-exterieur","7":"product_cat-accessoires-interieur","9":"first","10":"instock","11":"shipping-taxable","12":"purchasable","13":"product-type-simple"},"jetpack_sharing_enabled":true,"_links":{"self":[{"href":"https:\/\/autopdz.com\/ar\/wp-json\/wp\/v2\/product\/14361","targetHints":{"allow":["GET"]}}],"collection":[{"href":"https:\/\/autopdz.com\/ar\/wp-json\/wp\/v2\/product"}],"about":[{"href":"https:\/\/autopdz.com\/ar\/wp-json\/wp\/v2\/types\/product"}],"replies":[{"embeddable":true,"href":"https:\/\/autopdz.com\/ar\/wp-json\/wp\/v2\/comments?post=14361"}],"wp:featuredmedia":[{"embeddable":true,"href":"https:\/\/autopdz.com\/ar\/wp-json\/wp\/v2\/media\/14358"}],"wp:attachment":[{"href":"https:\/\/autopdz.com\/ar\/wp-json\/wp\/v2\/media?parent=14361"}],"wp:term":[{"taxonomy":"product_brand","embeddable":true,"href":"https:\/\/autopdz.com\/ar\/wp-json\/wp\/v2\/product_brand?post=14361"},{"taxonomy":"product_cat","embeddable":true,"href":"https:\/\/autopdz.com\/ar\/wp-json\/wp\/v2\/product_cat?post=14361"},{"taxonomy":"product_tag","embeddable":true,"href":"https:\/\/autopdz.com\/ar\/wp-json\/wp\/v2\/product_tag?post=14361"}],"curies":[{"name":"wp","href":"https:\/\/api.w.org\/{rel}","templated":true}]}}