{"id":14368,"date":"2025-04-23T13:51:48","date_gmt":"2025-04-23T12:51:48","guid":{"rendered":"https:\/\/autopdz.com\/product\/coussin-de-chaise-en-silicone-3d\/"},"modified":"2026-04-06T14:14:41","modified_gmt":"2026-04-06T13:14:41","slug":"coussin-de-chaise-en-silicone-3d","status":"publish","type":"product","link":"https:\/\/autopdz.com\/ar\/product\/coussin-de-chaise-en-silicone-3d\/","title":{"rendered":"Coussin de Chaise en Silicone 3D"},"content":{"rendered":"<p>Mat\u00e9riau en gel souple avec une excellente perm\u00e9abilit\u00e9 \u00e0 l&rsquo;air<\/p>\n<p>Structure \u00e9lastique confortable<\/p>\n<p>Conception de ventilation pour maintenir la circulation de l&rsquo;air.<\/p>\n<p>Motif en silicone antid\u00e9rapant<\/p>\n<p>Structure fonctionnelle pour pr\u00e9venir les maladies anales<\/p>\n<p>Structure avec r\u00e9glage suppl\u00e9mentaire de la hauteur du rembourrage<\/p>\n<p>Soutien stable<\/p>\n<p>Nom du produit : Coussin double gel en nid d&rsquo;abeille Premium<\/p>\n<p>Tissu : Fibre de polyester<\/p>\n<p>Noyau int\u00e9rieur : Gel en nid d&rsquo;abeille<\/p>\n<p>Couleur : Noir<\/p>\n<p>Taille : 18,7&Prime; 18,5&Prime; 1,4&Prime;<\/p>\n<p>Fabriqu\u00e9 en Chine<\/p>","protected":false},"excerpt":{"rendered":"<p>Mat\u00e9riau en gel souple avec une excellente perm\u00e9abilit\u00e9 \u00e0 l&rsquo;air Structure \u00e9lastique confortable Conception de ventilation pour maintenir la circulation de l&rsquo;air. Motif en silicone antid\u00e9rapant Structure fonctionnelle pour pr\u00e9venir les maladies anales Structure avec r\u00e9glage suppl\u00e9mentaire de la hauteur du rembourrage Soutien stable Nom du produit : Coussin double gel en nid d&rsquo;abeille Premium [&hellip;]<\/p>","protected":false},"featured_media":14364,"comment_status":"open","ping_status":"closed","template":"","meta":[],"product_brand":[],"product_cat":[24],"product_tag":[],"class_list":{"0":"post-14368","1":"product","2":"type-product","3":"status-publish","4":"has-post-thumbnail","6":"product_cat-accessoires-interieur","8":"first","9":"instock","10":"shipping-taxable","11":"purchasable","12":"product-type-simple"},"jetpack_sharing_enabled":true,"_links":{"self":[{"href":"https:\/\/autopdz.com\/ar\/wp-json\/wp\/v2\/product\/14368","targetHints":{"allow":["GET"]}}],"collection":[{"href":"https:\/\/autopdz.com\/ar\/wp-json\/wp\/v2\/product"}],"about":[{"href":"https:\/\/autopdz.com\/ar\/wp-json\/wp\/v2\/types\/product"}],"replies":[{"embeddable":true,"href":"https:\/\/autopdz.com\/ar\/wp-json\/wp\/v2\/comments?post=14368"}],"wp:featuredmedia":[{"embeddable":true,"href":"https:\/\/autopdz.com\/ar\/wp-json\/wp\/v2\/media\/14364"}],"wp:attachment":[{"href":"https:\/\/autopdz.com\/ar\/wp-json\/wp\/v2\/media?parent=14368"}],"wp:term":[{"taxonomy":"product_brand","embeddable":true,"href":"https:\/\/autopdz.com\/ar\/wp-json\/wp\/v2\/product_brand?post=14368"},{"taxonomy":"product_cat","embeddable":true,"href":"https:\/\/autopdz.com\/ar\/wp-json\/wp\/v2\/product_cat?post=14368"},{"taxonomy":"product_tag","embeddable":true,"href":"https:\/\/autopdz.com\/ar\/wp-json\/wp\/v2\/product_tag?post=14368"}],"curies":[{"name":"wp","href":"https:\/\/api.w.org\/{rel}","templated":true}]}}