{"id":14372,"date":"2025-04-23T14:10:41","date_gmt":"2025-04-23T13:10:41","guid":{"rendered":"https:\/\/autopdz.com\/?post_type=product&#038;p=14372"},"modified":"2025-12-18T15:09:40","modified_gmt":"2025-12-18T14:09:40","slug":"chiffon-de-nettoyage-en-microfibre","status":"publish","type":"product","link":"https:\/\/autopdz.com\/ar\/product\/chiffon-de-nettoyage-en-microfibre\/","title":{"rendered":"Chiffon de nettoyage en Microfibre"},"content":{"rendered":"<p>SUPER DOUX<\/p>\n<p>Donnez \u00e0 votre voiture un \u00e9clat digne d&rsquo;une salle d&rsquo;exposition<\/p>\n<p>Les fibres minuscules \u00e9liminent les taches en un seul passage<\/p>\n<p>Super absorbant<\/p>","protected":false},"excerpt":{"rendered":"<p>SUPER DOUX Donnez \u00e0 votre voiture un \u00e9clat digne d&rsquo;une salle d&rsquo;exposition Les fibres minuscules \u00e9liminent les taches en un seul passage Super absorbant<\/p>","protected":false},"featured_media":14371,"comment_status":"open","ping_status":"closed","template":"","meta":[],"product_brand":[],"product_cat":[15],"product_tag":[],"class_list":{"0":"post-14372","1":"product","2":"type-product","3":"status-publish","4":"has-post-thumbnail","6":"product_cat-divers","8":"first","9":"outofstock","10":"shipping-taxable","11":"purchasable","12":"product-type-variable"},"jetpack_sharing_enabled":true,"_links":{"self":[{"href":"https:\/\/autopdz.com\/ar\/wp-json\/wp\/v2\/product\/14372","targetHints":{"allow":["GET"]}}],"collection":[{"href":"https:\/\/autopdz.com\/ar\/wp-json\/wp\/v2\/product"}],"about":[{"href":"https:\/\/autopdz.com\/ar\/wp-json\/wp\/v2\/types\/product"}],"replies":[{"embeddable":true,"href":"https:\/\/autopdz.com\/ar\/wp-json\/wp\/v2\/comments?post=14372"}],"wp:featuredmedia":[{"embeddable":true,"href":"https:\/\/autopdz.com\/ar\/wp-json\/wp\/v2\/media\/14371"}],"wp:attachment":[{"href":"https:\/\/autopdz.com\/ar\/wp-json\/wp\/v2\/media?parent=14372"}],"wp:term":[{"taxonomy":"product_brand","embeddable":true,"href":"https:\/\/autopdz.com\/ar\/wp-json\/wp\/v2\/product_brand?post=14372"},{"taxonomy":"product_cat","embeddable":true,"href":"https:\/\/autopdz.com\/ar\/wp-json\/wp\/v2\/product_cat?post=14372"},{"taxonomy":"product_tag","embeddable":true,"href":"https:\/\/autopdz.com\/ar\/wp-json\/wp\/v2\/product_tag?post=14372"}],"curies":[{"name":"wp","href":"https:\/\/api.w.org\/{rel}","templated":true}]}}