{"id":14521,"date":"2025-04-26T11:51:50","date_gmt":"2025-04-26T10:51:50","guid":{"rendered":"https:\/\/autopdz.com\/product\/moniteur-de-retroviseur-full-hd-7-pouces\/"},"modified":"2026-01-24T08:58:50","modified_gmt":"2026-01-24T07:58:50","slug":"moniteur-de-retroviseur-full-hd-7-pouces","status":"publish","type":"product","link":"https:\/\/autopdz.com\/ar\/product\/moniteur-de-retroviseur-full-hd-7-pouces\/","title":{"rendered":"Moniteur de r\u00e9troviseur Full HD 7 pouces"},"content":{"rendered":"<p>Lecteur de r\u00e9troviseur MP5 7 pouces, cam\u00e9ra de recul Full HD, \u00e9cran LCD, moniteur de r\u00e9troviseur, transmetteur FM, compatible Bluetooth, marche arri\u00e8re automatique<\/p>\n<p>Fonctionnalit\u00e9 :<\/p>\n<p>1. Compatibilit\u00e9 universelle : le lecteur de r\u00e9troviseur MP5 7 pouces est un \u00e9cran universel qui peut \u00eatre install\u00e9 sur n&rsquo;importe quel mod\u00e8le de v\u00e9hicule. Il remplace facilement le r\u00e9troviseur existant et offre deux canaux d&rsquo;entr\u00e9e : un pour la lecture vid\u00e9o et un autre pour une cam\u00e9ra de recul (la priorit\u00e9 \u00e9tant donn\u00e9e \u00e0 la cam\u00e9ra de recul). Cela garantit la compatibilit\u00e9 avec diff\u00e9rents mod\u00e8les de voitures.<\/p>\n<p>2. Fonctionnalit\u00e9 multim\u00e9dia : cette cam\u00e9ra de recul est un appareil multim\u00e9dia polyvalent. Elle fonctionne comme un \u00e9cran DVD\/VCD, prend en charge les entr\u00e9es USB et carte TF et est compatible avec divers formats tels que RMVB\/MPEG1-MPEG4, MP3, AVI, VOB, WMA et JPG. Regardez des films ou \u00e9coutez de la musique pendant que vous \u00eates sur la route.<\/p>\n<p>Non<\/p>\n<p>3. Transition transparente : gr\u00e2ce \u00e0 sa fonction de m\u00e9moire int\u00e9gr\u00e9e, ce moniteur de r\u00e9troviseur offre une transition transparente entre la lecture vid\u00e9oet affichage de la cam\u00e9ra de recul. Lors de la lecture d&rsquo;un film, il passe automatiquement \u00e0 la vue de la cam\u00e9ra AV2 lorsque le v\u00e9hicule est en marche arri\u00e8re. Une fois la man\u0153uvre de marche arri\u00e8re termin\u00e9e, il revient en toute transparence \u00e0 l&rsquo;\u00e9cran du lecteur MP5, poursuivant la lecture sans interruption.<\/p>\n<p>4. Commutation automatique en marche arri\u00e8re : Lorsque le syst\u00e8me est allum\u00e9, le lecteur multim\u00e9dia passe automatiquement \u00e0 l&rsquo;affichage de la cam\u00e9ra de recul lorsque le v\u00e9hicule est en marche arri\u00e8re. Inversement, lorsque le syst\u00e8me est \u00e9teint, il s&rsquo;allume automatiquement et affiche la sc\u00e8ne arri\u00e8re, offrant une vue claire pendant les man\u0153uvres de marche arri\u00e8re, puis s&rsquo;\u00e9teint une fois la marche arri\u00e8re termin\u00e9e.<\/p>\n<p>5. Installation facile et design \u00e9l\u00e9gant :<\/p>\n<p>L&rsquo;installation du lecteur de r\u00e9troviseur est simple et pratique, ne n\u00e9cessitant aucune modification du v\u00e9hicule d&rsquo;origine. Son design s&rsquo;int\u00e8gre parfaitement au style du v\u00e9hicule. Le lecteur est dot\u00e9 d&rsquo;une lentille optique sp\u00e9ciale qui peut \u00eatre utilis\u00e9e comme un r\u00e9troviseur ordinaire lorsque l&rsquo;\u00e9cran est \u00e9teint, garantissant ainsi la s\u00e9curit\u00e9 de conduite. Il est \u00e9galement livr\u00e9 avec une t\u00e9l\u00e9commande multifonction de type carte, prenant en charge les applications de salle de<\/p>\n<p>Pr\u00e9sentation des touches de fonction<\/p>\n<p>Dimensions de l&rsquo;\u00e9cran : 7 pouces<\/p>\n<p>R\u00e9solution : 480 x 234\/800 x 480<\/p>\n<p>Syst\u00e8me : PAL et NTSC<\/p>\n<p>Alimentation : 12 V CC<\/p>\n<p>Consommation : 6 W<\/p>\n<p>Vid\u00e9o : entr\u00e9e vid\u00e9o bidirectionnelle<\/p>\n<p>(1)<\/p>\n<p>Vision arri\u00e8re : l&rsquo;image peut \u00eatre modifi\u00e9e \u00e0 gauche et \u00e0 droite. Mode de fonctionnement : touches et t\u00e9l\u00e9commande<\/p>","protected":false},"excerpt":{"rendered":"<p>Lecteur de r\u00e9troviseur MP5 7 pouces, cam\u00e9ra de recul Full HD, \u00e9cran LCD, moniteur de r\u00e9troviseur, transmetteur FM, compatible Bluetooth, marche arri\u00e8re automatique Fonctionnalit\u00e9 : 1. Compatibilit\u00e9 universelle : le lecteur de r\u00e9troviseur MP5 7 pouces est un \u00e9cran universel qui peut \u00eatre install\u00e9 sur n&rsquo;importe quel mod\u00e8le de v\u00e9hicule. Il remplace facilement le r\u00e9troviseur [&hellip;]<\/p>","protected":false},"featured_media":14519,"comment_status":"open","ping_status":"closed","template":"","meta":[],"product_brand":[],"product_cat":[24],"product_tag":[],"class_list":{"0":"post-14521","1":"product","2":"type-product","3":"status-publish","4":"has-post-thumbnail","6":"product_cat-accessoires-interieur","8":"first","9":"outofstock","10":"shipping-taxable","11":"purchasable","12":"product-type-simple"},"jetpack_sharing_enabled":true,"_links":{"self":[{"href":"https:\/\/autopdz.com\/ar\/wp-json\/wp\/v2\/product\/14521","targetHints":{"allow":["GET"]}}],"collection":[{"href":"https:\/\/autopdz.com\/ar\/wp-json\/wp\/v2\/product"}],"about":[{"href":"https:\/\/autopdz.com\/ar\/wp-json\/wp\/v2\/types\/product"}],"replies":[{"embeddable":true,"href":"https:\/\/autopdz.com\/ar\/wp-json\/wp\/v2\/comments?post=14521"}],"wp:featuredmedia":[{"embeddable":true,"href":"https:\/\/autopdz.com\/ar\/wp-json\/wp\/v2\/media\/14519"}],"wp:attachment":[{"href":"https:\/\/autopdz.com\/ar\/wp-json\/wp\/v2\/media?parent=14521"}],"wp:term":[{"taxonomy":"product_brand","embeddable":true,"href":"https:\/\/autopdz.com\/ar\/wp-json\/wp\/v2\/product_brand?post=14521"},{"taxonomy":"product_cat","embeddable":true,"href":"https:\/\/autopdz.com\/ar\/wp-json\/wp\/v2\/product_cat?post=14521"},{"taxonomy":"product_tag","embeddable":true,"href":"https:\/\/autopdz.com\/ar\/wp-json\/wp\/v2\/product_tag?post=14521"}],"curies":[{"name":"wp","href":"https:\/\/api.w.org\/{rel}","templated":true}]}}