{"id":14586,"date":"2025-04-27T11:54:24","date_gmt":"2025-04-27T10:54:24","guid":{"rendered":"https:\/\/autopdz.com\/product\/embouts-dechappement-double-tuyaux-standard\/"},"modified":"2025-04-27T11:54:24","modified_gmt":"2025-04-27T10:54:24","slug":"embouts-dechappement-double-tuyaux-standard","status":"publish","type":"product","link":"https:\/\/autopdz.com\/ar\/product\/embouts-dechappement-double-tuyaux-standard\/","title":{"rendered":"Embouts D&rsquo;\u00e9chappement Double Tuyaux Standard"},"content":{"rendered":"<p>Le tuyau d&rsquo;\u00e9chappement automobile peut rendre l&rsquo;\u00e9chappement plus lisse, r\u00e9duire le bruit de planification du v\u00e9hicule, am\u00e9liorer la puissance et vous offrir une bonne exp\u00e9rience de conduite.<\/p>\n<p>Embouts D&rsquo;\u00e9chappement Double Tuyaux Tuyaux D&rsquo;\u00e9chappement Embout Silencieux Syst\u00e8me D&rsquo;\u00e9chappement<br \/>\nInstallation facile : aucune vis n\u2019est n\u00e9cessaire. Il suffit de l&rsquo;ins\u00e9rer et d&rsquo;appuyer, il se verrouille.<br \/>\nDes sorties d&rsquo;\u00e9chappement \u00e9l\u00e9gantes peuvent orner votre voiture et lui donner une apparence plus attrayante.<br \/>\nLes tuyaux d&rsquo;\u00e9chappement automobiles r\u00e9duisent la pression d&rsquo;\u00e9chappement et am\u00e9liorent les performances du syst\u00e8me d&rsquo;\u00e9chappement.<\/p>","protected":false},"excerpt":{"rendered":"<p>Le tuyau d&rsquo;\u00e9chappement automobile peut rendre l&rsquo;\u00e9chappement plus lisse, r\u00e9duire le bruit de planification du v\u00e9hicule, am\u00e9liorer la puissance et vous offrir une bonne exp\u00e9rience de conduite. Embouts D&rsquo;\u00e9chappement Double Tuyaux Tuyaux D&rsquo;\u00e9chappement Embout Silencieux Syst\u00e8me D&rsquo;\u00e9chappement Installation facile : aucune vis n\u2019est n\u00e9cessaire. Il suffit de l&rsquo;ins\u00e9rer et d&rsquo;appuyer, il se verrouille. Des sorties [&hellip;]<\/p>","protected":false},"featured_media":14581,"comment_status":"open","ping_status":"closed","template":"","meta":[],"product_brand":[],"product_cat":[26],"product_tag":[],"class_list":{"0":"post-14586","1":"product","2":"type-product","3":"status-publish","4":"has-post-thumbnail","6":"product_cat-accessoires-exterieur","8":"first","9":"instock","10":"shipping-taxable","11":"purchasable","12":"product-type-simple"},"jetpack_sharing_enabled":true,"_links":{"self":[{"href":"https:\/\/autopdz.com\/ar\/wp-json\/wp\/v2\/product\/14586","targetHints":{"allow":["GET"]}}],"collection":[{"href":"https:\/\/autopdz.com\/ar\/wp-json\/wp\/v2\/product"}],"about":[{"href":"https:\/\/autopdz.com\/ar\/wp-json\/wp\/v2\/types\/product"}],"replies":[{"embeddable":true,"href":"https:\/\/autopdz.com\/ar\/wp-json\/wp\/v2\/comments?post=14586"}],"wp:featuredmedia":[{"embeddable":true,"href":"https:\/\/autopdz.com\/ar\/wp-json\/wp\/v2\/media\/14581"}],"wp:attachment":[{"href":"https:\/\/autopdz.com\/ar\/wp-json\/wp\/v2\/media?parent=14586"}],"wp:term":[{"taxonomy":"product_brand","embeddable":true,"href":"https:\/\/autopdz.com\/ar\/wp-json\/wp\/v2\/product_brand?post=14586"},{"taxonomy":"product_cat","embeddable":true,"href":"https:\/\/autopdz.com\/ar\/wp-json\/wp\/v2\/product_cat?post=14586"},{"taxonomy":"product_tag","embeddable":true,"href":"https:\/\/autopdz.com\/ar\/wp-json\/wp\/v2\/product_tag?post=14586"}],"curies":[{"name":"wp","href":"https:\/\/api.w.org\/{rel}","templated":true}]}}