{"id":14669,"date":"2025-04-28T12:18:13","date_gmt":"2025-04-28T11:18:13","guid":{"rendered":"https:\/\/autopdz.com\/?post_type=product&#038;p=14669"},"modified":"2026-04-18T08:59:25","modified_gmt":"2026-04-18T07:59:25","slug":"boulons-de-blocage-antivol-de-roue","status":"publish","type":"product","link":"https:\/\/autopdz.com\/ar\/product\/boulons-de-blocage-antivol-de-roue\/","title":{"rendered":"Boulons de blocage antivol de roue"},"content":{"rendered":"<p>Jeu d&rsquo;\u00e9crous antivol.<\/p>\n<p>Il comprend 4 vis et un capuchon sp\u00e9cial qui s&rsquo;adapte \u00e0 la plupart des cl\u00e9s \u00e0 douille.<\/p>\n<p>La forme unique des vis signifie que vous ne pouvez pas les d\u00e9visser qu&rsquo;avec le cache-cl\u00e9 inclus.<\/p>\n<p>En forme de c\u00f4ne.<\/p>\n<p>Avant de l&rsquo;acheter assurez-vous que les \u00e9crous conviendront au mod\u00e8le de voiture s\u00e9lectionn\u00e9.<\/p>\n<p>Dimensions:<\/p>\n<p>12X1.25: Peugeot,Citro\u00ebn..<\/p>\n<p>12X1.5: Renault..<\/p>\n<p>14X1.5 : VW, Seat, Skoda..<\/p>","protected":false},"excerpt":{"rendered":"<p>Jeu d&rsquo;\u00e9crous antivol. Il comprend 4 vis et un capuchon sp\u00e9cial qui s&rsquo;adapte \u00e0 la plupart des cl\u00e9s \u00e0 douille. La forme unique des vis signifie que vous ne pouvez pas les d\u00e9visser qu&rsquo;avec le cache-cl\u00e9 inclus. En forme de c\u00f4ne. Avant de l&rsquo;acheter assurez-vous que les \u00e9crous conviendront au mod\u00e8le de voiture s\u00e9lectionn\u00e9. Dimensions: [&hellip;]<\/p>","protected":false},"featured_media":14668,"comment_status":"open","ping_status":"closed","template":"","meta":[],"product_brand":[],"product_cat":[26],"product_tag":[],"class_list":{"0":"post-14669","1":"product","2":"type-product","3":"status-publish","4":"has-post-thumbnail","6":"product_cat-accessoires-exterieur","8":"first","9":"instock","10":"shipping-taxable","11":"purchasable","12":"product-type-variable"},"jetpack_sharing_enabled":true,"_links":{"self":[{"href":"https:\/\/autopdz.com\/ar\/wp-json\/wp\/v2\/product\/14669","targetHints":{"allow":["GET"]}}],"collection":[{"href":"https:\/\/autopdz.com\/ar\/wp-json\/wp\/v2\/product"}],"about":[{"href":"https:\/\/autopdz.com\/ar\/wp-json\/wp\/v2\/types\/product"}],"replies":[{"embeddable":true,"href":"https:\/\/autopdz.com\/ar\/wp-json\/wp\/v2\/comments?post=14669"}],"wp:featuredmedia":[{"embeddable":true,"href":"https:\/\/autopdz.com\/ar\/wp-json\/wp\/v2\/media\/14668"}],"wp:attachment":[{"href":"https:\/\/autopdz.com\/ar\/wp-json\/wp\/v2\/media?parent=14669"}],"wp:term":[{"taxonomy":"product_brand","embeddable":true,"href":"https:\/\/autopdz.com\/ar\/wp-json\/wp\/v2\/product_brand?post=14669"},{"taxonomy":"product_cat","embeddable":true,"href":"https:\/\/autopdz.com\/ar\/wp-json\/wp\/v2\/product_cat?post=14669"},{"taxonomy":"product_tag","embeddable":true,"href":"https:\/\/autopdz.com\/ar\/wp-json\/wp\/v2\/product_tag?post=14669"}],"curies":[{"name":"wp","href":"https:\/\/api.w.org\/{rel}","templated":true}]}}