{"id":14673,"date":"2025-04-28T12:37:09","date_gmt":"2025-04-28T11:37:09","guid":{"rendered":"https:\/\/autopdz.com\/?post_type=product&#038;p=14673"},"modified":"2025-04-28T12:43:10","modified_gmt":"2025-04-28T11:43:10","slug":"insigne-de-calandre-volkswagen-golf-8-r","status":"publish","type":"product","link":"https:\/\/autopdz.com\/ar\/product\/insigne-de-calandre-volkswagen-golf-8-r\/","title":{"rendered":"Insigne de calandre Volkswagen Golf 8 R"},"content":{"rendered":"<p>Insigne de calandre Volkswagen Golf 8 R<\/p>\n<p>Mat\u00e9riau alliage m\u00e9tallique<\/p>\n<p>Installation facile avec adh\u00e9sif double face.<\/p>\n<p>Couleurs : noir mat ou Nickel.<\/p>\n<p>Application \u00e0 l&rsquo;ext\u00e9rieur de la voiture devant la calandre<\/p>\n<p>Autocollant d\u00e9coratif pour voiture<\/p>\n<p>Convient pour Volkswagen Golf 8<\/p>","protected":false},"excerpt":{"rendered":"<p>Insigne de calandre Volkswagen Golf 8 R Mat\u00e9riau alliage m\u00e9tallique Installation facile avec adh\u00e9sif double face. Couleurs : noir mat ou Nickel. Application \u00e0 l&rsquo;ext\u00e9rieur de la voiture devant la calandre Autocollant d\u00e9coratif pour voiture Convient pour Volkswagen Golf 8<\/p>","protected":false},"featured_media":14678,"comment_status":"open","ping_status":"closed","template":"","meta":[],"product_brand":[],"product_cat":[15],"product_tag":[],"class_list":{"0":"post-14673","1":"product","2":"type-product","3":"status-publish","4":"has-post-thumbnail","6":"product_cat-divers","8":"first","9":"instock","10":"shipping-taxable","11":"purchasable","12":"product-type-variable"},"jetpack_sharing_enabled":true,"_links":{"self":[{"href":"https:\/\/autopdz.com\/ar\/wp-json\/wp\/v2\/product\/14673","targetHints":{"allow":["GET"]}}],"collection":[{"href":"https:\/\/autopdz.com\/ar\/wp-json\/wp\/v2\/product"}],"about":[{"href":"https:\/\/autopdz.com\/ar\/wp-json\/wp\/v2\/types\/product"}],"replies":[{"embeddable":true,"href":"https:\/\/autopdz.com\/ar\/wp-json\/wp\/v2\/comments?post=14673"}],"wp:featuredmedia":[{"embeddable":true,"href":"https:\/\/autopdz.com\/ar\/wp-json\/wp\/v2\/media\/14678"}],"wp:attachment":[{"href":"https:\/\/autopdz.com\/ar\/wp-json\/wp\/v2\/media?parent=14673"}],"wp:term":[{"taxonomy":"product_brand","embeddable":true,"href":"https:\/\/autopdz.com\/ar\/wp-json\/wp\/v2\/product_brand?post=14673"},{"taxonomy":"product_cat","embeddable":true,"href":"https:\/\/autopdz.com\/ar\/wp-json\/wp\/v2\/product_cat?post=14673"},{"taxonomy":"product_tag","embeddable":true,"href":"https:\/\/autopdz.com\/ar\/wp-json\/wp\/v2\/product_tag?post=14673"}],"curies":[{"name":"wp","href":"https:\/\/api.w.org\/{rel}","templated":true}]}}