{"id":15042,"date":"2025-05-06T13:19:34","date_gmt":"2025-05-06T12:19:34","guid":{"rendered":"https:\/\/autopdz.com\/product\/organisateur-de-coffre-arriere\/"},"modified":"2025-05-06T13:19:34","modified_gmt":"2025-05-06T12:19:34","slug":"organisateur-de-coffre-arriere","status":"publish","type":"product","link":"https:\/\/autopdz.com\/ar\/product\/organisateur-de-coffre-arriere\/","title":{"rendered":"Organisateur de coffre arri\u00e8re"},"content":{"rendered":"<p>ORGANISATEUR DE COFFRE<\/p>\n<p>Il s&rsquo;agit de bandes de fixation adh\u00e9sives ou velcro, con\u00e7ues pour maintenir en place divers objets (bouteilles, extincteurs, produits d&rsquo;entretien, parapluies, etc.).<\/p>\n<p>Ces bandes s&rsquo;attachent aux parois du coffre ou sous les si\u00e8ges pour \u00e9viter que les objets ne bougent pendant la conduite.<\/p>\n<p>Facile \u00e0 installer et polyvalent, ce syst\u00e8me peut \u00eatre utilis\u00e9 pour organiser l&rsquo;espace du v\u00e9hicule de mani\u00e8re efficace.<\/p>\n<p>UTILISATION ET INSTALLATION<\/p>\n<p>1. Nettoyer la surface o\u00f9 les bandes seront fix\u00e9es (pour assurer une bonne adh\u00e9rence).<\/p>\n<p>2. Fixer les bandes adh\u00e9sives ou velcro sur la paroi int\u00e9rieure du coffre ou d&rsquo;autres zones compatibles.<\/p>\n<p>3. Glisser les objets dans les bandes \u00e9lastiques pour les maintenir en place.<\/p>\n<p>C&rsquo;EST UN ACCESSOIRE PRATIQUE POUR OPTIMISER LE RANGEMENT ET \u00c9VITER LE D\u00c9SORDRE DANS LE COFFRE.<\/p>","protected":false},"excerpt":{"rendered":"<p>ORGANISATEUR DE COFFRE Il s&rsquo;agit de bandes de fixation adh\u00e9sives ou velcro, con\u00e7ues pour maintenir en place divers objets (bouteilles, extincteurs, produits d&rsquo;entretien, parapluies, etc.). Ces bandes s&rsquo;attachent aux parois du coffre ou sous les si\u00e8ges pour \u00e9viter que les objets ne bougent pendant la conduite. Facile \u00e0 installer et polyvalent, ce syst\u00e8me peut \u00eatre [&hellip;]<\/p>","protected":false},"featured_media":15036,"comment_status":"open","ping_status":"closed","template":"","meta":[],"product_brand":[],"product_cat":[24],"product_tag":[],"class_list":{"0":"post-15042","1":"product","2":"type-product","3":"status-publish","4":"has-post-thumbnail","6":"product_cat-accessoires-interieur","8":"first","9":"instock","10":"shipping-taxable","11":"purchasable","12":"product-type-simple"},"jetpack_sharing_enabled":true,"_links":{"self":[{"href":"https:\/\/autopdz.com\/ar\/wp-json\/wp\/v2\/product\/15042","targetHints":{"allow":["GET"]}}],"collection":[{"href":"https:\/\/autopdz.com\/ar\/wp-json\/wp\/v2\/product"}],"about":[{"href":"https:\/\/autopdz.com\/ar\/wp-json\/wp\/v2\/types\/product"}],"replies":[{"embeddable":true,"href":"https:\/\/autopdz.com\/ar\/wp-json\/wp\/v2\/comments?post=15042"}],"wp:featuredmedia":[{"embeddable":true,"href":"https:\/\/autopdz.com\/ar\/wp-json\/wp\/v2\/media\/15036"}],"wp:attachment":[{"href":"https:\/\/autopdz.com\/ar\/wp-json\/wp\/v2\/media?parent=15042"}],"wp:term":[{"taxonomy":"product_brand","embeddable":true,"href":"https:\/\/autopdz.com\/ar\/wp-json\/wp\/v2\/product_brand?post=15042"},{"taxonomy":"product_cat","embeddable":true,"href":"https:\/\/autopdz.com\/ar\/wp-json\/wp\/v2\/product_cat?post=15042"},{"taxonomy":"product_tag","embeddable":true,"href":"https:\/\/autopdz.com\/ar\/wp-json\/wp\/v2\/product_tag?post=15042"}],"curies":[{"name":"wp","href":"https:\/\/api.w.org\/{rel}","templated":true}]}}