{"id":15050,"date":"2025-05-06T13:45:15","date_gmt":"2025-05-06T12:45:15","guid":{"rendered":"https:\/\/autopdz.com\/product\/pare-soleil-de-voiture-protection-tableau-de-bord-suv-142-x-92-cm-standard\/"},"modified":"2026-03-02T12:40:37","modified_gmt":"2026-03-02T11:40:37","slug":"pare-soleil-de-voiture-protection-tableau-de-bord-suv-142-x-92-cm-standard","status":"publish","type":"product","link":"https:\/\/autopdz.com\/ar\/product\/pare-soleil-de-voiture-protection-tableau-de-bord-suv-142-x-92-cm-standard\/","title":{"rendered":"Pare-soleil de voiture, protection tableau de bord SUV (142 x 92 cm, Standard)"},"content":{"rendered":"<p>Pare-soleil pour pare-brise de voiture, protection contre la poussi\u00e8re, la pluie, le gel et la neige, protection contre la chaleur, pour vitres avant et arri\u00e8re de voiture, SUV.<br \/>\nProtection pare-brise robuste : fabriqu\u00e9e en tissu imperm\u00e9able et r\u00e9sistant, avec feuille d&rsquo;aluminium et micro-coton. Elle est imperm\u00e9able, r\u00e9sistante aux rayons du soleil et ignifuge.<br \/>\n\u00c9t\u00e9 : bloque pr\u00e8s de 99 % des rayons du soleil et aide \u00e0 r\u00e9duire la temp\u00e9rature par temps chaud et ensoleill\u00e9. Hiver : r\u00e9siste aux basses temp\u00e9ratures jusqu&rsquo;\u00e0 -50 \u00b0C. Il emp\u00eache l&rsquo;accumulation de givre, de neige et de glace sur le pare-brise en hiver et r\u00e9duit le temps pass\u00e9 \u00e0 gratter la glace ou la neige le matin.<br \/>\nLargement applicable : gr\u00e2ce \u00e0 sa taille adaptable, ce pare-soleil est la solution id\u00e9ale pour tous les types de v\u00e9hicules. Con\u00e7u pour s&rsquo;adapter \u00e0 la plupart des voitures, il offre une large compatibilit\u00e9 et une protection polyvalente contre les rayons du soleil.<br \/>\nAccessoire indispensable : am\u00e9liorez votre exp\u00e9rience avec ce pare-soleil. Non seulement il maintient efficacement l&rsquo;int\u00e9rieur de votre v\u00e9hicule frais et confortable, mais il ajoute \u00e9galement une touche de style et de fonctionnalit\u00e9 \u00e0 votre v\u00e9hicule.<\/p>","protected":false},"excerpt":{"rendered":"<p>Pare-soleil pour pare-brise de voiture, protection contre la poussi\u00e8re, la pluie, le gel et la neige, protection contre la chaleur, pour vitres avant et arri\u00e8re de voiture, SUV. Protection pare-brise robuste : fabriqu\u00e9e en tissu imperm\u00e9able et r\u00e9sistant, avec feuille d&rsquo;aluminium et micro-coton. Elle est imperm\u00e9able, r\u00e9sistante aux rayons du soleil et ignifuge. \u00c9t\u00e9 : [&hellip;]<\/p>","protected":false},"featured_media":15047,"comment_status":"open","ping_status":"closed","template":"","meta":[],"product_brand":[],"product_cat":[26],"product_tag":[],"class_list":{"0":"post-15050","1":"product","2":"type-product","3":"status-publish","4":"has-post-thumbnail","6":"product_cat-accessoires-exterieur","8":"first","9":"outofstock","10":"shipping-taxable","11":"purchasable","12":"product-type-simple"},"jetpack_sharing_enabled":true,"_links":{"self":[{"href":"https:\/\/autopdz.com\/ar\/wp-json\/wp\/v2\/product\/15050","targetHints":{"allow":["GET"]}}],"collection":[{"href":"https:\/\/autopdz.com\/ar\/wp-json\/wp\/v2\/product"}],"about":[{"href":"https:\/\/autopdz.com\/ar\/wp-json\/wp\/v2\/types\/product"}],"replies":[{"embeddable":true,"href":"https:\/\/autopdz.com\/ar\/wp-json\/wp\/v2\/comments?post=15050"}],"wp:featuredmedia":[{"embeddable":true,"href":"https:\/\/autopdz.com\/ar\/wp-json\/wp\/v2\/media\/15047"}],"wp:attachment":[{"href":"https:\/\/autopdz.com\/ar\/wp-json\/wp\/v2\/media?parent=15050"}],"wp:term":[{"taxonomy":"product_brand","embeddable":true,"href":"https:\/\/autopdz.com\/ar\/wp-json\/wp\/v2\/product_brand?post=15050"},{"taxonomy":"product_cat","embeddable":true,"href":"https:\/\/autopdz.com\/ar\/wp-json\/wp\/v2\/product_cat?post=15050"},{"taxonomy":"product_tag","embeddable":true,"href":"https:\/\/autopdz.com\/ar\/wp-json\/wp\/v2\/product_tag?post=15050"}],"curies":[{"name":"wp","href":"https:\/\/api.w.org\/{rel}","templated":true}]}}