{"id":15090,"date":"2025-05-07T13:57:19","date_gmt":"2025-05-07T12:57:19","guid":{"rendered":"https:\/\/autopdz.com\/product\/aspirateur-a-main-sans-fil-multifonction\/"},"modified":"2026-02-05T12:13:19","modified_gmt":"2026-02-05T11:13:19","slug":"aspirateur-a-main-sans-fil-multifonction","status":"publish","type":"product","link":"https:\/\/autopdz.com\/ar\/product\/aspirateur-a-main-sans-fil-multifonction\/","title":{"rendered":"Aspirateur \u00e0 main sans fil multifonction"},"content":{"rendered":"<p>Principales caract\u00e9ristiques<br \/>\nAspirateur de voiture puissant sans fil avec brosse, petit aspirateur \u00e0 main sans fil rechargeable avec forte aspiration pour la maison, les poils d&rsquo;animaux, la voiture Mini aspirateur de voiture sans fil Caract\u00e9ristique :<\/p>\n<p>Quantit\u00e9 : 1 pi\u00e8ce Mat\u00e9riau : ABS<\/p>\n<p>Couleur : noir<\/p>\n<p>Taille du produit : 28 x 15 x 6 cm<\/p>\n<p>Taille de l&#8217;emballage : 16,5 x 15,5 x 6 cm<\/p>\n<p>Poids net : 315 g Poids brut : 290 g Batterie : 4000 mAh Tension de fonctionnement : 3,7 V<\/p>\n<p>Description :<\/p>\n<p>\u3010L\u00e9g\u00e8ret\u00e9 sans fil\u3011 : cet aspirateur \u00e0 main sans fil est tr\u00e8s pratique pour atteindre les endroits exigus. Parce que cet aspirateur \u00e0 main est si facile \u00e0 man\u0153uvrer. Certainement utile pour une utilisation en voiture ou ailleurs en raison de sa portabilit\u00e9.\u3010Aspiration assez forte\u3011: Cet aspirateur \u00e0 main ramasse tout ce que l&rsquo;aspirateur ordinaire ne peut pas, en particulier l\u00e0 o\u00f9 le tapis rencontre le mur. L&rsquo;aspirateur de voiture a rendu le nettoyage beaucoup plus facile et plus rapide. La puissante aspiration vous permet de ranger toute la salet\u00e9 et les d\u00e9bris dans votre voiture.<\/p>\n<p>\u3010Batterie longue dur\u00e9e\u3011: Cet aspirateur de voiture sans fil rechargeable se charge rapidement et conserve une charge assez longtemps. La batterie dure assez longtemps. Assez pour faire le travail.<\/p>\n<p>\u3010Brosse \u00e0 long manche\u3011: L&rsquo;adaptateur de brosse est utile pour nettoyer la salet\u00e9 tenace sur la surface ou dans les petites crevasses comme un clavier.\u3010Cadeau\u3011: Un excellent cadeau pour la voiture de votre meilleur ami! Contenu de l&#8217;emballage: 1 x aspirateur 1 x c\u00e2ble USB 1 x embout plat \u00e9tendu 1 x brosse<\/p>","protected":false},"excerpt":{"rendered":"<p>Principales caract\u00e9ristiques Aspirateur de voiture puissant sans fil avec brosse, petit aspirateur \u00e0 main sans fil rechargeable avec forte aspiration pour la maison, les poils d&rsquo;animaux, la voiture Mini aspirateur de voiture sans fil Caract\u00e9ristique : Quantit\u00e9 : 1 pi\u00e8ce Mat\u00e9riau : ABS Couleur : noir Taille du produit : 28 x 15 x 6 [&hellip;]<\/p>","protected":false},"featured_media":15086,"comment_status":"open","ping_status":"closed","template":"","meta":[],"product_brand":[],"product_cat":[24],"product_tag":[],"class_list":{"0":"post-15090","1":"product","2":"type-product","3":"status-publish","4":"has-post-thumbnail","6":"product_cat-accessoires-interieur","8":"first","9":"instock","10":"sale","11":"shipping-taxable","12":"purchasable","13":"product-type-simple"},"jetpack_sharing_enabled":true,"_links":{"self":[{"href":"https:\/\/autopdz.com\/ar\/wp-json\/wp\/v2\/product\/15090","targetHints":{"allow":["GET"]}}],"collection":[{"href":"https:\/\/autopdz.com\/ar\/wp-json\/wp\/v2\/product"}],"about":[{"href":"https:\/\/autopdz.com\/ar\/wp-json\/wp\/v2\/types\/product"}],"replies":[{"embeddable":true,"href":"https:\/\/autopdz.com\/ar\/wp-json\/wp\/v2\/comments?post=15090"}],"wp:featuredmedia":[{"embeddable":true,"href":"https:\/\/autopdz.com\/ar\/wp-json\/wp\/v2\/media\/15086"}],"wp:attachment":[{"href":"https:\/\/autopdz.com\/ar\/wp-json\/wp\/v2\/media?parent=15090"}],"wp:term":[{"taxonomy":"product_brand","embeddable":true,"href":"https:\/\/autopdz.com\/ar\/wp-json\/wp\/v2\/product_brand?post=15090"},{"taxonomy":"product_cat","embeddable":true,"href":"https:\/\/autopdz.com\/ar\/wp-json\/wp\/v2\/product_cat?post=15090"},{"taxonomy":"product_tag","embeddable":true,"href":"https:\/\/autopdz.com\/ar\/wp-json\/wp\/v2\/product_tag?post=15090"}],"curies":[{"name":"wp","href":"https:\/\/api.w.org\/{rel}","templated":true}]}}