{"id":15158,"date":"2025-05-08T14:57:46","date_gmt":"2025-05-08T13:57:46","guid":{"rendered":"https:\/\/autopdz.com\/?post_type=product&#038;p=15158"},"modified":"2026-02-05T11:46:11","modified_gmt":"2026-02-05T10:46:11","slug":"pompe-transfert-et-extraction-deau-et-de-huile-12-24v","status":"publish","type":"product","link":"https:\/\/autopdz.com\/ar\/product\/pompe-transfert-et-extraction-deau-et-de-huile-12-24v\/","title":{"rendered":"Pompe Transfert Et Extraction D&rsquo;eau Et De Huile 12\/24V"},"content":{"rendered":"<p>Filtre de nettoyage et de d\u00e9sinfection r\u00e9utilisable.<br \/>\nPression art\u00e9rielle et huile, convient \u00e0 l&rsquo;essence, au k\u00e9ros\u00e8ne et \u00e0 l&rsquo;eau.<br \/>\nLe moteur en cuivre pr\u00e9sente une dur\u00e9e de vie courte et des performances stables.<br \/>\nL\u00e9ger, r\u00e9sistant \u00e0 la corrosion et \u00e0 la rouille.<br \/>\nPuissance : 60 W\/(8 000 tr\/min).<br \/>\nPuissance : 24V.<\/p>","protected":false},"excerpt":{"rendered":"<p>Filtre de nettoyage et de d\u00e9sinfection r\u00e9utilisable. Pression art\u00e9rielle et huile, convient \u00e0 l&rsquo;essence, au k\u00e9ros\u00e8ne et \u00e0 l&rsquo;eau. Le moteur en cuivre pr\u00e9sente une dur\u00e9e de vie courte et des performances stables. L\u00e9ger, r\u00e9sistant \u00e0 la corrosion et \u00e0 la rouille. Puissance : 60 W\/(8 000 tr\/min). Puissance : 24V.<\/p>","protected":false},"featured_media":15155,"comment_status":"open","ping_status":"closed","template":"","meta":[],"product_brand":[],"product_cat":[15],"product_tag":[],"class_list":{"0":"post-15158","1":"product","2":"type-product","3":"status-publish","4":"has-post-thumbnail","6":"product_cat-divers","8":"first","9":"instock","10":"shipping-taxable","11":"purchasable","12":"product-type-variable"},"jetpack_sharing_enabled":true,"_links":{"self":[{"href":"https:\/\/autopdz.com\/ar\/wp-json\/wp\/v2\/product\/15158","targetHints":{"allow":["GET"]}}],"collection":[{"href":"https:\/\/autopdz.com\/ar\/wp-json\/wp\/v2\/product"}],"about":[{"href":"https:\/\/autopdz.com\/ar\/wp-json\/wp\/v2\/types\/product"}],"replies":[{"embeddable":true,"href":"https:\/\/autopdz.com\/ar\/wp-json\/wp\/v2\/comments?post=15158"}],"wp:featuredmedia":[{"embeddable":true,"href":"https:\/\/autopdz.com\/ar\/wp-json\/wp\/v2\/media\/15155"}],"wp:attachment":[{"href":"https:\/\/autopdz.com\/ar\/wp-json\/wp\/v2\/media?parent=15158"}],"wp:term":[{"taxonomy":"product_brand","embeddable":true,"href":"https:\/\/autopdz.com\/ar\/wp-json\/wp\/v2\/product_brand?post=15158"},{"taxonomy":"product_cat","embeddable":true,"href":"https:\/\/autopdz.com\/ar\/wp-json\/wp\/v2\/product_cat?post=15158"},{"taxonomy":"product_tag","embeddable":true,"href":"https:\/\/autopdz.com\/ar\/wp-json\/wp\/v2\/product_tag?post=15158"}],"curies":[{"name":"wp","href":"https:\/\/api.w.org\/{rel}","templated":true}]}}