{"id":15279,"date":"2025-05-10T11:37:47","date_gmt":"2025-05-10T10:37:47","guid":{"rendered":"https:\/\/autopdz.com\/product\/connecteur-de-borne-de-batterie-automobile-pour-cable\/"},"modified":"2025-05-10T11:37:47","modified_gmt":"2025-05-10T10:37:47","slug":"connecteur-de-borne-de-batterie-automobile-pour-cable","status":"publish","type":"product","link":"https:\/\/autopdz.com\/ar\/product\/connecteur-de-borne-de-batterie-automobile-pour-cable\/","title":{"rendered":"Connecteur de borne de batterie automobile pour c\u00e2ble"},"content":{"rendered":"<p>Adaptateur de borne de batterie de voiture pour c\u00e2ble<br \/>\nCaract\u00e9ristiques:<br \/>\nCouleur: rouge (positif) et le noir (n\u00e9gatif)<br \/>\nMat\u00e9rial: aluminium et de magn\u00e9sium<br \/>\nTaille totale: env. 53x37x17mm<br \/>\nQuantit\u00e9: 2 pcs (1 positif + 1 n\u00e9gatif)<br \/>\nRouge (+)<br \/>\nNoir (-)<br \/>\nSpecifications:<br \/>\nCet adaptateur ou terminal est particuli\u00e8rement utilis\u00e9 dans les installations \u00e9lectriques o\u00f9 nous utilisons des batteries avec des bornes automobiles standard et une connexion directe des c\u00e2bles est requise sans aucun type de borne ou de pince.<\/p>\n<p>Les installations sont extr\u00eamement simples. Aussi simple que d\u00b4utiliser un c\u00e2ble de diam\u00e8tre minimum 10 mm et de l\u00b4ins\u00e9rer directement sans rev\u00eatement PVC sur tout son diam\u00e8tre et de serrer avec les \u00e9crous sup\u00e9rieurs pour assurer un bon contact \u00e9lectrique et \u00e9viter d\u00b4\u00e9ventuels accidents ult\u00e9rieurs.<\/p>","protected":false},"excerpt":{"rendered":"<p>Adaptateur de borne de batterie de voiture pour c\u00e2ble Caract\u00e9ristiques: Couleur: rouge (positif) et le noir (n\u00e9gatif) Mat\u00e9rial: aluminium et de magn\u00e9sium Taille totale: env. 53x37x17mm Quantit\u00e9: 2 pcs (1 positif + 1 n\u00e9gatif) Rouge (+) Noir (-) Specifications: Cet adaptateur ou terminal est particuli\u00e8rement utilis\u00e9 dans les installations \u00e9lectriques o\u00f9 nous utilisons des batteries [&hellip;]<\/p>","protected":false},"featured_media":15275,"comment_status":"open","ping_status":"closed","template":"","meta":[],"product_brand":[],"product_cat":[24],"product_tag":[],"class_list":{"0":"post-15279","1":"product","2":"type-product","3":"status-publish","4":"has-post-thumbnail","6":"product_cat-accessoires-interieur","8":"first","9":"instock","10":"shipping-taxable","11":"purchasable","12":"product-type-simple"},"jetpack_sharing_enabled":true,"_links":{"self":[{"href":"https:\/\/autopdz.com\/ar\/wp-json\/wp\/v2\/product\/15279","targetHints":{"allow":["GET"]}}],"collection":[{"href":"https:\/\/autopdz.com\/ar\/wp-json\/wp\/v2\/product"}],"about":[{"href":"https:\/\/autopdz.com\/ar\/wp-json\/wp\/v2\/types\/product"}],"replies":[{"embeddable":true,"href":"https:\/\/autopdz.com\/ar\/wp-json\/wp\/v2\/comments?post=15279"}],"wp:featuredmedia":[{"embeddable":true,"href":"https:\/\/autopdz.com\/ar\/wp-json\/wp\/v2\/media\/15275"}],"wp:attachment":[{"href":"https:\/\/autopdz.com\/ar\/wp-json\/wp\/v2\/media?parent=15279"}],"wp:term":[{"taxonomy":"product_brand","embeddable":true,"href":"https:\/\/autopdz.com\/ar\/wp-json\/wp\/v2\/product_brand?post=15279"},{"taxonomy":"product_cat","embeddable":true,"href":"https:\/\/autopdz.com\/ar\/wp-json\/wp\/v2\/product_cat?post=15279"},{"taxonomy":"product_tag","embeddable":true,"href":"https:\/\/autopdz.com\/ar\/wp-json\/wp\/v2\/product_tag?post=15279"}],"curies":[{"name":"wp","href":"https:\/\/api.w.org\/{rel}","templated":true}]}}