{"id":15293,"date":"2025-05-10T14:39:16","date_gmt":"2025-05-10T13:39:16","guid":{"rendered":"https:\/\/autopdz.com\/product\/barre-de-toit-en-aluminium-standard\/"},"modified":"2025-12-14T11:12:52","modified_gmt":"2025-12-14T10:12:52","slug":"barre-de-toit-en-aluminium-standard","status":"publish","type":"product","link":"https:\/\/autopdz.com\/ar\/product\/barre-de-toit-en-aluminium-standard\/","title":{"rendered":"Porte Bagage En Aluminium Standard"},"content":{"rendered":"<p>*1 PAIRE<\/p>\n<p>*CONVIENT AUX VOITURES, FOURGONNETTES ET MINIBUS AVEC GOUTTI\u00c8RES<\/p>\n<p>126 CM DE LARGEUR<\/p>\n<p>*TAILLE R\u00c9GLABLE<\/p>\n<p>*CAPACIT\u00c9 DE CHARGE ENVIRON 75 KG<\/p>\n<p>INSTALLATION :<\/p>\n<p>DEsserrez la vis molet\u00e9e (A) et faites pivoter les supports vers le bas jusqu&rsquo;\u00e0 ce qu&rsquo;ils s&rsquo;enclenchent. Ajustez l&rsquo;unit\u00e9 de support le long de la barre selon la largeur de votre v\u00e9hicule. Desserrez la vis molet\u00e9e (B) pour retirer la pince de goutti\u00e8re. Placez le pied du support dans la goutti\u00e8re et resserrez la pince de goutti\u00e8re. Ajustez les barres de charge en position centrale et serrez fermement les vis molet\u00e9es (d&rsquo;abord A, puis B). Pour retirer le support et l&rsquo;utiliser en alternance ou le ranger, proc\u00e9dez dans l&rsquo;ordre inverse.<\/p>\n<p>ATTENTION :<\/p>\n<p>LA CHARGE MAXIMALE RECOMMAND\u00c9E EST DE 75 KG, R\u00c9PARTIE UNIFORM\u00c9MENT.<\/p>\n<p>V\u00c9RIFIEZ TOUJOURS QUE TOUS LES BOULONS SONT CORRECTEMENT SERR\u00c9S AVANT ET PENDANT L&rsquo;UTILISATION. IL INCOMBE AU CONDUCTEUR D&rsquo;ASSURER LA S\u00c9CURIT\u00c9 DE SES PROPRES<\/p>","protected":false},"excerpt":{"rendered":"<p>*1 PAIRE *CONVIENT AUX VOITURES, FOURGONNETTES ET MINIBUS AVEC GOUTTI\u00c8RES 126 CM DE LARGEUR *TAILLE R\u00c9GLABLE *CAPACIT\u00c9 DE CHARGE ENVIRON 75 KG INSTALLATION : DEsserrez la vis molet\u00e9e (A) et faites pivoter les supports vers le bas jusqu&rsquo;\u00e0 ce qu&rsquo;ils s&rsquo;enclenchent. Ajustez l&rsquo;unit\u00e9 de support le long de la barre selon la largeur de votre [&hellip;]<\/p>","protected":false},"featured_media":15894,"comment_status":"open","ping_status":"closed","template":"","meta":[],"product_brand":[],"product_cat":[26],"product_tag":[],"class_list":{"0":"post-15293","1":"product","2":"type-product","3":"status-publish","4":"has-post-thumbnail","6":"product_cat-accessoires-exterieur","8":"first","9":"instock","10":"shipping-taxable","11":"purchasable","12":"product-type-variable"},"jetpack_sharing_enabled":true,"_links":{"self":[{"href":"https:\/\/autopdz.com\/ar\/wp-json\/wp\/v2\/product\/15293","targetHints":{"allow":["GET"]}}],"collection":[{"href":"https:\/\/autopdz.com\/ar\/wp-json\/wp\/v2\/product"}],"about":[{"href":"https:\/\/autopdz.com\/ar\/wp-json\/wp\/v2\/types\/product"}],"replies":[{"embeddable":true,"href":"https:\/\/autopdz.com\/ar\/wp-json\/wp\/v2\/comments?post=15293"}],"wp:featuredmedia":[{"embeddable":true,"href":"https:\/\/autopdz.com\/ar\/wp-json\/wp\/v2\/media\/15894"}],"wp:attachment":[{"href":"https:\/\/autopdz.com\/ar\/wp-json\/wp\/v2\/media?parent=15293"}],"wp:term":[{"taxonomy":"product_brand","embeddable":true,"href":"https:\/\/autopdz.com\/ar\/wp-json\/wp\/v2\/product_brand?post=15293"},{"taxonomy":"product_cat","embeddable":true,"href":"https:\/\/autopdz.com\/ar\/wp-json\/wp\/v2\/product_cat?post=15293"},{"taxonomy":"product_tag","embeddable":true,"href":"https:\/\/autopdz.com\/ar\/wp-json\/wp\/v2\/product_tag?post=15293"}],"curies":[{"name":"wp","href":"https:\/\/api.w.org\/{rel}","templated":true}]}}