{"id":15387,"date":"2025-05-12T12:35:34","date_gmt":"2025-05-12T11:35:34","guid":{"rendered":"https:\/\/autopdz.com\/?post_type=product&#038;p=15387"},"modified":"2025-05-12T12:47:46","modified_gmt":"2025-05-12T11:47:46","slug":"baffe-haut-parleurs-2-vois-10-13-16cm-djlsono","status":"publish","type":"product","link":"https:\/\/autopdz.com\/ar\/product\/baffe-haut-parleurs-2-vois-10-13-16cm-djlsono\/","title":{"rendered":"Baffe Haut-Parleurs 2 Vois 10\/13\/16cm DJLSONO"},"content":{"rendered":"<p>Puissance 210W,240W,270W:<\/p>\n<p>spider \u00e0 taux de hauteur progressif, une bobine acoustique r\u00e9sistante \u00e0 la chaleur et un contour en ur\u00e9thane sont adopt\u00e9s pour atteindre une puissance admissible de( 210,240,270 watts) , ce qui se traduit par une reproduction sonore dynamique et agressive.<\/p>","protected":false},"excerpt":{"rendered":"<p>Puissance 210W,240W,270W: spider \u00e0 taux de hauteur progressif, une bobine acoustique r\u00e9sistante \u00e0 la chaleur et un contour en ur\u00e9thane sont adopt\u00e9s pour atteindre une puissance admissible de( 210,240,270 watts) , ce qui se traduit par une reproduction sonore dynamique et agressive.<\/p>","protected":false},"featured_media":15383,"comment_status":"open","ping_status":"closed","template":"","meta":[],"product_brand":[],"product_cat":[15],"product_tag":[],"class_list":{"0":"post-15387","1":"product","2":"type-product","3":"status-publish","4":"has-post-thumbnail","6":"product_cat-divers","8":"first","9":"instock","10":"shipping-taxable","11":"purchasable","12":"product-type-variable"},"jetpack_sharing_enabled":true,"_links":{"self":[{"href":"https:\/\/autopdz.com\/ar\/wp-json\/wp\/v2\/product\/15387","targetHints":{"allow":["GET"]}}],"collection":[{"href":"https:\/\/autopdz.com\/ar\/wp-json\/wp\/v2\/product"}],"about":[{"href":"https:\/\/autopdz.com\/ar\/wp-json\/wp\/v2\/types\/product"}],"replies":[{"embeddable":true,"href":"https:\/\/autopdz.com\/ar\/wp-json\/wp\/v2\/comments?post=15387"}],"wp:featuredmedia":[{"embeddable":true,"href":"https:\/\/autopdz.com\/ar\/wp-json\/wp\/v2\/media\/15383"}],"wp:attachment":[{"href":"https:\/\/autopdz.com\/ar\/wp-json\/wp\/v2\/media?parent=15387"}],"wp:term":[{"taxonomy":"product_brand","embeddable":true,"href":"https:\/\/autopdz.com\/ar\/wp-json\/wp\/v2\/product_brand?post=15387"},{"taxonomy":"product_cat","embeddable":true,"href":"https:\/\/autopdz.com\/ar\/wp-json\/wp\/v2\/product_cat?post=15387"},{"taxonomy":"product_tag","embeddable":true,"href":"https:\/\/autopdz.com\/ar\/wp-json\/wp\/v2\/product_tag?post=15387"}],"curies":[{"name":"wp","href":"https:\/\/api.w.org\/{rel}","templated":true}]}}