{"id":15458,"date":"2025-05-13T12:35:19","date_gmt":"2025-05-13T11:35:19","guid":{"rendered":"https:\/\/autopdz.com\/product\/coussin-orthopedique-pour-chaise\/"},"modified":"2025-12-23T12:29:43","modified_gmt":"2025-12-23T11:29:43","slug":"coussin-orthopedique-pour-chaise","status":"publish","type":"product","link":"https:\/\/autopdz.com\/ar\/product\/coussin-orthopedique-pour-chaise\/","title":{"rendered":"Coussin Orthop\u00e9dique Pour Chaise"},"content":{"rendered":"<p>Le coussin de soutien dorsal profil\u00e9 r\u00e9partit uniform\u00e9ment le poids du corps, r\u00e9duisant la pression sur le coccyx et soulageant la sciatique, les douleurs dans le bas du dos et les probl\u00e8mes de colonne vert\u00e9brale.<br \/>\n2. Recommand\u00e9 par les m\u00e9decins : le coussin de si\u00e8ge orthop\u00e9dique est id\u00e9al pour diverses affections, y compris les maux de dos, la sciatique, les h\u00e9morro\u00efdes et la r\u00e9cup\u00e9ration post-op\u00e9ratoire. Il favorise un bon alignement de la colonne vert\u00e9brale, am\u00e9liore la posture et est adapt\u00e9 pour une utilisation en fauteuil roulant.<br \/>\n3. Soutien durable : le coussin d&rsquo;assise de qualit\u00e9 sup\u00e9rieure conserve sa forme m\u00eame en cas d&rsquo;utilisation prolong\u00e9e. Le coussin est r\u00e9sistant et reprend rapidement sa forme originale apr\u00e8s utilisation.<br \/>\n4. Am\u00e9liorez votre corps : le coussin sciatique en mousse \u00e0 m\u00e9moire de forme favorise la circulation sanguine, soutient une posture saine et aide \u00e0 maintenir une peau lisse et souple sur les fesses.<br \/>\n5. Utilisation polyvalente : convient pour les si\u00e8ges de voiture, les chaises de bureau, les fauteuils roulants et divers si\u00e8ges dans les bus, les avions et les trains. Peut \u00e9galement \u00eatre utilis\u00e9 comme coussin rehausseur.<\/p>","protected":false},"excerpt":{"rendered":"<p>Le coussin de soutien dorsal profil\u00e9 r\u00e9partit uniform\u00e9ment le poids du corps, r\u00e9duisant la pression sur le coccyx et soulageant la sciatique, les douleurs dans le bas du dos et les probl\u00e8mes de colonne vert\u00e9brale. 2. Recommand\u00e9 par les m\u00e9decins : le coussin de si\u00e8ge orthop\u00e9dique est id\u00e9al pour diverses affections, y compris les maux [&hellip;]<\/p>","protected":false},"featured_media":31387,"comment_status":"open","ping_status":"closed","template":"","meta":[],"product_brand":[],"product_cat":[24],"product_tag":[],"class_list":{"0":"post-15458","1":"product","2":"type-product","3":"status-publish","4":"has-post-thumbnail","6":"product_cat-accessoires-interieur","8":"first","9":"instock","10":"shipping-taxable","11":"purchasable","12":"product-type-simple"},"jetpack_sharing_enabled":true,"_links":{"self":[{"href":"https:\/\/autopdz.com\/ar\/wp-json\/wp\/v2\/product\/15458","targetHints":{"allow":["GET"]}}],"collection":[{"href":"https:\/\/autopdz.com\/ar\/wp-json\/wp\/v2\/product"}],"about":[{"href":"https:\/\/autopdz.com\/ar\/wp-json\/wp\/v2\/types\/product"}],"replies":[{"embeddable":true,"href":"https:\/\/autopdz.com\/ar\/wp-json\/wp\/v2\/comments?post=15458"}],"wp:featuredmedia":[{"embeddable":true,"href":"https:\/\/autopdz.com\/ar\/wp-json\/wp\/v2\/media\/31387"}],"wp:attachment":[{"href":"https:\/\/autopdz.com\/ar\/wp-json\/wp\/v2\/media?parent=15458"}],"wp:term":[{"taxonomy":"product_brand","embeddable":true,"href":"https:\/\/autopdz.com\/ar\/wp-json\/wp\/v2\/product_brand?post=15458"},{"taxonomy":"product_cat","embeddable":true,"href":"https:\/\/autopdz.com\/ar\/wp-json\/wp\/v2\/product_cat?post=15458"},{"taxonomy":"product_tag","embeddable":true,"href":"https:\/\/autopdz.com\/ar\/wp-json\/wp\/v2\/product_tag?post=15458"}],"curies":[{"name":"wp","href":"https:\/\/api.w.org\/{rel}","templated":true}]}}