{"id":15513,"date":"2025-05-14T13:45:32","date_gmt":"2025-05-14T12:45:32","guid":{"rendered":"https:\/\/autopdz.com\/product\/camera-de-recul-poignee-de-coffre-a-vis-volkswagen\/"},"modified":"2026-02-05T10:04:55","modified_gmt":"2026-02-05T09:04:55","slug":"camera-de-recul-poignee-de-coffre-a-vis-volkswagen","status":"publish","type":"product","link":"https:\/\/autopdz.com\/ar\/product\/camera-de-recul-poignee-de-coffre-a-vis-volkswagen\/","title":{"rendered":"Camera De Recul  Poign\u00e9e De Coffre \u00e0 Vis Volkswagen"},"content":{"rendered":"<p>Cam\u00e9ra de recul de voiture avec poign\u00e9e de coffre pour VW et Audi &#8212; AHD am\u00e9liore la performance de l&rsquo;image et la r\u00e9solution maximale jusqu&rsquo;\u00e0 1280 x 720p. Avec un angle ultra large de 170 degr\u00e9s, il n&rsquo;y a presque pas d&rsquo;angle mort derri\u00e8re la voiture. La fonction est con\u00e7ue en supposant des conditions d&rsquo;utilisation quotidiennes telles que l&rsquo;\u00e9tanch\u00e9it\u00e9 IP68, la forte pluie et le lavage de voiture.<br \/>\nCam\u00e9ra de recul de voiture pour de nombreux mod\u00e8les VW et Audi &#8212; VEUILLEZ V\u00c9RIFIER LA TAILLE DE VOTRE CADRE POUR CONFIRMER, POUR V\u00c9RIFIER SI NOTRE TAILLE DE CAM\u00c9RAS EST COMPATIBLE AVEC VOTRE CADRE AVANT DE PASSER DES COMMANDES, et cette cam\u00e9ra de recul ne peut fonctionner qu&rsquo;avec un moniteur d&rsquo;\u00e9cran avec connecteur RCA.<br \/>\nCam\u00e9ra de recul HD 720P avec objectif fisheye ultra grand angle et image claire sur l&rsquo;\u00e9cran &#8212; Quelles que soient les conditions, vous aurez toujours une vue fantastique sur la cam\u00e9ra de recul.<br \/>\nSupporte \u00e0 la fois le signal vid\u00e9o AHD et CVBS &#8212; Cette cam\u00e9ra de recul pour v\u00e9hicule peut fonctionner avec des moniteurs AHD (AHD 720P 30 Hz UNIQUEMENT) et des moniteurs CVBS. Le signal vid\u00e9o de sortie est CVBS par d\u00e9faut. Si vous souhaitez le connecter \u00e0 un moniteur AHD, veuillez couper le c\u00e2ble blanc sur la cam\u00e9ra et le reconnecter \u00e0 l&rsquo;alimentation. L&rsquo;image du signal vid\u00e9o AHD est beaucoup plus claire que le CVBS.<br \/>\nDirective r\u00e9glable on ou off &#8212; Il y a une petite boucle de commutation verte sur cette cam\u00e9ra de recul. Lorsque vous la recevez, elle est \u00e9quip\u00e9e par d\u00e9faut d&rsquo;une ligne de guidage. Si vous n&rsquo;avez pas besoin de la ligne de guidage, veuillez d\u00e9connecter la boucle verte et la reconnecter \u00e0 l&rsquo;alimentation.<\/p>","protected":false},"excerpt":{"rendered":"<p>Cam\u00e9ra de recul de voiture avec poign\u00e9e de coffre pour VW et Audi &#8212; AHD am\u00e9liore la performance de l&rsquo;image et la r\u00e9solution maximale jusqu&rsquo;\u00e0 1280 x 720p. Avec un angle ultra large de 170 degr\u00e9s, il n&rsquo;y a presque pas d&rsquo;angle mort derri\u00e8re la voiture. La fonction est con\u00e7ue en supposant des conditions d&rsquo;utilisation [&hellip;]<\/p>","protected":false},"featured_media":15511,"comment_status":"open","ping_status":"closed","template":"","meta":[],"product_brand":[],"product_cat":[26],"product_tag":[],"class_list":{"0":"post-15513","1":"product","2":"type-product","3":"status-publish","4":"has-post-thumbnail","6":"product_cat-accessoires-exterieur","8":"first","9":"instock","10":"sale","11":"shipping-taxable","12":"purchasable","13":"product-type-simple"},"jetpack_sharing_enabled":true,"_links":{"self":[{"href":"https:\/\/autopdz.com\/ar\/wp-json\/wp\/v2\/product\/15513","targetHints":{"allow":["GET"]}}],"collection":[{"href":"https:\/\/autopdz.com\/ar\/wp-json\/wp\/v2\/product"}],"about":[{"href":"https:\/\/autopdz.com\/ar\/wp-json\/wp\/v2\/types\/product"}],"replies":[{"embeddable":true,"href":"https:\/\/autopdz.com\/ar\/wp-json\/wp\/v2\/comments?post=15513"}],"wp:featuredmedia":[{"embeddable":true,"href":"https:\/\/autopdz.com\/ar\/wp-json\/wp\/v2\/media\/15511"}],"wp:attachment":[{"href":"https:\/\/autopdz.com\/ar\/wp-json\/wp\/v2\/media?parent=15513"}],"wp:term":[{"taxonomy":"product_brand","embeddable":true,"href":"https:\/\/autopdz.com\/ar\/wp-json\/wp\/v2\/product_brand?post=15513"},{"taxonomy":"product_cat","embeddable":true,"href":"https:\/\/autopdz.com\/ar\/wp-json\/wp\/v2\/product_cat?post=15513"},{"taxonomy":"product_tag","embeddable":true,"href":"https:\/\/autopdz.com\/ar\/wp-json\/wp\/v2\/product_tag?post=15513"}],"curies":[{"name":"wp","href":"https:\/\/api.w.org\/{rel}","templated":true}]}}