{"id":16351,"date":"2025-05-29T12:37:00","date_gmt":"2025-05-29T11:37:00","guid":{"rendered":"https:\/\/autopdz.com\/product\/klaxon-automatique-a-escargot-bseoch\/"},"modified":"2025-07-23T12:51:01","modified_gmt":"2025-07-23T11:51:01","slug":"klaxon-automatique-a-escargot-bseoch","status":"publish","type":"product","link":"https:\/\/autopdz.com\/ar\/product\/klaxon-automatique-a-escargot-bseoch\/","title":{"rendered":"Klaxon automatique \u00e0 escargot"},"content":{"rendered":"<p>Mod\u00e8les applicables :<\/p>\n<p>12 V universel, les meilleures performances.<\/p>\n<p>Excellente qualit\u00e9 : conception standard conforme aux normes europ\u00e9ennes.<\/p>\n<p>Longue dur\u00e9e de vie : technologie \u00e9tanche, protection efficace des haut-parleurs utilis\u00e9s.<\/p>\n<p>Avertissements : voix forte, environnement difficile, voix forte du haut-parleur claire<\/p>","protected":false},"excerpt":{"rendered":"<p>Mod\u00e8les applicables : 12 V universel, les meilleures performances. Excellente qualit\u00e9 : conception standard conforme aux normes europ\u00e9ennes. Longue dur\u00e9e de vie : technologie \u00e9tanche, protection efficace des haut-parleurs utilis\u00e9s. Avertissements : voix forte, environnement difficile, voix forte du haut-parleur claire<\/p>","protected":false},"featured_media":16348,"comment_status":"open","ping_status":"closed","template":"","meta":[],"product_brand":[],"product_cat":[26,24],"product_tag":[],"class_list":{"0":"post-16351","1":"product","2":"type-product","3":"status-publish","4":"has-post-thumbnail","6":"product_cat-accessoires-exterieur","7":"product_cat-accessoires-interieur","9":"first","10":"instock","11":"shipping-taxable","12":"purchasable","13":"product-type-simple"},"jetpack_sharing_enabled":true,"_links":{"self":[{"href":"https:\/\/autopdz.com\/ar\/wp-json\/wp\/v2\/product\/16351","targetHints":{"allow":["GET"]}}],"collection":[{"href":"https:\/\/autopdz.com\/ar\/wp-json\/wp\/v2\/product"}],"about":[{"href":"https:\/\/autopdz.com\/ar\/wp-json\/wp\/v2\/types\/product"}],"replies":[{"embeddable":true,"href":"https:\/\/autopdz.com\/ar\/wp-json\/wp\/v2\/comments?post=16351"}],"wp:featuredmedia":[{"embeddable":true,"href":"https:\/\/autopdz.com\/ar\/wp-json\/wp\/v2\/media\/16348"}],"wp:attachment":[{"href":"https:\/\/autopdz.com\/ar\/wp-json\/wp\/v2\/media?parent=16351"}],"wp:term":[{"taxonomy":"product_brand","embeddable":true,"href":"https:\/\/autopdz.com\/ar\/wp-json\/wp\/v2\/product_brand?post=16351"},{"taxonomy":"product_cat","embeddable":true,"href":"https:\/\/autopdz.com\/ar\/wp-json\/wp\/v2\/product_cat?post=16351"},{"taxonomy":"product_tag","embeddable":true,"href":"https:\/\/autopdz.com\/ar\/wp-json\/wp\/v2\/product_tag?post=16351"}],"curies":[{"name":"wp","href":"https:\/\/api.w.org\/{rel}","templated":true}]}}