{"id":18060,"date":"2025-07-01T14:40:52","date_gmt":"2025-07-01T13:40:52","guid":{"rendered":"https:\/\/autopdz.com\/product\/poste-car-play-mp5-voiture\/"},"modified":"2025-10-27T14:03:42","modified_gmt":"2025-10-27T13:03:42","slug":"poste-car-play-mp5-voiture","status":"publish","type":"product","link":"https:\/\/autopdz.com\/ar\/product\/poste-car-play-mp5-voiture\/","title":{"rendered":"Poste Radio Auto MirrorLink Car  Mp5"},"content":{"rendered":"<p>Caract\u00e9ristiques<\/p>\n<p>\u00c9cran tactile TFT num\u00e9rique de 6,9 pouces<\/p>\n<p>Avec emplacement pour carte, avec lecture multim\u00e9dia<\/p>\n<p>Format vid\u00e9o 1080p<\/p>\n<p>Prend en charge les formats de lecture audio MP3\/WMA\/WAV\/FLAC\/OGG\/APE<\/p>\n<p>Prend en charge les formats de lecture vid\u00e9o RM\/RMVB\/DVD(VOB)\/VCD (DAT)\/MP1\/MP2\/DIVX\/XVID\/MP4\/H263\/H264\/FLV\/3GP\/SWF\/AVI\/ASF\/MJPEG, etc.<\/p>\n<p>Amplificateur MOSFET 45 watts x 4 puissance de sortie maximale.<\/p>\n<p>Gamme FM : 87,5 MHz ~ 108 MHz (Europe)<\/p>\n<p>Avec t\u00e9l\u00e9commande<\/p>\n<p>Mise hors tension avec fonction de m\u00e9morisation automatique en mode radio ou lecture multim\u00e9dia<\/p>\n<p>Fonction horloge<\/p>\n<p>Fonction muet<\/p>\n<p>Fonction lecture de son mobile<\/p>\n<p>Fonction passer et recevoir des appels<\/p>\n<p>Stabilisateur de canaux graves et aigus, G et D<\/p>\n<p>Fonction entr\u00e9e auxiliaire<\/p>\n<p>Fonction cam\u00e9ra de recul<\/p>","protected":false},"excerpt":{"rendered":"<p>Caract\u00e9ristiques \u00c9cran tactile TFT num\u00e9rique de 6,9 pouces Avec emplacement pour carte, avec lecture multim\u00e9dia Format vid\u00e9o 1080p Prend en charge les formats de lecture audio MP3\/WMA\/WAV\/FLAC\/OGG\/APE Prend en charge les formats de lecture vid\u00e9o RM\/RMVB\/DVD(VOB)\/VCD (DAT)\/MP1\/MP2\/DIVX\/XVID\/MP4\/H263\/H264\/FLV\/3GP\/SWF\/AVI\/ASF\/MJPEG, etc. Amplificateur MOSFET 45 watts x 4 puissance de sortie maximale. Gamme FM : 87,5 MHz ~ 108 [&hellip;]<\/p>","protected":false},"featured_media":19114,"comment_status":"open","ping_status":"closed","template":"","meta":[],"product_brand":[],"product_cat":[24],"product_tag":[],"class_list":{"0":"post-18060","1":"product","2":"type-product","3":"status-publish","4":"has-post-thumbnail","6":"product_cat-accessoires-interieur","8":"first","9":"outofstock","10":"sale","11":"shipping-taxable","12":"purchasable","13":"product-type-simple"},"jetpack_sharing_enabled":true,"_links":{"self":[{"href":"https:\/\/autopdz.com\/ar\/wp-json\/wp\/v2\/product\/18060","targetHints":{"allow":["GET"]}}],"collection":[{"href":"https:\/\/autopdz.com\/ar\/wp-json\/wp\/v2\/product"}],"about":[{"href":"https:\/\/autopdz.com\/ar\/wp-json\/wp\/v2\/types\/product"}],"replies":[{"embeddable":true,"href":"https:\/\/autopdz.com\/ar\/wp-json\/wp\/v2\/comments?post=18060"}],"wp:featuredmedia":[{"embeddable":true,"href":"https:\/\/autopdz.com\/ar\/wp-json\/wp\/v2\/media\/19114"}],"wp:attachment":[{"href":"https:\/\/autopdz.com\/ar\/wp-json\/wp\/v2\/media?parent=18060"}],"wp:term":[{"taxonomy":"product_brand","embeddable":true,"href":"https:\/\/autopdz.com\/ar\/wp-json\/wp\/v2\/product_brand?post=18060"},{"taxonomy":"product_cat","embeddable":true,"href":"https:\/\/autopdz.com\/ar\/wp-json\/wp\/v2\/product_cat?post=18060"},{"taxonomy":"product_tag","embeddable":true,"href":"https:\/\/autopdz.com\/ar\/wp-json\/wp\/v2\/product_tag?post=18060"}],"curies":[{"name":"wp","href":"https:\/\/api.w.org\/{rel}","templated":true}]}}