{"id":18190,"date":"2025-07-03T15:07:37","date_gmt":"2025-07-03T14:07:37","guid":{"rendered":"https:\/\/autopdz.com\/product\/alarme-de-voiture-topsystem\/"},"modified":"2025-11-23T23:35:41","modified_gmt":"2025-11-23T22:35:41","slug":"alarme-de-voiture-topsystem","status":"publish","type":"product","link":"https:\/\/autopdz.com\/ar\/product\/alarme-de-voiture-topsystem\/","title":{"rendered":"Alarme De Voiture Topsystem"},"content":{"rendered":"<p>CARACT\u00c9RISTIQUES :<\/p>\n<p>OUVERTURE DU COFFRE<\/p>\n<p>R\u00c9GLAGE DE L&rsquo;ALARME SONORE ET LUMI\u00c8RE<\/p>\n<p>R\u00c9GLAGE DE L&rsquo;ALARME SILENCIEUSE<\/p>\n<p>R\u00c9GLAGE DE L&rsquo;ALARME DE D\u00c9CLENCHEMENT<\/p>\n<p>SYST\u00c8ME AUTOMATIQUE SANS CL\u00c9<\/p>\n<p>ANTI-D\u00c9TOURNEMENT<\/p>\n<p>FONCTION DE RECHERCHE DE V\u00c9HICULE<\/p>\n<p>ENREGISTREMENT DES VIBRATIONS<\/p>\n<p>_____<\/p>\n<p>ALERTE DE PORTE OUVERTE<\/p>\n<p>VERROUILLAGE CENTRALIS\u00c9 AUTOMATIQUE DES PORTES<\/p>\n<p>APPEL D&rsquo;URGENCE<\/p>\n<p>TRANSITION VERROUILLAGE \u00c9LECTRONIQUE\/COMPRESSEUR D&rsquo;AIR<\/p>\n<p>RELAIS DE VERROUILLAGE CENTRALIS\u00c9 INT\u00c9GR\u00c9<\/p>\n<p>LONGUE DISTANCE<\/p>\n<p>BOUTON DE R\u00c9INITIALISATION<\/p>\n<p>L\u00c8VE-VITRE \u00c9LECTRIQUE<\/p>","protected":false},"excerpt":{"rendered":"<p>CARACT\u00c9RISTIQUES : OUVERTURE DU COFFRE R\u00c9GLAGE DE L&rsquo;ALARME SONORE ET LUMI\u00c8RE R\u00c9GLAGE DE L&rsquo;ALARME SILENCIEUSE R\u00c9GLAGE DE L&rsquo;ALARME DE D\u00c9CLENCHEMENT SYST\u00c8ME AUTOMATIQUE SANS CL\u00c9 ANTI-D\u00c9TOURNEMENT FONCTION DE RECHERCHE DE V\u00c9HICULE ENREGISTREMENT DES VIBRATIONS _____ ALERTE DE PORTE OUVERTE VERROUILLAGE CENTRALIS\u00c9 AUTOMATIQUE DES PORTES APPEL D&rsquo;URGENCE TRANSITION VERROUILLAGE \u00c9LECTRONIQUE\/COMPRESSEUR D&rsquo;AIR RELAIS DE VERROUILLAGE CENTRALIS\u00c9 INT\u00c9GR\u00c9 LONGUE [&hellip;]<\/p>","protected":false},"featured_media":18185,"comment_status":"open","ping_status":"closed","template":"","meta":[],"product_brand":[],"product_cat":[26,24],"product_tag":[],"class_list":{"0":"post-18190","1":"product","2":"type-product","3":"status-publish","4":"has-post-thumbnail","6":"product_cat-accessoires-exterieur","7":"product_cat-accessoires-interieur","9":"first","10":"instock","11":"shipping-taxable","12":"purchasable","13":"product-type-simple"},"jetpack_sharing_enabled":true,"_links":{"self":[{"href":"https:\/\/autopdz.com\/ar\/wp-json\/wp\/v2\/product\/18190","targetHints":{"allow":["GET"]}}],"collection":[{"href":"https:\/\/autopdz.com\/ar\/wp-json\/wp\/v2\/product"}],"about":[{"href":"https:\/\/autopdz.com\/ar\/wp-json\/wp\/v2\/types\/product"}],"replies":[{"embeddable":true,"href":"https:\/\/autopdz.com\/ar\/wp-json\/wp\/v2\/comments?post=18190"}],"wp:featuredmedia":[{"embeddable":true,"href":"https:\/\/autopdz.com\/ar\/wp-json\/wp\/v2\/media\/18185"}],"wp:attachment":[{"href":"https:\/\/autopdz.com\/ar\/wp-json\/wp\/v2\/media?parent=18190"}],"wp:term":[{"taxonomy":"product_brand","embeddable":true,"href":"https:\/\/autopdz.com\/ar\/wp-json\/wp\/v2\/product_brand?post=18190"},{"taxonomy":"product_cat","embeddable":true,"href":"https:\/\/autopdz.com\/ar\/wp-json\/wp\/v2\/product_cat?post=18190"},{"taxonomy":"product_tag","embeddable":true,"href":"https:\/\/autopdz.com\/ar\/wp-json\/wp\/v2\/product_tag?post=18190"}],"curies":[{"name":"wp","href":"https:\/\/api.w.org\/{rel}","templated":true}]}}