{"id":18546,"date":"2025-07-09T14:44:29","date_gmt":"2025-07-09T13:44:29","guid":{"rendered":"https:\/\/autopdz.com\/product\/bluetooth-pour-voiture-mains-libres\/"},"modified":"2026-01-22T15:35:51","modified_gmt":"2026-01-22T14:35:51","slug":"bluetooth-pour-voiture-mains-libres","status":"publish","type":"product","link":"https:\/\/autopdz.com\/ar\/product\/bluetooth-pour-voiture-mains-libres\/","title":{"rendered":"Bluetooth pour voiture (mains libres)"},"content":{"rendered":"<p>Caract\u00e9ristiques<\/p>\n<p>Prend en charge le mode mains libres sans fil<\/p>\n<p>Prend en charge la lecture de musique st\u00e9r\u00e9o sans fil<\/p>\n<p>Annulation de l&rsquo;\u00e9cho et suppression du bruit<\/p>\n<p>Technologie (CVC)<\/p>\n<p>Fonction de m\u00e9moire de mise hors tension automatique<\/p>\n<p>Entr\u00e9e audio \u00e0 acc\u00e8s direct<\/p>\n<p>D\u00e9connectez, 3 minutes peuvent s&rsquo;\u00e9teindre automatiquement<\/p>\n<p>Sp\u00e9cifications<\/p>\n<p>Sans fil V3.0+EDR<\/p>\n<p>Classe 2, port\u00e9e 10 m<\/p>\n<p>Prend en charge le profil st\u00e9r\u00e9o A2DP<\/p>\n<p>Prise d&rsquo;entr\u00e9e st\u00e9r\u00e9o 3,5 mm<\/p>\n<p>Mode veille pour \u00e9conomiser l&rsquo;\u00e9nergie<\/p>\n<p>Le r\u00e9cepteur de musique sans fil BR se connecte \u00e0 des prises casque 3,5 mm<\/p>\n<p>pour \u00e9couteurs<\/p>\n<p>\u00e0 utiliser avec des cha\u00eenes st\u00e9r\u00e9o\/enceintes domestiques, des casques d&rsquo;autoradio (etc.)<\/p>\n<p>Bouton de connexion \u00e0 une touche pour un appairage facile des appareils. Jusqu&rsquo;\u00e0 8 heures de lecture de musique ou en continu avec un chargeur mini-USB<\/p>","protected":false},"excerpt":{"rendered":"<p>Caract\u00e9ristiques Prend en charge le mode mains libres sans fil Prend en charge la lecture de musique st\u00e9r\u00e9o sans fil Annulation de l&rsquo;\u00e9cho et suppression du bruit Technologie (CVC) Fonction de m\u00e9moire de mise hors tension automatique Entr\u00e9e audio \u00e0 acc\u00e8s direct D\u00e9connectez, 3 minutes peuvent s&rsquo;\u00e9teindre automatiquement Sp\u00e9cifications Sans fil V3.0+EDR Classe 2, port\u00e9e [&hellip;]<\/p>","protected":false},"featured_media":18544,"comment_status":"open","ping_status":"closed","template":"","meta":[],"product_brand":[],"product_cat":[24],"product_tag":[],"class_list":{"0":"post-18546","1":"product","2":"type-product","3":"status-publish","4":"has-post-thumbnail","6":"product_cat-accessoires-interieur","8":"first","9":"outofstock","10":"shipping-taxable","11":"purchasable","12":"product-type-simple"},"jetpack_sharing_enabled":true,"_links":{"self":[{"href":"https:\/\/autopdz.com\/ar\/wp-json\/wp\/v2\/product\/18546","targetHints":{"allow":["GET"]}}],"collection":[{"href":"https:\/\/autopdz.com\/ar\/wp-json\/wp\/v2\/product"}],"about":[{"href":"https:\/\/autopdz.com\/ar\/wp-json\/wp\/v2\/types\/product"}],"replies":[{"embeddable":true,"href":"https:\/\/autopdz.com\/ar\/wp-json\/wp\/v2\/comments?post=18546"}],"wp:featuredmedia":[{"embeddable":true,"href":"https:\/\/autopdz.com\/ar\/wp-json\/wp\/v2\/media\/18544"}],"wp:attachment":[{"href":"https:\/\/autopdz.com\/ar\/wp-json\/wp\/v2\/media?parent=18546"}],"wp:term":[{"taxonomy":"product_brand","embeddable":true,"href":"https:\/\/autopdz.com\/ar\/wp-json\/wp\/v2\/product_brand?post=18546"},{"taxonomy":"product_cat","embeddable":true,"href":"https:\/\/autopdz.com\/ar\/wp-json\/wp\/v2\/product_cat?post=18546"},{"taxonomy":"product_tag","embeddable":true,"href":"https:\/\/autopdz.com\/ar\/wp-json\/wp\/v2\/product_tag?post=18546"}],"curies":[{"name":"wp","href":"https:\/\/api.w.org\/{rel}","templated":true}]}}