{"id":18557,"date":"2025-07-09T15:08:11","date_gmt":"2025-07-09T14:08:11","guid":{"rendered":"https:\/\/autopdz.com\/?post_type=product&#038;p=18557"},"modified":"2026-04-16T15:42:39","modified_gmt":"2026-04-16T14:42:39","slug":"lampe-led-prilight-p6s-75w-14000lm","status":"publish","type":"product","link":"https:\/\/autopdz.com\/ar\/product\/lampe-led-prilight-p6s-75w-14000lm\/","title":{"rendered":"Lampe Led Prilight P6S 75W 14000LM"},"content":{"rendered":"<p>Capacit\u00e9 CEM<\/p>\n<p>D\u00e9codeur CANBUS<\/p>\n<p>CREE NOUVELLE G\u00c9N\u00c9RATION<\/p>\n<p>Contr\u00f4le INTELLIGENT DE LA TEMP\u00c9RATURE<\/p>","protected":false},"excerpt":{"rendered":"<p>Capacit\u00e9 CEM D\u00e9codeur CANBUS CREE NOUVELLE G\u00c9N\u00c9RATION Contr\u00f4le INTELLIGENT DE LA TEMP\u00c9RATURE<\/p>","protected":false},"featured_media":18556,"comment_status":"open","ping_status":"closed","template":"","meta":[],"product_brand":[],"product_cat":[23],"product_tag":[],"class_list":{"0":"post-18557","1":"product","2":"type-product","3":"status-publish","4":"has-post-thumbnail","6":"product_cat-eclairage","8":"first","9":"instock","10":"shipping-taxable","11":"purchasable","12":"product-type-variable"},"jetpack_sharing_enabled":true,"_links":{"self":[{"href":"https:\/\/autopdz.com\/ar\/wp-json\/wp\/v2\/product\/18557","targetHints":{"allow":["GET"]}}],"collection":[{"href":"https:\/\/autopdz.com\/ar\/wp-json\/wp\/v2\/product"}],"about":[{"href":"https:\/\/autopdz.com\/ar\/wp-json\/wp\/v2\/types\/product"}],"replies":[{"embeddable":true,"href":"https:\/\/autopdz.com\/ar\/wp-json\/wp\/v2\/comments?post=18557"}],"wp:featuredmedia":[{"embeddable":true,"href":"https:\/\/autopdz.com\/ar\/wp-json\/wp\/v2\/media\/18556"}],"wp:attachment":[{"href":"https:\/\/autopdz.com\/ar\/wp-json\/wp\/v2\/media?parent=18557"}],"wp:term":[{"taxonomy":"product_brand","embeddable":true,"href":"https:\/\/autopdz.com\/ar\/wp-json\/wp\/v2\/product_brand?post=18557"},{"taxonomy":"product_cat","embeddable":true,"href":"https:\/\/autopdz.com\/ar\/wp-json\/wp\/v2\/product_cat?post=18557"},{"taxonomy":"product_tag","embeddable":true,"href":"https:\/\/autopdz.com\/ar\/wp-json\/wp\/v2\/product_tag?post=18557"}],"curies":[{"name":"wp","href":"https:\/\/api.w.org\/{rel}","templated":true}]}}