{"id":19286,"date":"2025-07-22T14:04:43","date_gmt":"2025-07-22T13:04:43","guid":{"rendered":"https:\/\/autopdz.com\/product\/support-de-voiture-mobile-360\/"},"modified":"2025-07-22T14:04:43","modified_gmt":"2025-07-22T13:04:43","slug":"support-de-voiture-mobile-360","status":"publish","type":"product","link":"https:\/\/autopdz.com\/ar\/product\/support-de-voiture-mobile-360\/","title":{"rendered":"Support de voiture mobile 360\u00b0"},"content":{"rendered":"<p>Forme simple et compacte.<\/p>\n<p>Personnalit\u00e9 tendance.<\/p>\n<p>La forme g\u00e9n\u00e9rale est petite et \u00e9l\u00e9gante, ne prend pas de place, portable<\/p>\n<p>Rotation \u00e0 360 degr\u00e9s.<\/p>\n<p>L&rsquo;utilisation d&rsquo;un angle de liaison \u00e0 rotule rotatif et d&rsquo;un mandrin permet une rotation libre \u00e0 360 degr\u00e9s, facile et pratique, pour r\u00e9pondre \u00e0 tous vos besoins.<\/p>\n<p>Largement compatible.<\/p>\n<p>N&rsquo;abandonnez aucun type de mod\u00e8le, universel, pour une vari\u00e9t\u00e9 de smartphones.<\/p>\n<p>SUPPORT ADSORB\u00c9 CENTRAL AUTOMOBILE<\/p>\n<p>Quelques secondes pour installer, quelques secondes pour retirer.<\/p>\n<p>Adieu la lourdeur, pour une installation rapide ; une seconde pour prendre<\/p>","protected":false},"excerpt":{"rendered":"<p>Forme simple et compacte. Personnalit\u00e9 tendance. La forme g\u00e9n\u00e9rale est petite et \u00e9l\u00e9gante, ne prend pas de place, portable Rotation \u00e0 360 degr\u00e9s. L&rsquo;utilisation d&rsquo;un angle de liaison \u00e0 rotule rotatif et d&rsquo;un mandrin permet une rotation libre \u00e0 360 degr\u00e9s, facile et pratique, pour r\u00e9pondre \u00e0 tous vos besoins. Largement compatible. N&rsquo;abandonnez aucun type [&hellip;]<\/p>","protected":false},"featured_media":19284,"comment_status":"open","ping_status":"closed","template":"","meta":[],"product_brand":[],"product_cat":[38],"product_tag":[],"class_list":{"0":"post-19286","1":"product","2":"type-product","3":"status-publish","4":"has-post-thumbnail","6":"product_cat-support-telephone","8":"first","9":"instock","10":"shipping-taxable","11":"purchasable","12":"product-type-simple"},"jetpack_sharing_enabled":true,"_links":{"self":[{"href":"https:\/\/autopdz.com\/ar\/wp-json\/wp\/v2\/product\/19286","targetHints":{"allow":["GET"]}}],"collection":[{"href":"https:\/\/autopdz.com\/ar\/wp-json\/wp\/v2\/product"}],"about":[{"href":"https:\/\/autopdz.com\/ar\/wp-json\/wp\/v2\/types\/product"}],"replies":[{"embeddable":true,"href":"https:\/\/autopdz.com\/ar\/wp-json\/wp\/v2\/comments?post=19286"}],"wp:featuredmedia":[{"embeddable":true,"href":"https:\/\/autopdz.com\/ar\/wp-json\/wp\/v2\/media\/19284"}],"wp:attachment":[{"href":"https:\/\/autopdz.com\/ar\/wp-json\/wp\/v2\/media?parent=19286"}],"wp:term":[{"taxonomy":"product_brand","embeddable":true,"href":"https:\/\/autopdz.com\/ar\/wp-json\/wp\/v2\/product_brand?post=19286"},{"taxonomy":"product_cat","embeddable":true,"href":"https:\/\/autopdz.com\/ar\/wp-json\/wp\/v2\/product_cat?post=19286"},{"taxonomy":"product_tag","embeddable":true,"href":"https:\/\/autopdz.com\/ar\/wp-json\/wp\/v2\/product_tag?post=19286"}],"curies":[{"name":"wp","href":"https:\/\/api.w.org\/{rel}","templated":true}]}}