{"id":19515,"date":"2025-07-26T15:12:56","date_gmt":"2025-07-26T14:12:56","guid":{"rendered":"https:\/\/autopdz.com\/product\/poste-radio-multimedia-mp3\/"},"modified":"2026-04-02T09:36:29","modified_gmt":"2026-04-02T08:36:29","slug":"poste-radio-multimedia-mp3","status":"publish","type":"product","link":"https:\/\/autopdz.com\/ar\/product\/poste-radio-multimedia-mp3\/","title":{"rendered":"Poste Radio Multim\u00e9dia Bluetooth"},"content":{"rendered":"<p>Sp\u00e9cifications<\/p>\n<p>\u00c9cran : LCD<\/p>\n<p>Panneau : Panneau fixe<\/p>\n<p>\u00c9galiseur : 10 \u00e9galiseurs param\u00e9triques, 6 pr\u00e9r\u00e9glages<\/p>\n<p>Entr\u00e9e AUX : Entr\u00e9e AUX 3,5 mm en fa\u00e7ade<\/p>\n<p>Sortie ligne : Sortie ligne pr\u00e9ampli avant et arri\u00e8re<\/p>\n<p>Interface : USB en fa\u00e7ade<\/p>\n<p>Lecture : MP3\/WMA\/FLAC<\/p>\n<p>Radio : FM<\/p>\n<p>Contr\u00f4le par application : Contr\u00f4le audio de voiture par application pour smartphone<\/p>\n<p>Puissance maximale : 4 x 50 W<\/p>\n<p>Chargeur : Chargeur universel 1 A (via USB)<\/p>\n<p>T\u00e9l\u00e9commande : T\u00e9l\u00e9commande 8 touches (pile incluse)<\/p>","protected":false},"excerpt":{"rendered":"<p>Sp\u00e9cifications \u00c9cran : LCD Panneau : Panneau fixe \u00c9galiseur : 10 \u00e9galiseurs param\u00e9triques, 6 pr\u00e9r\u00e9glages Entr\u00e9e AUX : Entr\u00e9e AUX 3,5 mm en fa\u00e7ade Sortie ligne : Sortie ligne pr\u00e9ampli avant et arri\u00e8re Interface : USB en fa\u00e7ade Lecture : MP3\/WMA\/FLAC Radio : FM Contr\u00f4le par application : Contr\u00f4le audio de voiture par application pour [&hellip;]<\/p>","protected":false},"featured_media":29648,"comment_status":"open","ping_status":"closed","template":"","meta":[],"product_brand":[],"product_cat":[24],"product_tag":[],"class_list":{"0":"post-19515","1":"product","2":"type-product","3":"status-publish","4":"has-post-thumbnail","6":"product_cat-accessoires-interieur","8":"first","9":"outofstock","10":"sale","11":"shipping-taxable","12":"purchasable","13":"product-type-simple"},"jetpack_sharing_enabled":true,"_links":{"self":[{"href":"https:\/\/autopdz.com\/ar\/wp-json\/wp\/v2\/product\/19515","targetHints":{"allow":["GET"]}}],"collection":[{"href":"https:\/\/autopdz.com\/ar\/wp-json\/wp\/v2\/product"}],"about":[{"href":"https:\/\/autopdz.com\/ar\/wp-json\/wp\/v2\/types\/product"}],"replies":[{"embeddable":true,"href":"https:\/\/autopdz.com\/ar\/wp-json\/wp\/v2\/comments?post=19515"}],"wp:featuredmedia":[{"embeddable":true,"href":"https:\/\/autopdz.com\/ar\/wp-json\/wp\/v2\/media\/29648"}],"wp:attachment":[{"href":"https:\/\/autopdz.com\/ar\/wp-json\/wp\/v2\/media?parent=19515"}],"wp:term":[{"taxonomy":"product_brand","embeddable":true,"href":"https:\/\/autopdz.com\/ar\/wp-json\/wp\/v2\/product_brand?post=19515"},{"taxonomy":"product_cat","embeddable":true,"href":"https:\/\/autopdz.com\/ar\/wp-json\/wp\/v2\/product_cat?post=19515"},{"taxonomy":"product_tag","embeddable":true,"href":"https:\/\/autopdz.com\/ar\/wp-json\/wp\/v2\/product_tag?post=19515"}],"curies":[{"name":"wp","href":"https:\/\/api.w.org\/{rel}","templated":true}]}}