{"id":20225,"date":"2025-08-07T15:01:04","date_gmt":"2025-08-07T14:01:04","guid":{"rendered":"https:\/\/autopdz.com\/product\/joint-detancheite-universel-auto-adhesif-en-caoutchouc-15m\/"},"modified":"2025-11-12T09:26:22","modified_gmt":"2025-11-12T08:26:22","slug":"joint-detancheite-universel-auto-adhesif-en-caoutchouc-15m","status":"publish","type":"product","link":"https:\/\/autopdz.com\/ar\/product\/joint-detancheite-universel-auto-adhesif-en-caoutchouc-15m\/","title":{"rendered":"joint d&rsquo;\u00e9tanch\u00e9it\u00e9 universel auto-adh\u00e9sif en caoutchouc 15M"},"content":{"rendered":"","protected":false},"excerpt":{"rendered":"","protected":false},"featured_media":20223,"comment_status":"open","ping_status":"closed","template":"","meta":[],"product_brand":[],"product_cat":[26],"product_tag":[],"class_list":{"0":"post-20225","1":"product","2":"type-product","3":"status-publish","4":"has-post-thumbnail","6":"product_cat-accessoires-exterieur","8":"first","9":"outofstock","10":"shipping-taxable","11":"purchasable","12":"product-type-simple"},"jetpack_sharing_enabled":true,"_links":{"self":[{"href":"https:\/\/autopdz.com\/ar\/wp-json\/wp\/v2\/product\/20225","targetHints":{"allow":["GET"]}}],"collection":[{"href":"https:\/\/autopdz.com\/ar\/wp-json\/wp\/v2\/product"}],"about":[{"href":"https:\/\/autopdz.com\/ar\/wp-json\/wp\/v2\/types\/product"}],"replies":[{"embeddable":true,"href":"https:\/\/autopdz.com\/ar\/wp-json\/wp\/v2\/comments?post=20225"}],"wp:featuredmedia":[{"embeddable":true,"href":"https:\/\/autopdz.com\/ar\/wp-json\/wp\/v2\/media\/20223"}],"wp:attachment":[{"href":"https:\/\/autopdz.com\/ar\/wp-json\/wp\/v2\/media?parent=20225"}],"wp:term":[{"taxonomy":"product_brand","embeddable":true,"href":"https:\/\/autopdz.com\/ar\/wp-json\/wp\/v2\/product_brand?post=20225"},{"taxonomy":"product_cat","embeddable":true,"href":"https:\/\/autopdz.com\/ar\/wp-json\/wp\/v2\/product_cat?post=20225"},{"taxonomy":"product_tag","embeddable":true,"href":"https:\/\/autopdz.com\/ar\/wp-json\/wp\/v2\/product_tag?post=20225"}],"curies":[{"name":"wp","href":"https:\/\/api.w.org\/{rel}","templated":true}]}}