{"id":2065,"date":"2024-05-13T12:17:06","date_gmt":"2024-05-13T11:17:06","guid":{"rendered":"https:\/\/autopdz.com\/product\/support-de-telephone-automobile-rotatif-a-360\/"},"modified":"2026-02-18T15:41:37","modified_gmt":"2026-02-18T14:41:37","slug":"support-de-telephone-automobile-rotatif-a-360","status":"publish","type":"product","link":"https:\/\/autopdz.com\/ar\/product\/support-de-telephone-automobile-rotatif-a-360\/","title":{"rendered":"Support de t\u00e9l\u00e9phone automobile rotatif \u00e0 360\u00b0"},"content":{"rendered":"<p>Technologie d&rsquo;aspiration magn\u00e9tique am\u00e9lior\u00e9e : ce support de t\u00e9l\u00e9phone de voiture utilise une ventouse magn\u00e9tique am\u00e9lior\u00e9e et un bras m\u00e9canique pour maintenir votre t\u00e9l\u00e9phone fermement et en toute s\u00e9curit\u00e9. Aucune pince ou support n&rsquo;est n\u00e9cessaire, il suffit de coller votre t\u00e9l\u00e9phone au support et de profiter de la balade.<br \/>\nMat\u00e9riau en alliage a\u00e9ronautique : notre support de t\u00e9l\u00e9phone magn\u00e9tique pour voiture est un incontournable pour tout conducteur. Avec son design r\u00e9utilisable et fiable, vous pouvez facilement fixer et d\u00e9tacher votre t\u00e9l\u00e9phone de votre tableau de bord.<br \/>\nRangement pliable : notre support de t\u00e9l\u00e9phone magn\u00e9tique de voiture vous permet de monter votre t\u00e9l\u00e9phone sur la grille d&rsquo;a\u00e9ration d&rsquo;un simple clic. Il n&rsquo;affecte pas votre vue pendant la conduite et ne prend pas de place sur votre tableau de bord. Il se replie \u00e9galement pour un rangement facile lorsqu&rsquo;il n&rsquo;est pas utilis\u00e9.<br \/>\nR\u00e9glage de la rotation \u00e0 360\u00b0 : le support de t\u00e9l\u00e9phone magn\u00e9tique de voiture dispose d&rsquo;une boule de direction universelle en m\u00e9tal qui assure une adh\u00e9rence parfaite sur n&rsquo;importe quelle route. Avec un angle de r\u00e9glage libre \u00e0 360\u00b0 et une rotation facile, ce support offre une excellente exp\u00e9rience visuelle pendant la conduite, n&rsquo;importe o\u00f9 et n&rsquo;importe quand.<br \/>\nRuban adh\u00e9sif puissant : ce support de t\u00e9l\u00e9phone magn\u00e9tique de voiture peut coller fermement sur la console centrale de voiture, la cuisine et d&rsquo;autres sc\u00e8nes, gr\u00e2ce \u00e0 son adh\u00e9sif sp\u00e9cial qui a une performance de collage dix fois meilleure que les ordinaires.<\/p>","protected":false},"excerpt":{"rendered":"<p>Technologie d&rsquo;aspiration magn\u00e9tique am\u00e9lior\u00e9e : ce support de t\u00e9l\u00e9phone de voiture utilise une ventouse magn\u00e9tique am\u00e9lior\u00e9e et un bras m\u00e9canique pour maintenir votre t\u00e9l\u00e9phone fermement et en toute s\u00e9curit\u00e9. Aucune pince ou support n&rsquo;est n\u00e9cessaire, il suffit de coller votre t\u00e9l\u00e9phone au support et de profiter de la balade. Mat\u00e9riau en alliage a\u00e9ronautique : notre [&hellip;]<\/p>","protected":false},"featured_media":2059,"comment_status":"open","ping_status":"closed","template":"","meta":[],"product_brand":[],"product_cat":[38],"product_tag":[],"class_list":{"0":"post-2065","1":"product","2":"type-product","3":"status-publish","4":"has-post-thumbnail","6":"product_cat-support-telephone","8":"first","9":"outofstock","10":"shipping-taxable","11":"purchasable","12":"product-type-simple"},"jetpack_sharing_enabled":true,"_links":{"self":[{"href":"https:\/\/autopdz.com\/ar\/wp-json\/wp\/v2\/product\/2065","targetHints":{"allow":["GET"]}}],"collection":[{"href":"https:\/\/autopdz.com\/ar\/wp-json\/wp\/v2\/product"}],"about":[{"href":"https:\/\/autopdz.com\/ar\/wp-json\/wp\/v2\/types\/product"}],"replies":[{"embeddable":true,"href":"https:\/\/autopdz.com\/ar\/wp-json\/wp\/v2\/comments?post=2065"}],"wp:featuredmedia":[{"embeddable":true,"href":"https:\/\/autopdz.com\/ar\/wp-json\/wp\/v2\/media\/2059"}],"wp:attachment":[{"href":"https:\/\/autopdz.com\/ar\/wp-json\/wp\/v2\/media?parent=2065"}],"wp:term":[{"taxonomy":"product_brand","embeddable":true,"href":"https:\/\/autopdz.com\/ar\/wp-json\/wp\/v2\/product_brand?post=2065"},{"taxonomy":"product_cat","embeddable":true,"href":"https:\/\/autopdz.com\/ar\/wp-json\/wp\/v2\/product_cat?post=2065"},{"taxonomy":"product_tag","embeddable":true,"href":"https:\/\/autopdz.com\/ar\/wp-json\/wp\/v2\/product_tag?post=2065"}],"curies":[{"name":"wp","href":"https:\/\/api.w.org\/{rel}","templated":true}]}}