{"id":2073,"date":"2024-05-13T12:44:02","date_gmt":"2024-05-13T11:44:02","guid":{"rendered":"https:\/\/autopdz.com\/product\/diffuseur-de-parfum-de-voiture-rotation-dhelicoptere\/"},"modified":"2024-05-13T12:44:14","modified_gmt":"2024-05-13T11:44:14","slug":"diffuseur-de-parfum-de-voiture-rotation-dhelicoptere","status":"publish","type":"product","link":"https:\/\/autopdz.com\/ar\/product\/diffuseur-de-parfum-de-voiture-rotation-dhelicoptere\/","title":{"rendered":"Diffuseur de parfum de voiture Rotation d&rsquo;h\u00e9licopt\u00e8re"},"content":{"rendered":"<p>Nom du produit: diffuseur d&rsquo;ar\u00f4me de voiture<\/p>\n<p>Dur\u00e9e de conservation : trois ans<\/p>\n<p>Fonction du produit : d\u00e9odorant<\/p>\n<p>Parfum : Bois\u00e9<\/p>\n<p>Mat\u00e9riau du si\u00e8ge de parfum : m\u00e9tal.<\/p>\n<p>Contenu net : 10 mL-20 mL<\/p>\n<p>Temps de volatilit\u00e9 : 61 \u00e0 90 jours<\/p>\n<p>Type de classification : diffuseur d&rsquo;ar\u00f4mes de si\u00e8ge.<\/p>\n<p>Sc\u00e8ne Applicable: voiture universelle<\/p>\n<p>Caract\u00e9ristiques:<\/p>\n<p>1. \u00c9limine efficacement les odeurs de COVT, de benz\u00e8ne et d&rsquo;autres gaz nocifs pour prot\u00e9ger la sant\u00e9 de la famille et purifier efficacement l&rsquo;air de la voiture sans se couvrir.<\/p>\n<p>2. Aromath\u00e9rapie rotative intelligente solaire, technologie de moteur am\u00e9lior\u00e9e, parfum fran\u00e7ais haut de gamme, d\u00e9sodorisation et d\u00e9sodorisation rapides<\/p>\n<p>3. Le taux d&rsquo;\u00e9limination des ald\u00e9hydes de la turbine tournant \u00e0 12 000 tr\/min atteint 99,2 %, et la voiture est pleine de parfum en 0,1 seconde.<\/p>\n<p>4. \u00c9limination efficace des ald\u00e9hydes, antibact\u00e9rien dynamique, riche en facteurs v\u00e9g\u00e9taux, d\u00e9compose et \u00e9limine puissamment les odeurs, cr\u00e9e un environnement int\u00e9rieur de voiture pur et dure vraiment dix ans.<\/p>\n<p>5. Ar\u00f4me naturel, rejeter le baume synth\u00e9tis\u00e9 chimiquement et y int\u00e9grer des huiles essentielles<\/p>\n<p>6. Pas besoin de charger, faites pivoter lorsqu&rsquo;il y a de la lumi\u00e8re, diffusez activement le parfum, utilisez un panneau de collecte d&rsquo;\u00e9nergie de qualit\u00e9 a\u00e9ronautique pour concentrer activement la lumi\u00e8re et faites pivoter pour acc\u00e9l\u00e9rer la diffusion du parfum.<\/p>\n<p>7. D\u00e9tails Seiko, couches de contr\u00f4les, conception de formes g\u00e9om\u00e9triques et \u00e9nergie solaire pour r\u00e9aliser la rotation<\/p>\n<p>Emballage inclus:<\/p>\n<p>1 * Aromath\u00e9rapie<\/p>\n<p>1 * huile essentielle<\/p>\n<p>1 * comprim\u00e9s d&rsquo;aromath\u00e9rapie en bois de h\u00eatre<\/p>\n<p>1 * coussin antid\u00e9rapant<\/p>","protected":false},"excerpt":{"rendered":"<p>Nom du produit: diffuseur d&rsquo;ar\u00f4me de voiture Dur\u00e9e de conservation : trois ans Fonction du produit : d\u00e9odorant Parfum : Bois\u00e9 Mat\u00e9riau du si\u00e8ge de parfum : m\u00e9tal. Contenu net : 10 mL-20 mL Temps de volatilit\u00e9 : 61 \u00e0 90 jours Type de classification : diffuseur d&rsquo;ar\u00f4mes de si\u00e8ge. Sc\u00e8ne Applicable: voiture universelle Caract\u00e9ristiques: [&hellip;]<\/p>","protected":false},"featured_media":2070,"comment_status":"open","ping_status":"closed","template":"","meta":[],"product_brand":[],"product_cat":[24],"product_tag":[],"class_list":{"0":"post-2073","1":"product","2":"type-product","3":"status-publish","4":"has-post-thumbnail","6":"product_cat-accessoires-interieur","8":"first","9":"instock","10":"shipping-taxable","11":"purchasable","12":"product-type-simple"},"jetpack_sharing_enabled":true,"_links":{"self":[{"href":"https:\/\/autopdz.com\/ar\/wp-json\/wp\/v2\/product\/2073","targetHints":{"allow":["GET"]}}],"collection":[{"href":"https:\/\/autopdz.com\/ar\/wp-json\/wp\/v2\/product"}],"about":[{"href":"https:\/\/autopdz.com\/ar\/wp-json\/wp\/v2\/types\/product"}],"replies":[{"embeddable":true,"href":"https:\/\/autopdz.com\/ar\/wp-json\/wp\/v2\/comments?post=2073"}],"wp:featuredmedia":[{"embeddable":true,"href":"https:\/\/autopdz.com\/ar\/wp-json\/wp\/v2\/media\/2070"}],"wp:attachment":[{"href":"https:\/\/autopdz.com\/ar\/wp-json\/wp\/v2\/media?parent=2073"}],"wp:term":[{"taxonomy":"product_brand","embeddable":true,"href":"https:\/\/autopdz.com\/ar\/wp-json\/wp\/v2\/product_brand?post=2073"},{"taxonomy":"product_cat","embeddable":true,"href":"https:\/\/autopdz.com\/ar\/wp-json\/wp\/v2\/product_cat?post=2073"},{"taxonomy":"product_tag","embeddable":true,"href":"https:\/\/autopdz.com\/ar\/wp-json\/wp\/v2\/product_tag?post=2073"}],"curies":[{"name":"wp","href":"https:\/\/api.w.org\/{rel}","templated":true}]}}