{"id":2077,"date":"2024-05-13T13:49:36","date_gmt":"2024-05-13T12:49:36","guid":{"rendered":"https:\/\/autopdz.com\/product\/couvre-pedal-de-voiture-3pcs\/"},"modified":"2025-01-16T07:22:17","modified_gmt":"2025-01-16T06:22:17","slug":"couvre-pedal-de-voiture-3pcs","status":"publish","type":"product","link":"https:\/\/autopdz.com\/ar\/product\/couvre-pedal-de-voiture-3pcs\/","title":{"rendered":"Couvre pedal de voiture 3pcs"},"content":{"rendered":"<p>Description<br \/>\n* Installation facile, aucun per\u00e7age ou soudure requis.<br \/>\n* Serrer la p\u00e9dale d&rsquo;origine avec les vis du dessous<br \/>\n* La surface antid\u00e9rapante donne d&rsquo;excellentes performances et une bonne prise en main.<br \/>\n* Fabriqu\u00e9 en ABS de haute qualit\u00e9 et fini chrome.<br \/>\n* S\u00e9curitaire pour conduire et r\u00e9duire la fatigue des pieds<br \/>\nEmballage inclus: 1 x p\u00e9dale d&rsquo;acc\u00e9l\u00e9rateur 1 x p\u00e9dale de frein 1 x p\u00e9dale d&#8217;embrayage 1 x jeu de vis<\/p>\n<p>Principales caract\u00e9ristiques<br \/>\n-Mod\u00e8les applicables: Univerial<br \/>\n-Comment installer<br \/>\n&#8211;  Monter les sangles avec les vis et les \u00e9crous sur chaque couvercle de la p\u00e9dale.<br \/>\n-Placez le couvre-p\u00e9dale dans la bonne position pour replier les sangles autour des p\u00e9dales d&rsquo;origine.<br \/>\n&#8211; V\u00e9rifiez si les sangles peuvent \u00eatre repli\u00e9es autour des p\u00e9dales<\/p>","protected":false},"excerpt":{"rendered":"<p>Description * Installation facile, aucun per\u00e7age ou soudure requis. * Serrer la p\u00e9dale d&rsquo;origine avec les vis du dessous * La surface antid\u00e9rapante donne d&rsquo;excellentes performances et une bonne prise en main. * Fabriqu\u00e9 en ABS de haute qualit\u00e9 et fini chrome. * S\u00e9curitaire pour conduire et r\u00e9duire la fatigue des pieds Emballage inclus: 1 [&hellip;]<\/p>","protected":false},"featured_media":2076,"comment_status":"open","ping_status":"closed","template":"","meta":[],"product_brand":[],"product_cat":[24],"product_tag":[],"class_list":{"0":"post-2077","1":"product","2":"type-product","3":"status-publish","4":"has-post-thumbnail","6":"product_cat-accessoires-interieur","8":"first","9":"instock","10":"shipping-taxable","11":"purchasable","12":"product-type-variable"},"jetpack_sharing_enabled":true,"_links":{"self":[{"href":"https:\/\/autopdz.com\/ar\/wp-json\/wp\/v2\/product\/2077","targetHints":{"allow":["GET"]}}],"collection":[{"href":"https:\/\/autopdz.com\/ar\/wp-json\/wp\/v2\/product"}],"about":[{"href":"https:\/\/autopdz.com\/ar\/wp-json\/wp\/v2\/types\/product"}],"replies":[{"embeddable":true,"href":"https:\/\/autopdz.com\/ar\/wp-json\/wp\/v2\/comments?post=2077"}],"wp:featuredmedia":[{"embeddable":true,"href":"https:\/\/autopdz.com\/ar\/wp-json\/wp\/v2\/media\/2076"}],"wp:attachment":[{"href":"https:\/\/autopdz.com\/ar\/wp-json\/wp\/v2\/media?parent=2077"}],"wp:term":[{"taxonomy":"product_brand","embeddable":true,"href":"https:\/\/autopdz.com\/ar\/wp-json\/wp\/v2\/product_brand?post=2077"},{"taxonomy":"product_cat","embeddable":true,"href":"https:\/\/autopdz.com\/ar\/wp-json\/wp\/v2\/product_cat?post=2077"},{"taxonomy":"product_tag","embeddable":true,"href":"https:\/\/autopdz.com\/ar\/wp-json\/wp\/v2\/product_tag?post=2077"}],"curies":[{"name":"wp","href":"https:\/\/api.w.org\/{rel}","templated":true}]}}