{"id":2081,"date":"2024-05-13T14:10:38","date_gmt":"2024-05-13T13:10:38","guid":{"rendered":"https:\/\/autopdz.com\/product\/pistolet-de-soudage-plastique-tolier-rouge\/"},"modified":"2025-10-27T14:18:16","modified_gmt":"2025-10-27T13:18:16","slug":"pistolet-de-soudage-plastique-tolier-rouge","status":"publish","type":"product","link":"https:\/\/autopdz.com\/ar\/product\/pistolet-de-soudage-plastique-tolier-rouge\/","title":{"rendered":"Pistolet De Soudage Plastique T\u00f4lier"},"content":{"rendered":"<p>\/ 11.42*9.06*1.97in<\/p>\n<p>Poids du colis: 900g \/ 31.75oz<\/p>\n<p>Fonction 1: soudage du plastique (sans clous) soudage de remplissage, r\u00e9paration des trous et \u00e9limination des espaces.<\/p>\n<p>Fonction 2: planter des ongles avec divers ongles de r\u00e9paration, il peut r\u00e9parer les fissures horizontales, verticales, longues et courtes.<\/p>\n<p>Fonction 3: le chauffage du plastique de lissage \u00e0 chaud est liss\u00e9, soud\u00e9, doubl\u00e9 de r\u00e9sistance et joliment ajout\u00e9.<\/p>\n<p>Fonction 4: d\u00e9coupe thermique il peut \u00eatre utilis\u00e9 pour couper \u00e0 chaud des cordes en plastique, couper \u00e0 plat et sceller automatiquement.<\/p>\n<p>Fonction 5: la chaleur\/refroidissement du soudage \u00e0 l\u2019\u00e9tain est plus rapide, plus efficace et plus \u00e9conome en \u00e9nergie que les machines \u00e0 souder g\u00e9n\u00e9rales.<\/p>\n<p>Liste de paquet:<\/p>\n<p>1 * Machine \u00e0 souder les plastiques<\/p>\n<p>1 * \u00c9tui de transport<\/p>\n<p>1 * pince Coupante<\/p>\n<p>1 x R\u00e9paration pince<\/p>\n<p>50 * plat Agrafe<\/p>\n<p>Agrafes en forme de M 50 *<\/p>\n<p>Agrafes en forme de V 50 *<\/p>\n<p>50 * vague Agrafe<\/p>","protected":false},"excerpt":{"rendered":"<p>\/ 11.42*9.06*1.97in Poids du colis: 900g \/ 31.75oz Fonction 1: soudage du plastique (sans clous) soudage de remplissage, r\u00e9paration des trous et \u00e9limination des espaces. Fonction 2: planter des ongles avec divers ongles de r\u00e9paration, il peut r\u00e9parer les fissures horizontales, verticales, longues et courtes. Fonction 3: le chauffage du plastique de lissage \u00e0 chaud [&hellip;]<\/p>","protected":false},"featured_media":2079,"comment_status":"open","ping_status":"closed","template":"","meta":[],"product_brand":[],"product_cat":[15],"product_tag":[],"class_list":{"0":"post-2081","1":"product","2":"type-product","3":"status-publish","4":"has-post-thumbnail","6":"product_cat-divers","8":"first","9":"outofstock","10":"shipping-taxable","11":"purchasable","12":"product-type-simple"},"jetpack_sharing_enabled":true,"_links":{"self":[{"href":"https:\/\/autopdz.com\/ar\/wp-json\/wp\/v2\/product\/2081","targetHints":{"allow":["GET"]}}],"collection":[{"href":"https:\/\/autopdz.com\/ar\/wp-json\/wp\/v2\/product"}],"about":[{"href":"https:\/\/autopdz.com\/ar\/wp-json\/wp\/v2\/types\/product"}],"replies":[{"embeddable":true,"href":"https:\/\/autopdz.com\/ar\/wp-json\/wp\/v2\/comments?post=2081"}],"wp:featuredmedia":[{"embeddable":true,"href":"https:\/\/autopdz.com\/ar\/wp-json\/wp\/v2\/media\/2079"}],"wp:attachment":[{"href":"https:\/\/autopdz.com\/ar\/wp-json\/wp\/v2\/media?parent=2081"}],"wp:term":[{"taxonomy":"product_brand","embeddable":true,"href":"https:\/\/autopdz.com\/ar\/wp-json\/wp\/v2\/product_brand?post=2081"},{"taxonomy":"product_cat","embeddable":true,"href":"https:\/\/autopdz.com\/ar\/wp-json\/wp\/v2\/product_cat?post=2081"},{"taxonomy":"product_tag","embeddable":true,"href":"https:\/\/autopdz.com\/ar\/wp-json\/wp\/v2\/product_tag?post=2081"}],"curies":[{"name":"wp","href":"https:\/\/api.w.org\/{rel}","templated":true}]}}