{"id":20928,"date":"2025-08-16T14:48:15","date_gmt":"2025-08-16T13:48:15","guid":{"rendered":"https:\/\/autopdz.com\/product\/formule-9000-gs-27-diesel\/"},"modified":"2025-08-16T14:48:15","modified_gmt":"2025-08-16T13:48:15","slug":"formule-9000-gs-27-diesel","status":"publish","type":"product","link":"https:\/\/autopdz.com\/ar\/product\/formule-9000-gs-27-diesel\/","title":{"rendered":"Formule 9000 GS 27 Diesel"},"content":{"rendered":"<p>Ce produit est un multifonction, il nettoie, lubrifie les m\u00e9caniques et augmente les performances du moteur. Maintient les injecteurs en parfait \u00e9tat de propret\u00e9. Evite l&rsquo;encrassement des chambres de combustion. Absorbe l&rsquo;humidit\u00e9 pr\u00e9sente dans le combustible, facilite les d\u00e9marrages. Permet de r\u00e9duire l&rsquo;encrassement du syst\u00e8me d&rsquo;injection, facteur de probl\u00e8mes tels que ralenti irr\u00e9gulier, pollution, consommation, excessive, d\u00e9marrage difficile, etc&#8230; Assure une long\u00e9vit\u00e9 des m\u00e9caniques, augmente les performances du moteur. Evite les gommes et d\u00e9p\u00f4ts au niveau des si\u00e8ges de soupapes. Am\u00e9liore la combustion et r\u00e9duit l&rsquo;\u00e9mission de fum\u00e9es noires.<\/p>\n<p>Optimisation de la dur\u00e9e de vie de votre moteur et de ses performances en am\u00e9liorant les taux de compression. Economie de carburant. R\u00e9duction de la consommation d&rsquo;huile, de l&rsquo;usure de votre moteur, de la pollution de l&rsquo;air et des gaz d&rsquo;\u00e9chappement.<\/p>","protected":false},"excerpt":{"rendered":"<p>Ce produit est un multifonction, il nettoie, lubrifie les m\u00e9caniques et augmente les performances du moteur. Maintient les injecteurs en parfait \u00e9tat de propret\u00e9. Evite l&rsquo;encrassement des chambres de combustion. Absorbe l&rsquo;humidit\u00e9 pr\u00e9sente dans le combustible, facilite les d\u00e9marrages. Permet de r\u00e9duire l&rsquo;encrassement du syst\u00e8me d&rsquo;injection, facteur de probl\u00e8mes tels que ralenti irr\u00e9gulier, pollution, consommation, [&hellip;]<\/p>","protected":false},"featured_media":20927,"comment_status":"open","ping_status":"closed","template":"","meta":[],"product_brand":[],"product_cat":[24],"product_tag":[],"class_list":{"0":"post-20928","1":"product","2":"type-product","3":"status-publish","4":"has-post-thumbnail","6":"product_cat-accessoires-interieur","8":"first","9":"instock","10":"shipping-taxable","11":"purchasable","12":"product-type-simple"},"jetpack_sharing_enabled":true,"_links":{"self":[{"href":"https:\/\/autopdz.com\/ar\/wp-json\/wp\/v2\/product\/20928","targetHints":{"allow":["GET"]}}],"collection":[{"href":"https:\/\/autopdz.com\/ar\/wp-json\/wp\/v2\/product"}],"about":[{"href":"https:\/\/autopdz.com\/ar\/wp-json\/wp\/v2\/types\/product"}],"replies":[{"embeddable":true,"href":"https:\/\/autopdz.com\/ar\/wp-json\/wp\/v2\/comments?post=20928"}],"wp:featuredmedia":[{"embeddable":true,"href":"https:\/\/autopdz.com\/ar\/wp-json\/wp\/v2\/media\/20927"}],"wp:attachment":[{"href":"https:\/\/autopdz.com\/ar\/wp-json\/wp\/v2\/media?parent=20928"}],"wp:term":[{"taxonomy":"product_brand","embeddable":true,"href":"https:\/\/autopdz.com\/ar\/wp-json\/wp\/v2\/product_brand?post=20928"},{"taxonomy":"product_cat","embeddable":true,"href":"https:\/\/autopdz.com\/ar\/wp-json\/wp\/v2\/product_cat?post=20928"},{"taxonomy":"product_tag","embeddable":true,"href":"https:\/\/autopdz.com\/ar\/wp-json\/wp\/v2\/product_tag?post=20928"}],"curies":[{"name":"wp","href":"https:\/\/api.w.org\/{rel}","templated":true}]}}