{"id":20942,"date":"2025-08-16T15:20:26","date_gmt":"2025-08-16T14:20:26","guid":{"rendered":"https:\/\/autopdz.com\/product\/shampoing-pour-voiture-avec-cire-1l-k2\/"},"modified":"2025-10-20T12:33:58","modified_gmt":"2025-10-20T11:33:58","slug":"shampoing-pour-voiture-avec-cire-1l-k2","status":"publish","type":"product","link":"https:\/\/autopdz.com\/ar\/product\/shampoing-pour-voiture-avec-cire-1l-k2\/","title":{"rendered":"Shampoing  Pour Voiture Avec Cire 1L K2"},"content":{"rendered":"<p>SHAMPOING POUR VOITURE AVEC CIRE<\/p>\n<p>TR\u00c8S EFFICACE, \u00c9LIMINE EFFICACEMENT LA SALET\u00c9<\/p>\n<p>TR\u00c8S EFFICACE, EFFICACEMENT<\/p>\n<p>\u00c9LIMINE LA SALET\u00c9<\/p>","protected":false},"excerpt":{"rendered":"<p>SHAMPOING POUR VOITURE AVEC CIRE TR\u00c8S EFFICACE, \u00c9LIMINE EFFICACEMENT LA SALET\u00c9 TR\u00c8S EFFICACE, EFFICACEMENT \u00c9LIMINE LA SALET\u00c9<\/p>","protected":false},"featured_media":20940,"comment_status":"open","ping_status":"closed","template":"","meta":[],"product_brand":[],"product_cat":[26],"product_tag":[],"class_list":{"0":"post-20942","1":"product","2":"type-product","3":"status-publish","4":"has-post-thumbnail","6":"product_cat-accessoires-exterieur","8":"first","9":"outofstock","10":"shipping-taxable","11":"purchasable","12":"product-type-simple"},"jetpack_sharing_enabled":true,"_links":{"self":[{"href":"https:\/\/autopdz.com\/ar\/wp-json\/wp\/v2\/product\/20942","targetHints":{"allow":["GET"]}}],"collection":[{"href":"https:\/\/autopdz.com\/ar\/wp-json\/wp\/v2\/product"}],"about":[{"href":"https:\/\/autopdz.com\/ar\/wp-json\/wp\/v2\/types\/product"}],"replies":[{"embeddable":true,"href":"https:\/\/autopdz.com\/ar\/wp-json\/wp\/v2\/comments?post=20942"}],"wp:featuredmedia":[{"embeddable":true,"href":"https:\/\/autopdz.com\/ar\/wp-json\/wp\/v2\/media\/20940"}],"wp:attachment":[{"href":"https:\/\/autopdz.com\/ar\/wp-json\/wp\/v2\/media?parent=20942"}],"wp:term":[{"taxonomy":"product_brand","embeddable":true,"href":"https:\/\/autopdz.com\/ar\/wp-json\/wp\/v2\/product_brand?post=20942"},{"taxonomy":"product_cat","embeddable":true,"href":"https:\/\/autopdz.com\/ar\/wp-json\/wp\/v2\/product_cat?post=20942"},{"taxonomy":"product_tag","embeddable":true,"href":"https:\/\/autopdz.com\/ar\/wp-json\/wp\/v2\/product_tag?post=20942"}],"curies":[{"name":"wp","href":"https:\/\/api.w.org\/{rel}","templated":true}]}}