{"id":2107,"date":"2024-05-15T12:34:20","date_gmt":"2024-05-15T11:34:20","guid":{"rendered":"https:\/\/autopdz.com\/product\/desodorisant-solaire-decoration-de-voiture\/"},"modified":"2025-04-09T14:39:15","modified_gmt":"2025-04-09T13:39:15","slug":"desodorisant-solaire-decoration-de-voiture","status":"publish","type":"product","link":"https:\/\/autopdz.com\/ar\/product\/desodorisant-solaire-decoration-de-voiture\/","title":{"rendered":"D\u00e9sodorisant solaire d\u00e9coration de voiture"},"content":{"rendered":"<p>Caract\u00e9ristiques:<br \/>\nNom du produit: ornements de diffuseur de parfum rotatif \u00e0 360 \u00b0 \u00e0 \u00e9nergie solaire automobile<br \/>\nMat\u00e9riau du produit: placage de plastique ABS<br \/>\nCaract\u00e9ristiques sp\u00e9ciales : diffuseur d&rsquo;aromath\u00e9rapie.<br \/>\nMat\u00e9riel : TypeAbs<br \/>\nTypecar : d\u00e9sodorisant<\/p>\n<p>Caract\u00e9ristiques:<br \/>\nUtilisation du produit : laissez l&rsquo;air de la voiture jouer un nouveau r\u00f4le<br \/>\nCaract\u00e9ristiques du produit : parfum continu, rotation rapide du soleil, belle apparence.<br \/>\nM\u00e9thode d&rsquo;installation : Installer dans la position de fort ensoleillement<br \/>\nFonction du produit : anti-moustique, rafra\u00eechissant, st\u00e9rilisation, air frais, en plus des odeurs, des ar\u00f4mes, de la d\u00e9coration.<\/p>\n<p>Le paquet contient :<br \/>\n1 * parfum de voiture + comprim\u00e9s fum\u00e9s parfum\u00e9s<br \/>\nou 1*Comprim\u00e9s fum\u00e9s parfum\u00e9s<\/p>","protected":false},"excerpt":{"rendered":"<p>Caract\u00e9ristiques: Nom du produit: ornements de diffuseur de parfum rotatif \u00e0 360 \u00b0 \u00e0 \u00e9nergie solaire automobile Mat\u00e9riau du produit: placage de plastique ABS Caract\u00e9ristiques sp\u00e9ciales : diffuseur d&rsquo;aromath\u00e9rapie. Mat\u00e9riel : TypeAbs Typecar : d\u00e9sodorisant Caract\u00e9ristiques: Utilisation du produit : laissez l&rsquo;air de la voiture jouer un nouveau r\u00f4le Caract\u00e9ristiques du produit : parfum continu, [&hellip;]<\/p>","protected":false},"featured_media":2105,"comment_status":"open","ping_status":"closed","template":"","meta":[],"product_brand":[],"product_cat":[15],"product_tag":[],"class_list":{"0":"post-2107","1":"product","2":"type-product","3":"status-publish","4":"has-post-thumbnail","6":"product_cat-divers","8":"first","9":"outofstock","10":"shipping-taxable","11":"purchasable","12":"product-type-variable"},"jetpack_sharing_enabled":true,"_links":{"self":[{"href":"https:\/\/autopdz.com\/ar\/wp-json\/wp\/v2\/product\/2107","targetHints":{"allow":["GET"]}}],"collection":[{"href":"https:\/\/autopdz.com\/ar\/wp-json\/wp\/v2\/product"}],"about":[{"href":"https:\/\/autopdz.com\/ar\/wp-json\/wp\/v2\/types\/product"}],"replies":[{"embeddable":true,"href":"https:\/\/autopdz.com\/ar\/wp-json\/wp\/v2\/comments?post=2107"}],"wp:featuredmedia":[{"embeddable":true,"href":"https:\/\/autopdz.com\/ar\/wp-json\/wp\/v2\/media\/2105"}],"wp:attachment":[{"href":"https:\/\/autopdz.com\/ar\/wp-json\/wp\/v2\/media?parent=2107"}],"wp:term":[{"taxonomy":"product_brand","embeddable":true,"href":"https:\/\/autopdz.com\/ar\/wp-json\/wp\/v2\/product_brand?post=2107"},{"taxonomy":"product_cat","embeddable":true,"href":"https:\/\/autopdz.com\/ar\/wp-json\/wp\/v2\/product_cat?post=2107"},{"taxonomy":"product_tag","embeddable":true,"href":"https:\/\/autopdz.com\/ar\/wp-json\/wp\/v2\/product_tag?post=2107"}],"curies":[{"name":"wp","href":"https:\/\/api.w.org\/{rel}","templated":true}]}}