{"id":2129,"date":"2024-05-16T19:27:24","date_gmt":"2024-05-16T18:27:24","guid":{"rendered":"https:\/\/autopdz.com\/?post_type=product&#038;p=2129"},"modified":"2025-08-12T09:09:01","modified_gmt":"2025-08-12T08:09:01","slug":"compresseur-dair-12v-pompe-gonflable-electrique","status":"publish","type":"product","link":"https:\/\/autopdz.com\/ar\/product\/compresseur-dair-12v-pompe-gonflable-electrique\/","title":{"rendered":"Compresseur d\u2019air 12V pompe gonflable \u00e9lectrique"},"content":{"rendered":"<div class=\"product-tabs-wrapper\">\n<div class=\"container\">\n<div class=\"row\">\n<div class=\"col-12 poduct-tabs-inner\">\n<div class=\"woocommerce-tabs wc-tabs-wrapper tabs-layout-tabs\" data-state=\"first\" data-layout=\"tabs\">\n<div class=\"wd-accordion-item\">\n<div id=\"tab-description\" class=\"entry-content woocommerce-Tabs-panel woocommerce-Tabs-panel--description wd-active panel wc-tab\" role=\"tabpanel\" aria-labelledby=\"tab-title-description\" data-accordion-index=\"description\">\n<div class=\"wc-tab-inner\">\n<p class=\"paragraph___25Ts9\">Comment utiliser: Retirez la fiche de lumi\u00e8re de cigarette et ins\u00e9rer directement dans l\u2019allume-cigare de voiture. Allumez l\u2019interrupteur de la pompe \u00e0 air. Apr\u00e8s le d\u00e9marrage de la pompe \u00e0 air, ins\u00e9rez la buse d\u2019air sur le dessus du tuyau d\u2019air directement dans la soupape du pneu pour entendre le bruit de l\u2019air qui s\u2019\u00e9chappe du pneu. \u00c0 l\u2019\u00e9poque, cela signifie que l\u2019air a d\u00e9j\u00e0 circul\u00e9, et la buse peut \u00eatre serr\u00e9e pour gonfler, et l\u2019air n\u2019est plus d\u00e9charg\u00e9.<\/p>\n<p class=\"paragraph___25Ts9\">Lors du gonflage, le pointeur du compteur augmente avec le degr\u00e9 de saturation des pneus. Quand l\u2019aiguille atteint la pression de gonflage appropri\u00e9e (la pression du pneu voiture est 223kpa = 35 lb\/po2), la fiche et la buse sont sortis, et les travaux sont termin\u00e9s. S\u2019il vous pla\u00eet utiliser l\u2019aiguille ball professionnel et l\u2019embout de cette machine se pour connecter avec la buse d\u2019air pour gonfler le ballon et autres \u00e9quipements exigeants en air.<\/p>\n<p class=\"paragraph___25Ts9\">Champ d\u2019application: Cette machine convient \u00e0 l\u2019inflation des pneus pour voitures, v\u00e9los, balles, etc., et dispose d\u2019un large \u00e9ventail d\u2019applications. Dans l\u2019autoroute, \u00e0 l\u2019\u00e9tat sauvage, ou n\u2019importe o\u00f9, les pneus de voiture soudainement fui, et plus en mesure de jouer sa fonction d\u2019urgence. Toujours pr\u00e9parer un, plac\u00e9 dans le coffre de la voiture, ne prend pas de place. Les pneus de voiture maintiennent la pression correcte de pneu \u00e0 tout moment, \u00e9conomisant l\u2019essence, prot\u00e9geant des pneus, et assurant la conduite s\u00fbre.<\/p>\n<\/div>\n<\/div>\n<\/div>\n<div class=\"wd-accordion-item\"><\/div>\n<\/div>\n<\/div>\n<\/div>\n<\/div>\n<\/div>\n<div class=\"container related-and-upsells\">\n<div class=\"related-products\"><\/div>\n<\/div>","protected":false},"excerpt":{"rendered":"<p>Comment utiliser: Retirez la fiche de lumi\u00e8re de cigarette et ins\u00e9rer directement dans l\u2019allume-cigare de voiture. Allumez l\u2019interrupteur de la pompe \u00e0 air. Apr\u00e8s le d\u00e9marrage de la pompe \u00e0 air, ins\u00e9rez la buse d\u2019air sur le dessus du tuyau d\u2019air directement dans la soupape du pneu pour entendre le bruit de l\u2019air qui s\u2019\u00e9chappe [&hellip;]<\/p>","protected":false},"featured_media":2132,"comment_status":"open","ping_status":"closed","template":"","meta":[],"product_brand":[],"product_cat":[15],"product_tag":[],"class_list":{"0":"post-2129","1":"product","2":"type-product","3":"status-publish","4":"has-post-thumbnail","6":"product_cat-divers","8":"first","9":"outofstock","10":"shipping-taxable","11":"purchasable","12":"product-type-simple"},"jetpack_sharing_enabled":true,"_links":{"self":[{"href":"https:\/\/autopdz.com\/ar\/wp-json\/wp\/v2\/product\/2129","targetHints":{"allow":["GET"]}}],"collection":[{"href":"https:\/\/autopdz.com\/ar\/wp-json\/wp\/v2\/product"}],"about":[{"href":"https:\/\/autopdz.com\/ar\/wp-json\/wp\/v2\/types\/product"}],"replies":[{"embeddable":true,"href":"https:\/\/autopdz.com\/ar\/wp-json\/wp\/v2\/comments?post=2129"}],"wp:featuredmedia":[{"embeddable":true,"href":"https:\/\/autopdz.com\/ar\/wp-json\/wp\/v2\/media\/2132"}],"wp:attachment":[{"href":"https:\/\/autopdz.com\/ar\/wp-json\/wp\/v2\/media?parent=2129"}],"wp:term":[{"taxonomy":"product_brand","embeddable":true,"href":"https:\/\/autopdz.com\/ar\/wp-json\/wp\/v2\/product_brand?post=2129"},{"taxonomy":"product_cat","embeddable":true,"href":"https:\/\/autopdz.com\/ar\/wp-json\/wp\/v2\/product_cat?post=2129"},{"taxonomy":"product_tag","embeddable":true,"href":"https:\/\/autopdz.com\/ar\/wp-json\/wp\/v2\/product_tag?post=2129"}],"curies":[{"name":"wp","href":"https:\/\/api.w.org\/{rel}","templated":true}]}}