{"id":2133,"date":"2024-05-16T19:43:07","date_gmt":"2024-05-16T18:43:07","guid":{"rendered":"https:\/\/autopdz.com\/?post_type=product&#038;p=2133"},"modified":"2026-02-10T12:40:49","modified_gmt":"2026-02-10T11:40:49","slug":"toit-ouvrant-plafond-en-perflex-decor","status":"publish","type":"product","link":"https:\/\/autopdz.com\/ar\/product\/toit-ouvrant-plafond-en-perflex-decor\/","title":{"rendered":"Toit ouvrant plafond en perflex d\u00e9cor"},"content":{"rendered":"<div>Toit ouvrant plafond d\u00e9cor pour voiture .<\/div>\n<div>Donne un look tr\u00e8s chic et sport \u00e0 votre v\u00e9hicule.<\/div>\n<div>Dimension  :81.5cm x 49.5 cm x 4 cm<\/div>\n<div><img decoding=\"async\" src=\"https:\/\/cdn.shopify.com\/s\/files\/1\/2772\/8154\/files\/50843496_388163315318289_1966072059142340608_n_large.jpg?v=1548607213\" alt=\"\"><\/div>\n<div>Matiere : Perflex<\/div>","protected":false},"excerpt":{"rendered":"<p>Toit ouvrant plafond d\u00e9cor pour voiture . Donne un look tr\u00e8s chic et sport \u00e0 votre v\u00e9hicule. Dimension :81.5cm x 49.5 cm x 4 cm Matiere : Perflex<\/p>","protected":false},"featured_media":2135,"comment_status":"open","ping_status":"closed","template":"","meta":[],"product_brand":[],"product_cat":[26],"product_tag":[],"class_list":{"0":"post-2133","1":"product","2":"type-product","3":"status-publish","4":"has-post-thumbnail","6":"product_cat-accessoires-exterieur","8":"first","9":"instock","10":"shipping-taxable","11":"purchasable","12":"product-type-simple"},"jetpack_sharing_enabled":true,"_links":{"self":[{"href":"https:\/\/autopdz.com\/ar\/wp-json\/wp\/v2\/product\/2133","targetHints":{"allow":["GET"]}}],"collection":[{"href":"https:\/\/autopdz.com\/ar\/wp-json\/wp\/v2\/product"}],"about":[{"href":"https:\/\/autopdz.com\/ar\/wp-json\/wp\/v2\/types\/product"}],"replies":[{"embeddable":true,"href":"https:\/\/autopdz.com\/ar\/wp-json\/wp\/v2\/comments?post=2133"}],"wp:featuredmedia":[{"embeddable":true,"href":"https:\/\/autopdz.com\/ar\/wp-json\/wp\/v2\/media\/2135"}],"wp:attachment":[{"href":"https:\/\/autopdz.com\/ar\/wp-json\/wp\/v2\/media?parent=2133"}],"wp:term":[{"taxonomy":"product_brand","embeddable":true,"href":"https:\/\/autopdz.com\/ar\/wp-json\/wp\/v2\/product_brand?post=2133"},{"taxonomy":"product_cat","embeddable":true,"href":"https:\/\/autopdz.com\/ar\/wp-json\/wp\/v2\/product_cat?post=2133"},{"taxonomy":"product_tag","embeddable":true,"href":"https:\/\/autopdz.com\/ar\/wp-json\/wp\/v2\/product_tag?post=2133"}],"curies":[{"name":"wp","href":"https:\/\/api.w.org\/{rel}","templated":true}]}}