{"id":21399,"date":"2025-08-23T14:10:04","date_gmt":"2025-08-23T13:10:04","guid":{"rendered":"https:\/\/autopdz.com\/product\/chargeur-fast-de-voiture-4-en-1-cable-retractable-66w\/"},"modified":"2025-10-15T13:21:13","modified_gmt":"2025-10-15T12:21:13","slug":"chargeur-fast-de-voiture-4-en-1-cable-retractable-66w","status":"publish","type":"product","link":"https:\/\/autopdz.com\/ar\/product\/chargeur-fast-de-voiture-4-en-1-cable-retractable-66w\/","title":{"rendered":"Chargeur Fast de voiture 4 en 1 c\u00e2ble r\u00e9tractable 66W"},"content":{"rendered":"<p>Taille du produit : 139 x 65 x 34,5 mm<\/p>\n<p>Sortie iPhone : 5 V\/2,4 A<\/p>\n<p>Mat\u00e9riau du produit : ABS + PC<\/p>\n<p>Sortie USB : 5 V\/2,4 A<\/p>\n<p>Puissance du produit : Max 66 W<\/p>\n<p>Sortie Type-C : Prend en charge la charge ultra-rapide (Max 66 W)<\/p>\n<p>Longueur de la ligne de traction : 800 mm<\/p>\n<p>MOD\u00c8LES : C1<\/p>\n<p>Tension d&rsquo;entr\u00e9e : 12-24 V<\/p>\n<p>Sortie USB-C : 5 V\/3 A<\/p>\n<p>CHARGEUR DE VOYAGE<\/p>\n<p>INTELLIGENT<\/p>\n<p>Il convient au chargement de produits \u00e9lectroniques tels que les smartphones, les appareils photo num\u00e9riques, les GPS, les MP3, les MP4 et les tablettes<\/p>\n<p>C\u00e2ble de charge t\u00e9lescopique<\/p>\n<p>Fusible int\u00e9gr\u00e9<\/p>\n<p>Protection contre les surintensit\u00e9s et les courts-circuits<\/p>\n<p>Peut charger deux t\u00e9l\u00e9phones portables en m\u00eame temps<\/p>","protected":false},"excerpt":{"rendered":"<p>Taille du produit : 139 x 65 x 34,5 mm Sortie iPhone : 5 V\/2,4 A Mat\u00e9riau du produit : ABS + PC Sortie USB : 5 V\/2,4 A Puissance du produit : Max 66 W Sortie Type-C : Prend en charge la charge ultra-rapide (Max 66 W) Longueur de la ligne de traction : [&hellip;]<\/p>","protected":false},"featured_media":21393,"comment_status":"open","ping_status":"closed","template":"","meta":[],"product_brand":[],"product_cat":[24],"product_tag":[],"class_list":{"0":"post-21399","1":"product","2":"type-product","3":"status-publish","4":"has-post-thumbnail","6":"product_cat-accessoires-interieur","8":"first","9":"instock","10":"shipping-taxable","11":"purchasable","12":"product-type-simple"},"jetpack_sharing_enabled":true,"_links":{"self":[{"href":"https:\/\/autopdz.com\/ar\/wp-json\/wp\/v2\/product\/21399","targetHints":{"allow":["GET"]}}],"collection":[{"href":"https:\/\/autopdz.com\/ar\/wp-json\/wp\/v2\/product"}],"about":[{"href":"https:\/\/autopdz.com\/ar\/wp-json\/wp\/v2\/types\/product"}],"replies":[{"embeddable":true,"href":"https:\/\/autopdz.com\/ar\/wp-json\/wp\/v2\/comments?post=21399"}],"wp:featuredmedia":[{"embeddable":true,"href":"https:\/\/autopdz.com\/ar\/wp-json\/wp\/v2\/media\/21393"}],"wp:attachment":[{"href":"https:\/\/autopdz.com\/ar\/wp-json\/wp\/v2\/media?parent=21399"}],"wp:term":[{"taxonomy":"product_brand","embeddable":true,"href":"https:\/\/autopdz.com\/ar\/wp-json\/wp\/v2\/product_brand?post=21399"},{"taxonomy":"product_cat","embeddable":true,"href":"https:\/\/autopdz.com\/ar\/wp-json\/wp\/v2\/product_cat?post=21399"},{"taxonomy":"product_tag","embeddable":true,"href":"https:\/\/autopdz.com\/ar\/wp-json\/wp\/v2\/product_tag?post=21399"}],"curies":[{"name":"wp","href":"https:\/\/api.w.org\/{rel}","templated":true}]}}