{"id":21520,"date":"2025-08-24T14:27:32","date_gmt":"2025-08-24T13:27:32","guid":{"rendered":"https:\/\/autopdz.com\/product\/poste-bluetooth-mp3-ecran-lcd\/"},"modified":"2025-08-24T14:28:02","modified_gmt":"2025-08-24T13:28:02","slug":"poste-bluetooth-mp3-ecran-lcd","status":"publish","type":"product","link":"https:\/\/autopdz.com\/ar\/product\/poste-bluetooth-mp3-ecran-lcd\/","title":{"rendered":"Poste Bluetooth Mp3 \u00c9cran LCD"},"content":{"rendered":"<p>Caract\u00e9ristiques :<\/p>\n<p>Puissance de sortie du canal : 50 W<\/p>\n<p>Prise en charge Bluetooth : Oui<\/p>\n<p>Sortie lin\u00e9aire RCA 4 canaux : Oui<\/p>\n<p>Emplacement : USB, carte SD\/TF<\/p>\n<p>Entr\u00e9e audio en fa\u00e7ade (auxiliaire) : Oui<\/p>\n<p>Tuner \u00e0 distance : Oui<\/p>\n<p>\u00c9galiseur : Oui<\/p>\n<p>Nombre d&rsquo;\u00e9galiseurs : 4<\/p>\n<p>Prise en charge RDS : Oui<\/p>\n<p>Refroidissement par radiateur : Oui<\/p>\n<p>Calculate USB, aux, microSD,<\/p>\n<p>Radio FM, Bluetooth.<\/p>\n<p>Mode Cloud\/muet<\/p>","protected":false},"excerpt":{"rendered":"<p>Caract\u00e9ristiques : Puissance de sortie du canal : 50 W Prise en charge Bluetooth : Oui Sortie lin\u00e9aire RCA 4 canaux : Oui Emplacement : USB, carte SD\/TF Entr\u00e9e audio en fa\u00e7ade (auxiliaire) : Oui Tuner \u00e0 distance : Oui \u00c9galiseur : Oui Nombre d&rsquo;\u00e9galiseurs : 4 Prise en charge RDS : Oui Refroidissement par [&hellip;]<\/p>","protected":false},"featured_media":21516,"comment_status":"open","ping_status":"closed","template":"","meta":[],"product_brand":[],"product_cat":[24],"product_tag":[],"class_list":{"0":"post-21520","1":"product","2":"type-product","3":"status-publish","4":"has-post-thumbnail","6":"product_cat-accessoires-interieur","8":"first","9":"instock","10":"shipping-taxable","11":"purchasable","12":"product-type-simple"},"jetpack_sharing_enabled":true,"_links":{"self":[{"href":"https:\/\/autopdz.com\/ar\/wp-json\/wp\/v2\/product\/21520","targetHints":{"allow":["GET"]}}],"collection":[{"href":"https:\/\/autopdz.com\/ar\/wp-json\/wp\/v2\/product"}],"about":[{"href":"https:\/\/autopdz.com\/ar\/wp-json\/wp\/v2\/types\/product"}],"replies":[{"embeddable":true,"href":"https:\/\/autopdz.com\/ar\/wp-json\/wp\/v2\/comments?post=21520"}],"wp:featuredmedia":[{"embeddable":true,"href":"https:\/\/autopdz.com\/ar\/wp-json\/wp\/v2\/media\/21516"}],"wp:attachment":[{"href":"https:\/\/autopdz.com\/ar\/wp-json\/wp\/v2\/media?parent=21520"}],"wp:term":[{"taxonomy":"product_brand","embeddable":true,"href":"https:\/\/autopdz.com\/ar\/wp-json\/wp\/v2\/product_brand?post=21520"},{"taxonomy":"product_cat","embeddable":true,"href":"https:\/\/autopdz.com\/ar\/wp-json\/wp\/v2\/product_cat?post=21520"},{"taxonomy":"product_tag","embeddable":true,"href":"https:\/\/autopdz.com\/ar\/wp-json\/wp\/v2\/product_tag?post=21520"}],"curies":[{"name":"wp","href":"https:\/\/api.w.org\/{rel}","templated":true}]}}