{"id":2179,"date":"2024-05-19T19:03:01","date_gmt":"2024-05-19T18:03:01","guid":{"rendered":"https:\/\/autopdz.com\/?post_type=product&#038;p=2179"},"modified":"2025-06-20T19:22:39","modified_gmt":"2025-06-20T18:22:39","slug":"flamingo-nettoyant-mousse-lifting-auto-maison-chiffon-offert","status":"publish","type":"product","link":"https:\/\/autopdz.com\/ar\/product\/flamingo-nettoyant-mousse-lifting-auto-maison-chiffon-offert\/","title":{"rendered":"Flamingo Nettoyant Mousse &#8211; Lifting Auto\/Maison 650ml"},"content":{"rendered":"<div class=\"card aim -mtm\">\n<div class=\"markup -mhm -pvl -oxa -sc\">La\u00a0<b>mousse<\/b> nettoie les surfaces des taches. Pas besoin d&rsquo;utiliser de l&rsquo;eau. Cette mousse peut \u00e9liminer les taches en 5 minutes. Usage multiple. Elle peut \u00eatre utilis\u00e9e dans la voiture, dans la cuisine, la salle de bain et au bureau. Elle est inoffensive pour votre peau. Elle peut nettoyer le cuir, le bois, le verre, le plastique, le tissu &#8230; etc<\/div>\n<\/div>\n<section class=\"card aim -mtm -fs16\">\n<header class=\"-pvs -bb\"><\/header>\n<\/section>","protected":false},"excerpt":{"rendered":"<p>La\u00a0mousse nettoie les surfaces des taches. Pas besoin d&rsquo;utiliser de l&rsquo;eau. Cette mousse peut \u00e9liminer les taches en 5 minutes. Usage multiple. Elle peut \u00eatre utilis\u00e9e dans la voiture, dans la cuisine, la salle de bain et au bureau. Elle est inoffensive pour votre peau. Elle peut nettoyer le cuir, le bois, le verre, le [&hellip;]<\/p>","protected":false},"featured_media":3635,"comment_status":"open","ping_status":"closed","template":"","meta":[],"product_brand":[],"product_cat":[24],"product_tag":[],"class_list":{"0":"post-2179","1":"product","2":"type-product","3":"status-publish","4":"has-post-thumbnail","6":"product_cat-accessoires-interieur","8":"first","9":"instock","10":"sale","11":"shipping-taxable","12":"purchasable","13":"product-type-simple"},"jetpack_sharing_enabled":true,"_links":{"self":[{"href":"https:\/\/autopdz.com\/ar\/wp-json\/wp\/v2\/product\/2179","targetHints":{"allow":["GET"]}}],"collection":[{"href":"https:\/\/autopdz.com\/ar\/wp-json\/wp\/v2\/product"}],"about":[{"href":"https:\/\/autopdz.com\/ar\/wp-json\/wp\/v2\/types\/product"}],"replies":[{"embeddable":true,"href":"https:\/\/autopdz.com\/ar\/wp-json\/wp\/v2\/comments?post=2179"}],"wp:featuredmedia":[{"embeddable":true,"href":"https:\/\/autopdz.com\/ar\/wp-json\/wp\/v2\/media\/3635"}],"wp:attachment":[{"href":"https:\/\/autopdz.com\/ar\/wp-json\/wp\/v2\/media?parent=2179"}],"wp:term":[{"taxonomy":"product_brand","embeddable":true,"href":"https:\/\/autopdz.com\/ar\/wp-json\/wp\/v2\/product_brand?post=2179"},{"taxonomy":"product_cat","embeddable":true,"href":"https:\/\/autopdz.com\/ar\/wp-json\/wp\/v2\/product_cat?post=2179"},{"taxonomy":"product_tag","embeddable":true,"href":"https:\/\/autopdz.com\/ar\/wp-json\/wp\/v2\/product_tag?post=2179"}],"curies":[{"name":"wp","href":"https:\/\/api.w.org\/{rel}","templated":true}]}}