{"id":21812,"date":"2025-08-27T15:42:03","date_gmt":"2025-08-27T14:42:03","guid":{"rendered":"https:\/\/autopdz.com\/product\/chargeur-de-batterie-12v-10a\/"},"modified":"2025-08-27T15:42:03","modified_gmt":"2025-08-27T14:42:03","slug":"chargeur-de-batterie-12v-10a","status":"publish","type":"product","link":"https:\/\/autopdz.com\/ar\/product\/chargeur-de-batterie-12v-10a\/","title":{"rendered":"Chargeur De Batterie 12V 10A"},"content":{"rendered":"<p>sp\u00e9cification:<\/p>\n<p>Tension d&rsquo;entr\u00e9e : 110-240 V CA, 50-60 Hz<\/p>\n<p>Puissance de sortie nominale : 14,6 10 A, 12 V 10 A<\/p>\n<p>Puissance : 150 W<\/p>\n<p>Multimode : Voiture\/Moto\/AGM\/GEL\/Plomb-acide<\/p>\n<p>Mode: \u00e9t\u00e9\/hiver<\/p>\n<p>Affichage : Tension, Courant, Temp\u00e9rature, R\u00e9paration, Termin\u00e9, Invers\u00e9<\/p>\n<p>APPUYEZ POUR CHANGER DE TYPE DE BATTERIE, LE COURANT AUGMENTE PROGRESSIVEMENT, LE COURANT MAXIMUM DE 12 V EST DE 10 A.<\/p>\n<p>APPUYEZ ET MAINTENEZ APPUY\u00c9 PENDANT 5 SECONDES POUR R\u00c9PARER L&rsquo;IMPULSION. APR\u00c8S AVOIR ACC\u00c9D\u00c9 AU MODE IMPULSION, CHAQUE APPUYEMENT AUGMENTE LE TEMPS DE R\u00c9PARATION D&rsquo;UNE HEURE.<\/p>\n<p>APPUYEZ LONGTEMPS POUR TERMINER LA R\u00c9PARATION DE L&rsquo;IMPULSION<\/p>\n<p>LES MODES DE FONCTIONNEMENT DE L&rsquo;AFFICHAGE SONT LES SUIVANTS :<\/p>\n<p>(\u00b0C, V, A.H, \u00c9T\u00c9, HIVER, CONNEXION INVERSE, R\u00c9PARATION, CHAQUE \u00c9TAT S&rsquo;AFFICHE NORMALEMENT EN FONCTION DE L&rsquo;\u00c9TAT DU SYST\u00c8ME)<\/p>","protected":false},"excerpt":{"rendered":"<p>sp\u00e9cification: Tension d&rsquo;entr\u00e9e : 110-240 V CA, 50-60 Hz Puissance de sortie nominale : 14,6 10 A, 12 V 10 A Puissance : 150 W Multimode : Voiture\/Moto\/AGM\/GEL\/Plomb-acide Mode: \u00e9t\u00e9\/hiver Affichage : Tension, Courant, Temp\u00e9rature, R\u00e9paration, Termin\u00e9, Invers\u00e9 APPUYEZ POUR CHANGER DE TYPE DE BATTERIE, LE COURANT AUGMENTE PROGRESSIVEMENT, LE COURANT MAXIMUM DE 12 V [&hellip;]<\/p>","protected":false},"featured_media":21804,"comment_status":"open","ping_status":"closed","template":"","meta":[],"product_brand":[],"product_cat":[26],"product_tag":[],"class_list":{"0":"post-21812","1":"product","2":"type-product","3":"status-publish","4":"has-post-thumbnail","6":"product_cat-accessoires-exterieur","8":"first","9":"instock","10":"shipping-taxable","11":"purchasable","12":"product-type-simple"},"jetpack_sharing_enabled":true,"_links":{"self":[{"href":"https:\/\/autopdz.com\/ar\/wp-json\/wp\/v2\/product\/21812","targetHints":{"allow":["GET"]}}],"collection":[{"href":"https:\/\/autopdz.com\/ar\/wp-json\/wp\/v2\/product"}],"about":[{"href":"https:\/\/autopdz.com\/ar\/wp-json\/wp\/v2\/types\/product"}],"replies":[{"embeddable":true,"href":"https:\/\/autopdz.com\/ar\/wp-json\/wp\/v2\/comments?post=21812"}],"wp:featuredmedia":[{"embeddable":true,"href":"https:\/\/autopdz.com\/ar\/wp-json\/wp\/v2\/media\/21804"}],"wp:attachment":[{"href":"https:\/\/autopdz.com\/ar\/wp-json\/wp\/v2\/media?parent=21812"}],"wp:term":[{"taxonomy":"product_brand","embeddable":true,"href":"https:\/\/autopdz.com\/ar\/wp-json\/wp\/v2\/product_brand?post=21812"},{"taxonomy":"product_cat","embeddable":true,"href":"https:\/\/autopdz.com\/ar\/wp-json\/wp\/v2\/product_cat?post=21812"},{"taxonomy":"product_tag","embeddable":true,"href":"https:\/\/autopdz.com\/ar\/wp-json\/wp\/v2\/product_tag?post=21812"}],"curies":[{"name":"wp","href":"https:\/\/api.w.org\/{rel}","templated":true}]}}