{"id":2184,"date":"2024-05-19T19:09:08","date_gmt":"2024-05-19T18:09:08","guid":{"rendered":"https:\/\/autopdz.com\/?post_type=product&#038;p=2184"},"modified":"2025-11-12T08:00:38","modified_gmt":"2025-11-12T07:00:38","slug":"generique-tapis-de-sol-auto-universels-5-pieces-noir","status":"publish","type":"product","link":"https:\/\/autopdz.com\/ar\/product\/generique-tapis-de-sol-auto-universels-5-pieces-noir\/","title":{"rendered":"G\u00e9n\u00e9rique Tapis de Sol Auto Universels &#8211; 5 Pi\u00e8ces &#8211; Noir."},"content":{"rendered":"<p>Pour la protection de l&rsquo;int\u00e9rieur de votre voiture, optez pour le tapis de sol auto Universel et standard. Ce tapis en PVC et\u00a0caoutchouc\u00a0est tr\u00e8s r\u00e9sistant et facilement lavable. il\u00a0prot\u00e9geront la moquette d\u2019origine de votre v\u00e9hicule.<\/p>\n<p>Le tapis auto ne glisse pas gr\u00e2ce \u00e0 sa mati\u00e8re\u00a0antid\u00e9rapante.\u00a0 et retient la salet\u00e9 a son int\u00e9rieur\u00a0sans laisser d\u00e9bord\u00e9 gr\u00e2ce\u00a0a la conception de sa surface,\u00a0L&rsquo;aspect noir donnera \u00e0 votre voiture un style classe . jeu de 5 tapis (2 avants + 2 arri\u00e8res+ 1 milieux arri\u00e8re) universels.<br \/>\n<b><br \/>\n<\/b><b>Sp\u00e9cifications :<\/b><b><br \/>\n<\/b><b><br \/>\n<\/b><\/p>\n<ul>\n<li>5 pi\u00e8ces<\/li>\n<li>tapis plat ou cuvette compatible avec toutes les voitures<\/li>\n<li>id\u00e9al pour les grand espaces et les petites voitures<\/li>\n<li>fait en PVC et caoutchouc<\/li>\n<li>prot\u00e9geront la moquette d\u2019origine de votre v\u00e9hicule.<\/li>\n<\/ul>\n<p>&nbsp;<\/p>","protected":false},"excerpt":{"rendered":"<p>Pour la protection de l&rsquo;int\u00e9rieur de votre voiture, optez pour le tapis de sol auto Universel et standard. Ce tapis en PVC et\u00a0caoutchouc\u00a0est tr\u00e8s r\u00e9sistant et facilement lavable. il\u00a0prot\u00e9geront la moquette d\u2019origine de votre v\u00e9hicule. Le tapis auto ne glisse pas gr\u00e2ce \u00e0 sa mati\u00e8re\u00a0antid\u00e9rapante.\u00a0 et retient la salet\u00e9 a son int\u00e9rieur\u00a0sans laisser d\u00e9bord\u00e9 gr\u00e2ce\u00a0a [&hellip;]<\/p>","protected":false},"featured_media":2185,"comment_status":"open","ping_status":"closed","template":"","meta":[],"product_brand":[],"product_cat":[24],"product_tag":[],"class_list":{"0":"post-2184","1":"product","2":"type-product","3":"status-publish","4":"has-post-thumbnail","6":"product_cat-accessoires-interieur","8":"first","9":"instock","10":"sale","11":"shipping-taxable","12":"purchasable","13":"product-type-simple"},"jetpack_sharing_enabled":true,"_links":{"self":[{"href":"https:\/\/autopdz.com\/ar\/wp-json\/wp\/v2\/product\/2184","targetHints":{"allow":["GET"]}}],"collection":[{"href":"https:\/\/autopdz.com\/ar\/wp-json\/wp\/v2\/product"}],"about":[{"href":"https:\/\/autopdz.com\/ar\/wp-json\/wp\/v2\/types\/product"}],"replies":[{"embeddable":true,"href":"https:\/\/autopdz.com\/ar\/wp-json\/wp\/v2\/comments?post=2184"}],"wp:featuredmedia":[{"embeddable":true,"href":"https:\/\/autopdz.com\/ar\/wp-json\/wp\/v2\/media\/2185"}],"wp:attachment":[{"href":"https:\/\/autopdz.com\/ar\/wp-json\/wp\/v2\/media?parent=2184"}],"wp:term":[{"taxonomy":"product_brand","embeddable":true,"href":"https:\/\/autopdz.com\/ar\/wp-json\/wp\/v2\/product_brand?post=2184"},{"taxonomy":"product_cat","embeddable":true,"href":"https:\/\/autopdz.com\/ar\/wp-json\/wp\/v2\/product_cat?post=2184"},{"taxonomy":"product_tag","embeddable":true,"href":"https:\/\/autopdz.com\/ar\/wp-json\/wp\/v2\/product_tag?post=2184"}],"curies":[{"name":"wp","href":"https:\/\/api.w.org\/{rel}","templated":true}]}}