{"id":2186,"date":"2024-05-19T19:17:02","date_gmt":"2024-05-19T18:17:02","guid":{"rendered":"https:\/\/autopdz.com\/?post_type=product&#038;p=2186"},"modified":"2025-08-26T22:35:50","modified_gmt":"2025-08-26T21:35:50","slug":"tapis-3d-5-pieces","status":"publish","type":"product","link":"https:\/\/autopdz.com\/ar\/product\/tapis-3d-5-pieces\/","title":{"rendered":"Tapis 3D 5 Pieces"},"content":{"rendered":"<p><b>tapis<\/b>\u00a0plat compatible avec toutes les voitures id\u00e9al pour les grands espaces et les petites voitures prot\u00e9geront la moquette de votre v\u00e9hicule.Le tapis auto ne glisse pas gr\u00e2ce \u00e0 sa mati\u00e8re antid\u00e9rapante.et retient la salet\u00e9 a son int\u00e9rieur sans laisser d\u00e9bord\u00e9 gr\u00e2ce a la conception de sa surface<\/p>\n<ul style=\"font-weight: 400;\">\n<li>L&rsquo;ensemble de 5 pi\u00e8ces comprend deux tapis avant, deux tapis arri\u00e8re et un tapis suppl\u00e9mentaire.<\/li>\n<li>Tapis en mat\u00e9riaux antid\u00e9rapants de haute qualit\u00e9.<\/li>\n<li>Cela aide beaucoup \u00e0 garder la voiture propre.<\/li>\n<li>Convient \u00e0 toutes les voitures.<\/li>\n<li>Facile \u00e0 retirer et \u00e0 nettoyer<\/li>\n<li>Dimensions du dossier : 46&#215;47 cm.<br \/>\nDimensions du tapis avant : 68&#215;46 cm.<\/li>\n<\/ul>","protected":false},"excerpt":{"rendered":"<p>tapis\u00a0plat compatible avec toutes les voitures id\u00e9al pour les grands espaces et les petites voitures prot\u00e9geront la moquette de votre v\u00e9hicule.Le tapis auto ne glisse pas gr\u00e2ce \u00e0 sa mati\u00e8re antid\u00e9rapante.et retient la salet\u00e9 a son int\u00e9rieur sans laisser d\u00e9bord\u00e9 gr\u00e2ce a la conception de sa surface L&rsquo;ensemble de 5 pi\u00e8ces comprend deux tapis avant, [&hellip;]<\/p>","protected":false},"featured_media":2191,"comment_status":"open","ping_status":"closed","template":"","meta":[],"product_brand":[],"product_cat":[24],"product_tag":[],"class_list":{"0":"post-2186","1":"product","2":"type-product","3":"status-publish","4":"has-post-thumbnail","6":"product_cat-accessoires-interieur","8":"first","9":"instock","10":"shipping-taxable","11":"purchasable","12":"product-type-variable"},"jetpack_sharing_enabled":true,"_links":{"self":[{"href":"https:\/\/autopdz.com\/ar\/wp-json\/wp\/v2\/product\/2186","targetHints":{"allow":["GET"]}}],"collection":[{"href":"https:\/\/autopdz.com\/ar\/wp-json\/wp\/v2\/product"}],"about":[{"href":"https:\/\/autopdz.com\/ar\/wp-json\/wp\/v2\/types\/product"}],"replies":[{"embeddable":true,"href":"https:\/\/autopdz.com\/ar\/wp-json\/wp\/v2\/comments?post=2186"}],"wp:featuredmedia":[{"embeddable":true,"href":"https:\/\/autopdz.com\/ar\/wp-json\/wp\/v2\/media\/2191"}],"wp:attachment":[{"href":"https:\/\/autopdz.com\/ar\/wp-json\/wp\/v2\/media?parent=2186"}],"wp:term":[{"taxonomy":"product_brand","embeddable":true,"href":"https:\/\/autopdz.com\/ar\/wp-json\/wp\/v2\/product_brand?post=2186"},{"taxonomy":"product_cat","embeddable":true,"href":"https:\/\/autopdz.com\/ar\/wp-json\/wp\/v2\/product_cat?post=2186"},{"taxonomy":"product_tag","embeddable":true,"href":"https:\/\/autopdz.com\/ar\/wp-json\/wp\/v2\/product_tag?post=2186"}],"curies":[{"name":"wp","href":"https:\/\/api.w.org\/{rel}","templated":true}]}}