{"id":2208,"date":"2024-05-19T19:37:42","date_gmt":"2024-05-19T18:37:42","guid":{"rendered":"https:\/\/autopdz.com\/?post_type=product&#038;p=2208"},"modified":"2024-06-06T11:22:27","modified_gmt":"2024-06-06T10:22:27","slug":"couvre-boule-de-vitesse-silicone-rond","status":"publish","type":"product","link":"https:\/\/autopdz.com\/ar\/product\/couvre-boule-de-vitesse-silicone-rond\/","title":{"rendered":"Couvre Boule de Vitesse Silicone rond"},"content":{"rendered":"<div class=\"card aim -mtm\">\n<div class=\"markup -mhm -pvl -oxa -sc\">Le<b>\u00a0<\/b>rev\u00eatement\u00a0du pommeau de levier de vitesses risque de s\u2019user facilement en raison des frottements constants lors de la conduite, ou la couleur d\u2019origine du levier de vitesses peut dispara\u00eetre, la coque de pommeau de levier de vitesses est le remplacement parfait pour toutes les personnes en souhaitant une.<br \/>\nle\u00a0<b>couvre<\/b>\u00a0pour pommeau de levier de vitesses\u00a0<b>tendance<\/b>\u00a0est\u00a0<b>fabriqu\u00e9e\u00a0<\/b>\u00e0 partir de\u00a0<b>silicone<\/b>\u00a0doux, con\u00e7u avec une surface antid\u00e9rapante.<br \/>\n<b>Facile<\/b>\u00a0\u00e0 installer\u202f: \u00e9tirez l&rsquo;ouverture tr\u00e8s largement pour passer la coque sur le haut du pommeau et elle glissera avec facilit\u00e9. Elle est facile \u00e0 installer sur votre levier de vitesses, et agr\u00e9able \u00e0 prendre en main.<br \/>\n<b>Prot\u00e8ge\u00a0<\/b>le pommeau de levier de vitesse de votre voiture contre les d\u00e9t\u00e9riorations, les\u00a0<b>rayures<\/b>\u00a0et la\u00a0<b>poussi\u00e8re<\/b><\/div>\n<\/div>\n<section class=\"card aim -mtm -fs16\">\n<div id=\"specifications\" class=\"hook\"><img fetchpriority=\"high\" decoding=\"async\" class=\"alignnone size-medium wp-image-2209\" src=\"https:\/\/autopdz.com\/wp-content\/uploads\/2024\/05\/7-400x400.jpg\" alt=\"\" width=\"400\" height=\"400\" srcset=\"https:\/\/autopdz.com\/wp-content\/uploads\/2024\/05\/7-400x400.jpg 400w, https:\/\/autopdz.com\/wp-content\/uploads\/2024\/05\/7-100x100.jpg 100w, https:\/\/autopdz.com\/wp-content\/uploads\/2024\/05\/7-510x510.jpg 510w, https:\/\/autopdz.com\/wp-content\/uploads\/2024\/05\/7-280x280.jpg 280w, https:\/\/autopdz.com\/wp-content\/uploads\/2024\/05\/7-12x12.jpg 12w, https:\/\/autopdz.com\/wp-content\/uploads\/2024\/05\/7.jpg 680w\" sizes=\"(max-width: 400px) 100vw, 400px\" \/><\/div>\n<header class=\"-pvs -bb\"><\/header>\n<\/section>","protected":false},"excerpt":{"rendered":"<p>Le\u00a0rev\u00eatement\u00a0du pommeau de levier de vitesses risque de s\u2019user facilement en raison des frottements constants lors de la conduite, ou la couleur d\u2019origine du levier de vitesses peut dispara\u00eetre, la coque de pommeau de levier de vitesses est le remplacement parfait pour toutes les personnes en souhaitant une. le\u00a0couvre\u00a0pour pommeau de levier de vitesses\u00a0tendance\u00a0est\u00a0fabriqu\u00e9e\u00a0\u00e0 partir [&hellip;]<\/p>","protected":false},"featured_media":2212,"comment_status":"open","ping_status":"closed","template":"","meta":[],"product_brand":[],"product_cat":[24],"product_tag":[],"class_list":{"0":"post-2208","1":"product","2":"type-product","3":"status-publish","4":"has-post-thumbnail","6":"product_cat-accessoires-interieur","8":"first","9":"instock","10":"shipping-taxable","11":"purchasable","12":"product-type-simple"},"jetpack_sharing_enabled":true,"_links":{"self":[{"href":"https:\/\/autopdz.com\/ar\/wp-json\/wp\/v2\/product\/2208","targetHints":{"allow":["GET"]}}],"collection":[{"href":"https:\/\/autopdz.com\/ar\/wp-json\/wp\/v2\/product"}],"about":[{"href":"https:\/\/autopdz.com\/ar\/wp-json\/wp\/v2\/types\/product"}],"replies":[{"embeddable":true,"href":"https:\/\/autopdz.com\/ar\/wp-json\/wp\/v2\/comments?post=2208"}],"wp:featuredmedia":[{"embeddable":true,"href":"https:\/\/autopdz.com\/ar\/wp-json\/wp\/v2\/media\/2212"}],"wp:attachment":[{"href":"https:\/\/autopdz.com\/ar\/wp-json\/wp\/v2\/media?parent=2208"}],"wp:term":[{"taxonomy":"product_brand","embeddable":true,"href":"https:\/\/autopdz.com\/ar\/wp-json\/wp\/v2\/product_brand?post=2208"},{"taxonomy":"product_cat","embeddable":true,"href":"https:\/\/autopdz.com\/ar\/wp-json\/wp\/v2\/product_cat?post=2208"},{"taxonomy":"product_tag","embeddable":true,"href":"https:\/\/autopdz.com\/ar\/wp-json\/wp\/v2\/product_tag?post=2208"}],"curies":[{"name":"wp","href":"https:\/\/api.w.org\/{rel}","templated":true}]}}