{"id":2213,"date":"2024-05-19T19:39:37","date_gmt":"2024-05-19T18:39:37","guid":{"rendered":"https:\/\/autopdz.com\/?post_type=product&#038;p=2213"},"modified":"2026-04-11T13:39:33","modified_gmt":"2026-04-11T12:39:33","slug":"pommeau-levier-de-vitesse","status":"publish","type":"product","link":"https:\/\/autopdz.com\/ar\/product\/pommeau-levier-de-vitesse\/","title":{"rendered":"Pommeau levier de vitesse renault"},"content":{"rendered":"<div class=\"card aim -mtm\">\n<div class=\"markup -mhm -pvl -oxa -sc\">Mat\u00e9riaux de qualit\u00e9, aspect \u00e9l\u00e9gant et styl\u00e9.\u00a0Prise en main confortable et installation facile. Abs durable, id\u00e9al pour le r\u00e9glage et le style des voitures, convient \u00e0 la transmission manuelle<br \/>\nPour Clio 3,Clio 4 , Symbol neuv, Megane 2, Megane 3 ,Dacia logan, Dacia duster, MODUS<br \/>\nFin et l&rsquo;ex\u00e9cution exquise, la conception ergonomique humaine pour le confort de votre main.<br \/>\nTout nouveau\u00a0<b>pommeau<\/b>\u00a0de levier de\u00a0<b>vitesse<\/b>, id\u00e9al pour remplacer votre v\u00e9hicule usag\u00e9 ou cass\u00e9<br \/>\nMotif : 5 vitessesArticle de qualit\u00e9 sup\u00e9rieure.Mat\u00e9riaux de qualit\u00e9, aspect \u00e9l\u00e9gant et styl\u00e9.Prise en main confortable et installation facile.Motif : 5 vitesses.Pi\u00e8ce de rechange id\u00e9ale<\/div>\n<\/div>\n<section class=\"card aim -mtm -fs16\">\n<div id=\"specifications\" class=\"hook\"><\/div>\n<header class=\"-pvs -bb\"><\/header>\n<\/section>","protected":false},"excerpt":{"rendered":"<p>Mat\u00e9riaux de qualit\u00e9, aspect \u00e9l\u00e9gant et styl\u00e9.\u00a0Prise en main confortable et installation facile. Abs durable, id\u00e9al pour le r\u00e9glage et le style des voitures, convient \u00e0 la transmission manuelle Pour Clio 3,Clio 4 , Symbol neuv, Megane 2, Megane 3 ,Dacia logan, Dacia duster, MODUS Fin et l&rsquo;ex\u00e9cution exquise, la conception ergonomique humaine pour le [&hellip;]<\/p>","protected":false},"featured_media":2214,"comment_status":"open","ping_status":"closed","template":"","meta":[],"product_brand":[],"product_cat":[15],"product_tag":[],"class_list":{"0":"post-2213","1":"product","2":"type-product","3":"status-publish","4":"has-post-thumbnail","6":"product_cat-divers","8":"first","9":"instock","10":"shipping-taxable","11":"purchasable","12":"product-type-simple"},"jetpack_sharing_enabled":true,"_links":{"self":[{"href":"https:\/\/autopdz.com\/ar\/wp-json\/wp\/v2\/product\/2213","targetHints":{"allow":["GET"]}}],"collection":[{"href":"https:\/\/autopdz.com\/ar\/wp-json\/wp\/v2\/product"}],"about":[{"href":"https:\/\/autopdz.com\/ar\/wp-json\/wp\/v2\/types\/product"}],"replies":[{"embeddable":true,"href":"https:\/\/autopdz.com\/ar\/wp-json\/wp\/v2\/comments?post=2213"}],"wp:featuredmedia":[{"embeddable":true,"href":"https:\/\/autopdz.com\/ar\/wp-json\/wp\/v2\/media\/2214"}],"wp:attachment":[{"href":"https:\/\/autopdz.com\/ar\/wp-json\/wp\/v2\/media?parent=2213"}],"wp:term":[{"taxonomy":"product_brand","embeddable":true,"href":"https:\/\/autopdz.com\/ar\/wp-json\/wp\/v2\/product_brand?post=2213"},{"taxonomy":"product_cat","embeddable":true,"href":"https:\/\/autopdz.com\/ar\/wp-json\/wp\/v2\/product_cat?post=2213"},{"taxonomy":"product_tag","embeddable":true,"href":"https:\/\/autopdz.com\/ar\/wp-json\/wp\/v2\/product_tag?post=2213"}],"curies":[{"name":"wp","href":"https:\/\/api.w.org\/{rel}","templated":true}]}}