{"id":2226,"date":"2024-05-20T12:19:27","date_gmt":"2024-05-20T11:19:27","guid":{"rendered":"https:\/\/autopdz.com\/product\/ferme-vitre-electrique-pour-voiture\/"},"modified":"2025-01-14T12:54:54","modified_gmt":"2025-01-14T11:54:54","slug":"ferme-vitre-electrique-pour-voiture","status":"publish","type":"product","link":"https:\/\/autopdz.com\/ar\/product\/ferme-vitre-electrique-pour-voiture\/","title":{"rendered":"Ferme-vitre \u00e9lectrique pour voiture (2 vitre\/4vitre)"},"content":{"rendered":"<p>Ce produit convient \u00e0 tous les mod\u00e8les d\u2019automobiles avec fen\u00eatres \u00e9l\u00e9vatrices \u00e9lectriques<\/p>\n<p>Type de voiture appropri\u00e9: voiture 12V<\/p>\n<p>Fen\u00eatre d\u2019alimentation automatique universelle de plus pr\u00e8s.<\/p>\n<p>Le temps d\u2019activation de chaque fen\u00eatre dure moins de 8 secondes.<\/p>\n<p>D\u00e9tection automatique de quatre fen\u00eatres.<\/p>\n<p>Fermeture automatique des fen\u00eatres qui ne sont pas correctement ferm\u00e9es.<\/p>\n<p>Facile et pratique \u00e0 utiliser.<\/p>\n<p>Lorsque l\u2019ACC est \u00e9teint, fermez la porte, appuyez sur le bouton d\u2019armement de la t\u00e9l\u00e9commande, la fen\u00eatre sera ferm\u00e9e automatiquement une par une.<\/p>","protected":false},"excerpt":{"rendered":"<p>Ce produit convient \u00e0 tous les mod\u00e8les d\u2019automobiles avec fen\u00eatres \u00e9l\u00e9vatrices \u00e9lectriques Type de voiture appropri\u00e9: voiture 12V Fen\u00eatre d\u2019alimentation automatique universelle de plus pr\u00e8s. Le temps d\u2019activation de chaque fen\u00eatre dure moins de 8 secondes. D\u00e9tection automatique de quatre fen\u00eatres. Fermeture automatique des fen\u00eatres qui ne sont pas correctement ferm\u00e9es. Facile et pratique \u00e0 [&hellip;]<\/p>","protected":false},"featured_media":2223,"comment_status":"open","ping_status":"closed","template":"","meta":[],"product_brand":[],"product_cat":[26,15],"product_tag":[],"class_list":{"0":"post-2226","1":"product","2":"type-product","3":"status-publish","4":"has-post-thumbnail","6":"product_cat-accessoires-exterieur","7":"product_cat-divers","9":"first","10":"instock","11":"shipping-taxable","12":"purchasable","13":"product-type-simple"},"jetpack_sharing_enabled":true,"_links":{"self":[{"href":"https:\/\/autopdz.com\/ar\/wp-json\/wp\/v2\/product\/2226","targetHints":{"allow":["GET"]}}],"collection":[{"href":"https:\/\/autopdz.com\/ar\/wp-json\/wp\/v2\/product"}],"about":[{"href":"https:\/\/autopdz.com\/ar\/wp-json\/wp\/v2\/types\/product"}],"replies":[{"embeddable":true,"href":"https:\/\/autopdz.com\/ar\/wp-json\/wp\/v2\/comments?post=2226"}],"wp:featuredmedia":[{"embeddable":true,"href":"https:\/\/autopdz.com\/ar\/wp-json\/wp\/v2\/media\/2223"}],"wp:attachment":[{"href":"https:\/\/autopdz.com\/ar\/wp-json\/wp\/v2\/media?parent=2226"}],"wp:term":[{"taxonomy":"product_brand","embeddable":true,"href":"https:\/\/autopdz.com\/ar\/wp-json\/wp\/v2\/product_brand?post=2226"},{"taxonomy":"product_cat","embeddable":true,"href":"https:\/\/autopdz.com\/ar\/wp-json\/wp\/v2\/product_cat?post=2226"},{"taxonomy":"product_tag","embeddable":true,"href":"https:\/\/autopdz.com\/ar\/wp-json\/wp\/v2\/product_tag?post=2226"}],"curies":[{"name":"wp","href":"https:\/\/api.w.org\/{rel}","templated":true}]}}