{"id":22305,"date":"2025-09-02T13:24:02","date_gmt":"2025-09-02T12:24:02","guid":{"rendered":"https:\/\/autopdz.com\/product\/testeur-de-peinture-de-surface-voiture\/"},"modified":"2025-09-02T13:24:20","modified_gmt":"2025-09-02T12:24:20","slug":"testeur-de-peinture-de-surface-voiture","status":"publish","type":"product","link":"https:\/\/autopdz.com\/ar\/product\/testeur-de-peinture-de-surface-voiture\/","title":{"rendered":"Testeur de peinture de surface voiture"},"content":{"rendered":"<p>Produit de qualit\u00e9 sup\u00e9rieure.<br \/>\nFait de mat\u00e9riaux de haute qualit\u00e9, durable et pratique.<br \/>\nExquis et exquis, parfaitement assorti \u00e0 l&rsquo;\u00e9quipement d&rsquo;origine.<br \/>\nRobuste et durable, longue dur\u00e9e de vie.<br \/>\nFacile \u00e0 installer et fiable \u00e0 utiliser.<\/p>","protected":false},"excerpt":{"rendered":"<p>Produit de qualit\u00e9 sup\u00e9rieure. Fait de mat\u00e9riaux de haute qualit\u00e9, durable et pratique. Exquis et exquis, parfaitement assorti \u00e0 l&rsquo;\u00e9quipement d&rsquo;origine. Robuste et durable, longue dur\u00e9e de vie. Facile \u00e0 installer et fiable \u00e0 utiliser.<\/p>","protected":false},"featured_media":22301,"comment_status":"open","ping_status":"closed","template":"","meta":[],"product_brand":[],"product_cat":[26],"product_tag":[],"class_list":{"0":"post-22305","1":"product","2":"type-product","3":"status-publish","4":"has-post-thumbnail","6":"product_cat-accessoires-exterieur","8":"first","9":"instock","10":"shipping-taxable","11":"purchasable","12":"product-type-simple"},"jetpack_sharing_enabled":true,"_links":{"self":[{"href":"https:\/\/autopdz.com\/ar\/wp-json\/wp\/v2\/product\/22305","targetHints":{"allow":["GET"]}}],"collection":[{"href":"https:\/\/autopdz.com\/ar\/wp-json\/wp\/v2\/product"}],"about":[{"href":"https:\/\/autopdz.com\/ar\/wp-json\/wp\/v2\/types\/product"}],"replies":[{"embeddable":true,"href":"https:\/\/autopdz.com\/ar\/wp-json\/wp\/v2\/comments?post=22305"}],"wp:featuredmedia":[{"embeddable":true,"href":"https:\/\/autopdz.com\/ar\/wp-json\/wp\/v2\/media\/22301"}],"wp:attachment":[{"href":"https:\/\/autopdz.com\/ar\/wp-json\/wp\/v2\/media?parent=22305"}],"wp:term":[{"taxonomy":"product_brand","embeddable":true,"href":"https:\/\/autopdz.com\/ar\/wp-json\/wp\/v2\/product_brand?post=22305"},{"taxonomy":"product_cat","embeddable":true,"href":"https:\/\/autopdz.com\/ar\/wp-json\/wp\/v2\/product_cat?post=22305"},{"taxonomy":"product_tag","embeddable":true,"href":"https:\/\/autopdz.com\/ar\/wp-json\/wp\/v2\/product_tag?post=22305"}],"curies":[{"name":"wp","href":"https:\/\/api.w.org\/{rel}","templated":true}]}}