{"id":22336,"date":"2025-09-02T14:46:53","date_gmt":"2025-09-02T13:46:53","guid":{"rendered":"https:\/\/autopdz.com\/product\/feu-clignotant-renault-symbol-dacia-logan-sandero\/"},"modified":"2026-03-26T11:40:19","modified_gmt":"2026-03-26T10:40:19","slug":"feu-clignotant-renault-symbol-dacia-logan-sandero","status":"publish","type":"product","link":"https:\/\/autopdz.com\/ar\/product\/feu-clignotant-renault-symbol-dacia-logan-sandero\/","title":{"rendered":"Feu Clignotant Renault Symbol  Dacia Logan Sandero"},"content":{"rendered":"<p>R\u00c9F\u00c9RENCE:<\/p>\n<p>R\u00c9F. : 261600977R\/261653175R<\/p>","protected":false},"excerpt":{"rendered":"<p>R\u00c9F\u00c9RENCE: R\u00c9F. : 261600977R\/261653175R<\/p>","protected":false},"featured_media":22335,"comment_status":"open","ping_status":"closed","template":"","meta":[],"product_brand":[],"product_cat":[26],"product_tag":[],"class_list":{"0":"post-22336","1":"product","2":"type-product","3":"status-publish","4":"has-post-thumbnail","6":"product_cat-accessoires-exterieur","8":"first","9":"instock","10":"shipping-taxable","11":"purchasable","12":"product-type-simple"},"jetpack_sharing_enabled":true,"_links":{"self":[{"href":"https:\/\/autopdz.com\/ar\/wp-json\/wp\/v2\/product\/22336","targetHints":{"allow":["GET"]}}],"collection":[{"href":"https:\/\/autopdz.com\/ar\/wp-json\/wp\/v2\/product"}],"about":[{"href":"https:\/\/autopdz.com\/ar\/wp-json\/wp\/v2\/types\/product"}],"replies":[{"embeddable":true,"href":"https:\/\/autopdz.com\/ar\/wp-json\/wp\/v2\/comments?post=22336"}],"wp:featuredmedia":[{"embeddable":true,"href":"https:\/\/autopdz.com\/ar\/wp-json\/wp\/v2\/media\/22335"}],"wp:attachment":[{"href":"https:\/\/autopdz.com\/ar\/wp-json\/wp\/v2\/media?parent=22336"}],"wp:term":[{"taxonomy":"product_brand","embeddable":true,"href":"https:\/\/autopdz.com\/ar\/wp-json\/wp\/v2\/product_brand?post=22336"},{"taxonomy":"product_cat","embeddable":true,"href":"https:\/\/autopdz.com\/ar\/wp-json\/wp\/v2\/product_cat?post=22336"},{"taxonomy":"product_tag","embeddable":true,"href":"https:\/\/autopdz.com\/ar\/wp-json\/wp\/v2\/product_tag?post=22336"}],"curies":[{"name":"wp","href":"https:\/\/api.w.org\/{rel}","templated":true}]}}