{"id":2237,"date":"2024-05-20T14:31:34","date_gmt":"2024-05-20T13:31:34","guid":{"rendered":"https:\/\/autopdz.com\/?post_type=product&#038;p=2237"},"modified":"2025-12-01T15:26:27","modified_gmt":"2025-12-01T14:26:27","slug":"cache-retroviseur-batman","status":"publish","type":"product","link":"https:\/\/autopdz.com\/ar\/product\/cache-retroviseur-batman\/","title":{"rendered":"Cache r\u00e9troviseur Batman"},"content":{"rendered":"<div id=\"featurebullets_feature_div\" class=\"celwidget\" data-feature-name=\"featurebullets\" data-csa-c-type=\"widget\" data-csa-c-content-id=\"featurebullets\" data-csa-c-slot-id=\"featurebullets_feature_div\" data-csa-c-asin=\"B0CS96T4G5\" data-csa-c-is-in-initial-active-row=\"false\" data-csa-c-id=\"a9pmya-xlbaps-gblh3h-8xk9pz\" data-cel-widget=\"featurebullets_feature_div\">\n<div id=\"feature-bullets\" class=\"a-section a-spacing-medium a-spacing-top-small\">\n<ul class=\"a-unordered-list a-vertical a-spacing-mini\">\n<li class=\"a-spacing-mini\"><span class=\"a-list-item\">Mat\u00e9riau : les coques de r\u00e9troviseur en ABS, durables, prot\u00e8gent la surface du r\u00e9troviseur de votre voiture contre les dommages ext\u00e9rieurs.<\/span><\/li>\n<li class=\"a-spacing-mini\"><span class=\"a-list-item\">Design et apparence : l&rsquo;apparence sobre et le design \u00e9l\u00e9gant du bo\u00eetier du r\u00e9troviseur rendent votre voiture encore plus \u00e9blouissante.<\/span><\/li>\n<li class=\"a-spacing-mini\"><span class=\"a-list-item\">BEAUT\u00c9 ET PROTECTION : La protection de r\u00e9troviseur de voiture prot\u00e8ge efficacement la surface du r\u00e9troviseur de votre voiture contre les rayures et l&rsquo;usure. Cela n&rsquo;endommagera pas votre voiture et n&rsquo;affectera pas l&rsquo;utilisation du r\u00e9troviseur de votre voiture. et am\u00e9liorer l&rsquo;apparence monotone des pi\u00e8ces ext\u00e9rieures.<\/span><\/li>\n<li class=\"a-spacing-mini\"><span class=\"a-list-item\">Si vous avez des questions sur le produit ou des probl\u00e8mes d&rsquo;installation, veuillez nous contacter et nous vous fournirons une bonne solution dans les 24 heures.<\/span><\/li>\n<\/ul>\n<\/div>\n<\/div>\n<div id=\"provenanceCertifications_feature_div\" class=\"celwidget\" data-feature-name=\"provenanceCertifications\" data-csa-c-type=\"widget\" data-csa-c-content-id=\"provenanceCertifications\" data-csa-c-slot-id=\"provenanceCertifications_feature_div\" data-csa-c-asin=\"B0CS96T4G5\" data-csa-c-is-in-initial-active-row=\"false\" data-csa-c-id=\"1tpjy2-85xz7u-iq665u-naeql9\" data-cel-widget=\"provenanceCertifications_feature_div\"><\/div>\n<div id=\"handmadeArtisanCard_feature_div\" class=\"celwidget\" data-feature-name=\"handmadeArtisanCard\" data-csa-c-type=\"widget\" data-csa-c-content-id=\"handmadeArtisanCard\" data-csa-c-slot-id=\"handmadeArtisanCard_feature_div\" data-csa-c-asin=\"B0CS96T4G5\" data-csa-c-is-in-initial-active-row=\"false\" data-csa-c-id=\"x7mea7-mkcrmx-mhvpch-drcn8e\" data-cel-widget=\"handmadeArtisanCard_feature_div\"><\/div>\n<div id=\"customerReviewsAttribute_feature_div\" class=\"celwidget\" data-feature-name=\"customerReviewsAttribute\" data-csa-c-type=\"widget\" data-csa-c-content-id=\"customerReviewsAttribute\" data-csa-c-slot-id=\"customerReviewsAttribute_feature_div\" data-csa-c-asin=\"B0CS96T4G5\" data-csa-c-is-in-initial-active-row=\"false\" data-csa-c-id=\"dop57p-m0huhs-okck0c-28cqma\" data-cel-widget=\"customerReviewsAttribute_feature_div\"><\/div>\n<div id=\"globalStoreInfoBullets_feature_div\" class=\"celwidget\" data-feature-name=\"globalStoreInfoBullets\" data-csa-c-type=\"widget\" data-csa-c-content-id=\"globalStoreInfoBullets\" data-csa-c-slot-id=\"globalStoreInfoBullets_feature_div\" data-csa-c-asin=\"B0CS96T4G5\" data-csa-c-is-in-initial-active-row=\"false\" data-csa-c-id=\"j8azfa-cdx3ut-wlwvg8-t6iqap\" data-cel-widget=\"globalStoreInfoBullets_feature_div\"><\/div>\n<div id=\"addOnItem_feature_div\" class=\"celwidget\" data-feature-name=\"addOnItem\" data-csa-c-type=\"widget\" data-csa-c-content-id=\"addOnItem\" data-csa-c-slot-id=\"addOnItem_feature_div\" data-csa-c-asin=\"B0CS96T4G5\" data-csa-c-is-in-initial-active-row=\"false\" data-csa-c-id=\"ze6se1-7256u8-au1vnp-hhh6v2\" data-cel-widget=\"addOnItem_feature_div\"><\/div>\n<div id=\"andonCord_feature_div\" class=\"celwidget\" data-feature-name=\"andonCord\" data-csa-c-type=\"widget\" data-csa-c-content-id=\"andonCord\" data-csa-c-slot-id=\"andonCord_feature_div\" data-csa-c-asin=\"B0CS96T4G5\" data-csa-c-is-in-initial-active-row=\"false\" data-csa-c-id=\"opvhq9-hb2yby-vgu6gd-quwalc\" data-cel-widget=\"andonCord_feature_div\"><\/div>\n<div id=\"HLCXComparisonJumplink_feature_div\"><\/div>\n<div id=\"buyingOptionNostosBadge_feature_div\" class=\"celwidget\" data-feature-name=\"buyingOptionNostosBadge\" data-csa-c-type=\"widget\" data-csa-c-content-id=\"buyingOptionNostosBadge\" data-csa-c-slot-id=\"buyingOptionNostosBadge_feature_div\" data-csa-c-asin=\"B0CS96T4G5\" data-csa-c-is-in-initial-active-row=\"false\" data-csa-c-id=\"fu814g-o6gstd-ze59lq-cliyuu\" data-cel-widget=\"buyingOptionNostosBadge_feature_div\"><\/div>\n<div id=\"tellAmazon_feature_div\" class=\"celwidget\" data-feature-name=\"tellAmazon\" data-csa-c-type=\"widget\" data-csa-c-content-id=\"tellAmazon\" data-csa-c-slot-id=\"tellAmazon_feature_div\" data-csa-c-asin=\"B0CS96T4G5\" data-csa-c-is-in-initial-active-row=\"false\" data-csa-c-id=\"gichck-4kb7rh-7ytk7l-f7ok1f\" data-cel-widget=\"tellAmazon_feature_div\">\n<div class=\"celwidget c-f\" data-csa-op-log-render=\"\" data-csa-c-content-id=\"DsUnknown\" data-csa-c-slot-id=\"DsUnknown-2\" data-csa-c-type=\"widget\" data-csa-c-painter=\"tell-amazon-desktop-cards\" data-csa-c-id=\"2zljr5-tkxprg-bd0jo3-k0ik17\" data-cel-widget=\"tell-amazon-desktop_DetailPage_1\">\n<div id=\"CardInstancePzJbaDyEbJPNt3fiC9ztdA\" data-card-metrics-id=\"tell-amazon-desktop_DetailPage_1\" data-acp-tracking=\"{}\" data-mix-claimed=\"true\">\n<div class=\"_tell-amazon-desktop_style_tell_amazon_div__1YDZk\" data-asin=\"B0CS96T4G5\" data-marketplace=\"A13V1IB3VIYZZH\" data-logged-in=\"false\"><\/div>\n<\/div>\n<\/div>\n<\/div>","protected":false},"excerpt":{"rendered":"<p>Mat\u00e9riau : les coques de r\u00e9troviseur en ABS, durables, prot\u00e8gent la surface du r\u00e9troviseur de votre voiture contre les dommages ext\u00e9rieurs. Design et apparence : l&rsquo;apparence sobre et le design \u00e9l\u00e9gant du bo\u00eetier du r\u00e9troviseur rendent votre voiture encore plus \u00e9blouissante. BEAUT\u00c9 ET PROTECTION : La protection de r\u00e9troviseur de voiture prot\u00e8ge efficacement la surface [&hellip;]<\/p>","protected":false},"featured_media":2238,"comment_status":"open","ping_status":"closed","template":"","meta":[],"product_brand":[],"product_cat":[26],"product_tag":[],"class_list":{"0":"post-2237","1":"product","2":"type-product","3":"status-publish","4":"has-post-thumbnail","6":"product_cat-accessoires-exterieur","8":"first","9":"instock","10":"shipping-taxable","11":"purchasable","12":"product-type-variable"},"jetpack_sharing_enabled":true,"_links":{"self":[{"href":"https:\/\/autopdz.com\/ar\/wp-json\/wp\/v2\/product\/2237","targetHints":{"allow":["GET"]}}],"collection":[{"href":"https:\/\/autopdz.com\/ar\/wp-json\/wp\/v2\/product"}],"about":[{"href":"https:\/\/autopdz.com\/ar\/wp-json\/wp\/v2\/types\/product"}],"replies":[{"embeddable":true,"href":"https:\/\/autopdz.com\/ar\/wp-json\/wp\/v2\/comments?post=2237"}],"wp:featuredmedia":[{"embeddable":true,"href":"https:\/\/autopdz.com\/ar\/wp-json\/wp\/v2\/media\/2238"}],"wp:attachment":[{"href":"https:\/\/autopdz.com\/ar\/wp-json\/wp\/v2\/media?parent=2237"}],"wp:term":[{"taxonomy":"product_brand","embeddable":true,"href":"https:\/\/autopdz.com\/ar\/wp-json\/wp\/v2\/product_brand?post=2237"},{"taxonomy":"product_cat","embeddable":true,"href":"https:\/\/autopdz.com\/ar\/wp-json\/wp\/v2\/product_cat?post=2237"},{"taxonomy":"product_tag","embeddable":true,"href":"https:\/\/autopdz.com\/ar\/wp-json\/wp\/v2\/product_tag?post=2237"}],"curies":[{"name":"wp","href":"https:\/\/api.w.org\/{rel}","templated":true}]}}