{"id":22459,"date":"2025-09-04T14:58:30","date_gmt":"2025-09-04T13:58:30","guid":{"rendered":"https:\/\/autopdz.com\/product\/manometre-pour-pression-dair-des-pneus-0-60-psi\/"},"modified":"2025-10-21T09:31:51","modified_gmt":"2025-10-21T08:31:51","slug":"manometre-pour-pression-dair-des-pneus-0-60-psi","status":"publish","type":"product","link":"https:\/\/autopdz.com\/ar\/product\/manometre-pour-pression-dair-des-pneus-0-60-psi\/","title":{"rendered":"Manom\u00e8tre pour pression d&rsquo;air des pneus 0-60 psi"},"content":{"rendered":"<p>Mat\u00e9riau : aluminium Couleur : noir + jaune La pression des pneus est importante pour les performances du v\u00e9hicule et la consommation d&rsquo;essence. L&rsquo;utilisation du manom\u00e8tre UNIT est le meilleur moyen de r\u00e9gler la pression de vos pneus. Il est dot\u00e9 d&rsquo;un mandrin d&rsquo;angle pivotant, d&rsquo;un bouton de purge d&rsquo;air, d&rsquo;une protection en caoutchouc, de 2 unit\u00e9s de pression (psi et kg\/cm), d&rsquo;un cadran facile \u00e0 lire. Sa conception compacte le rend facile \u00e0 ranger, \u00e0 transporter et \u00e0 utiliser. Fonction : Manom\u00e8tre pr\u00e9cis de pression d&rsquo;air pour pneus d&rsquo;automobile UNIT 0-60 psi Caract\u00e9ristiques : Grande praticabilit\u00e9 : il peut soit tester la pression des pneus, soit effectuer une purge d&rsquo;air. 2 unit\u00e9s de pression (psi et kg\/cm), un cadran facile \u00e0 lire ; le bouton-poussoir de la valve permet de purger l&rsquo;air \u00e0 la pression de pneu souhait\u00e9e Conception pr\u00e9cise : il a une grande capacit\u00e9 de mesure de pr\u00e9cision Haute durabilit\u00e9 : il est fabriqu\u00e9 en acier inoxydable de haute qualit\u00e9, ne rouille jamais ; entour\u00e9 d&rsquo;un caoutchouc de protection en cas de chute Sauvez votre voiture, sauvez-vous la vie : une pression excessive dans les pneus diminuera la pression de pneu<\/p>\n<p>Dur\u00e9e de vie des pneus et m\u00eame \u00e9clatement des pneus ; une pression d&rsquo;air trop basse augmentera le kilom\u00e9trage et les secousses de la voiture. Portabilit\u00e9 : il a un format de poche, vous pouvez l&#8217;emporter partout. Application :<\/p>\n<p>Il est disponible pour tous les types de v\u00e9hicules \u00e9quip\u00e9s de pneus, comme les automobiles et les motos.<\/p>","protected":false},"excerpt":{"rendered":"<p>Mat\u00e9riau : aluminium Couleur : noir + jaune La pression des pneus est importante pour les performances du v\u00e9hicule et la consommation d&rsquo;essence. L&rsquo;utilisation du manom\u00e8tre UNIT est le meilleur moyen de r\u00e9gler la pression de vos pneus. Il est dot\u00e9 d&rsquo;un mandrin d&rsquo;angle pivotant, d&rsquo;un bouton de purge d&rsquo;air, d&rsquo;une protection en caoutchouc, de [&hellip;]<\/p>","protected":false},"featured_media":22458,"comment_status":"open","ping_status":"closed","template":"","meta":[],"product_brand":[],"product_cat":[26],"product_tag":[],"class_list":{"0":"post-22459","1":"product","2":"type-product","3":"status-publish","4":"has-post-thumbnail","6":"product_cat-accessoires-exterieur","8":"first","9":"outofstock","10":"shipping-taxable","11":"purchasable","12":"product-type-simple"},"jetpack_sharing_enabled":true,"_links":{"self":[{"href":"https:\/\/autopdz.com\/ar\/wp-json\/wp\/v2\/product\/22459","targetHints":{"allow":["GET"]}}],"collection":[{"href":"https:\/\/autopdz.com\/ar\/wp-json\/wp\/v2\/product"}],"about":[{"href":"https:\/\/autopdz.com\/ar\/wp-json\/wp\/v2\/types\/product"}],"replies":[{"embeddable":true,"href":"https:\/\/autopdz.com\/ar\/wp-json\/wp\/v2\/comments?post=22459"}],"wp:featuredmedia":[{"embeddable":true,"href":"https:\/\/autopdz.com\/ar\/wp-json\/wp\/v2\/media\/22458"}],"wp:attachment":[{"href":"https:\/\/autopdz.com\/ar\/wp-json\/wp\/v2\/media?parent=22459"}],"wp:term":[{"taxonomy":"product_brand","embeddable":true,"href":"https:\/\/autopdz.com\/ar\/wp-json\/wp\/v2\/product_brand?post=22459"},{"taxonomy":"product_cat","embeddable":true,"href":"https:\/\/autopdz.com\/ar\/wp-json\/wp\/v2\/product_cat?post=22459"},{"taxonomy":"product_tag","embeddable":true,"href":"https:\/\/autopdz.com\/ar\/wp-json\/wp\/v2\/product_tag?post=22459"}],"curies":[{"name":"wp","href":"https:\/\/api.w.org\/{rel}","templated":true}]}}