{"id":2271,"date":"2024-05-21T14:59:16","date_gmt":"2024-05-21T13:59:16","guid":{"rendered":"https:\/\/autopdz.com\/product\/triangle-panneau-davertissement-led-multifonction\/"},"modified":"2024-05-21T15:09:02","modified_gmt":"2024-05-21T14:09:02","slug":"triangle-panneau-davertissement-led-multifonction","status":"publish","type":"product","link":"https:\/\/autopdz.com\/ar\/product\/triangle-panneau-davertissement-led-multifonction\/","title":{"rendered":"Triangle panneau d&rsquo;avertissement LED multifonction"},"content":{"rendered":"<p>Fiche technique:<br \/>\nLampe de travail portable \u00e0 3 LED COB avec quatre modes: luminosit\u00e9 \u00e9lev\u00e9e et faible, lumi\u00e8re triangulaire rouge et mode flash d\u2019urgence avec 42 LED triangulaires rouges comme triangle d\u2019avertissement en cas d\u2019urgence routi\u00e8re. Le voyant d\u2019avertissement d\u2019urgence triangulaire \u00e0 LED a une poign\u00e9e qui peut \u00eatre tourn\u00e9e \u00e0 180 degr\u00e9s et peut \u00eatre install\u00e9 facilement n\u2019importe o\u00f9.<br \/>\nRechargeable par c\u00e2ble USB et charge solaire:rechargez simplement votre t\u00e9l\u00e9phone portable avec USB \u00e0 tout moment. Ce triangle \u00e9galement servir de banque d\u2019alimentation pour les appareils mobiles en cas d\u2019urgence. Le c\u00e2ble USB permet une charge rapide et pratique de la batteries lithium-ion 2000Ah et peut \u00e9galement \u00eatre utilis\u00e9 de mani\u00e8re r\u00e9versible : rechargement de triangle et rechargement des appareils mobiles<br \/>\nLampe de travail \u00e0 LED super brillante avec COB Technologie, lumens plus grands, meilleure efficacit\u00e9 lumineuse, adapt\u00e9e aux activit\u00e9s int\u00e9rieures et ext\u00e9rieures telles que la r\u00e9paration de voitures, ateliers, chantiers de construction, travail, camping, urgences, voyages, chasse, recherche, etc.<br \/>\nContenant<br \/>\nTriangle de signalisation lumineux.<\/p>","protected":false},"excerpt":{"rendered":"<p>Fiche technique: Lampe de travail portable \u00e0 3 LED COB avec quatre modes: luminosit\u00e9 \u00e9lev\u00e9e et faible, lumi\u00e8re triangulaire rouge et mode flash d\u2019urgence avec 42 LED triangulaires rouges comme triangle d\u2019avertissement en cas d\u2019urgence routi\u00e8re. Le voyant d\u2019avertissement d\u2019urgence triangulaire \u00e0 LED a une poign\u00e9e qui peut \u00eatre tourn\u00e9e \u00e0 180 degr\u00e9s et peut [&hellip;]<\/p>","protected":false},"featured_media":2272,"comment_status":"open","ping_status":"closed","template":"","meta":[],"product_brand":[],"product_cat":[15],"product_tag":[],"class_list":{"0":"post-2271","1":"product","2":"type-product","3":"status-publish","4":"has-post-thumbnail","6":"product_cat-divers","8":"first","9":"instock","10":"shipping-taxable","11":"purchasable","12":"product-type-simple"},"jetpack_sharing_enabled":true,"_links":{"self":[{"href":"https:\/\/autopdz.com\/ar\/wp-json\/wp\/v2\/product\/2271","targetHints":{"allow":["GET"]}}],"collection":[{"href":"https:\/\/autopdz.com\/ar\/wp-json\/wp\/v2\/product"}],"about":[{"href":"https:\/\/autopdz.com\/ar\/wp-json\/wp\/v2\/types\/product"}],"replies":[{"embeddable":true,"href":"https:\/\/autopdz.com\/ar\/wp-json\/wp\/v2\/comments?post=2271"}],"wp:featuredmedia":[{"embeddable":true,"href":"https:\/\/autopdz.com\/ar\/wp-json\/wp\/v2\/media\/2272"}],"wp:attachment":[{"href":"https:\/\/autopdz.com\/ar\/wp-json\/wp\/v2\/media?parent=2271"}],"wp:term":[{"taxonomy":"product_brand","embeddable":true,"href":"https:\/\/autopdz.com\/ar\/wp-json\/wp\/v2\/product_brand?post=2271"},{"taxonomy":"product_cat","embeddable":true,"href":"https:\/\/autopdz.com\/ar\/wp-json\/wp\/v2\/product_cat?post=2271"},{"taxonomy":"product_tag","embeddable":true,"href":"https:\/\/autopdz.com\/ar\/wp-json\/wp\/v2\/product_tag?post=2271"}],"curies":[{"name":"wp","href":"https:\/\/api.w.org\/{rel}","templated":true}]}}